{"id":743,"date":"2024-03-07T13:17:28","date_gmt":"2024-03-07T11:17:28","guid":{"rendered":"https:\/\/blog.edu.turku.fi\/projektit\/?page_id=743"},"modified":"2025-05-26T15:02:19","modified_gmt":"2025-05-26T12:02:19","slug":"laatua-oppimisen-tukeen-taissa","status":"publish","type":"page","link":"https:\/\/blog.edu.turku.fi\/projektit\/laatua-oppimisen-tukeen-taissa\/","title":{"rendered":"Laatua oppimisen tukeen TAI:ssa"},"content":{"rendered":"<p><strong>Yhteyshenkil\u00f6: <\/strong>projektikoordinaattori Matti Lappalainen (etunimi.sukunimi@turku.fi)<br \/>\n<strong>Kuvaus:<\/strong> Turun ammatti-instituutti (TAI) vahvistaa opiskelijoille tarjottavaa monialaista kokonaisuutta, jossa opintojen henkil\u00f6kohtaistamisella, opinto-ohjauksella ja erityisell\u00e4 tuella \/ erityisopetuksella vahvistetaan opiskeluvalmiuksia, ty\u00f6llistymist\u00e4, jatko-opintoja ja yleist\u00e4 hyvinvointia. Entist\u00e4 tarkemman tilannekuvan avulla hanke pystyy pilotoimaan uusia tuen toteutuksen malleja OPVAn (opiskeluvalmiuksia tukevat opinnot), TUVAn (tutkintokoulutukseen valmentava koulutus) ja erityisen tuen sis\u00e4lt\u00f6ihin. Ty\u00f6n tuloksena opintojen henkil\u00f6kohtaistaminen monipuolistuu ja opintojen loppuun suorittaminen sek\u00e4 ty\u00f6el\u00e4m\u00e4\u00e4n tai jatko-opintoihin siirtyminen helpottuvat. Opetus- ja ohjaushenkil\u00f6st\u00f6n osaamista kohotetaan vertaisoppimisen ja vertaisarvioinnin ty\u00f6kaluilla sek\u00e4 teemakoulutuksilla, joiden tarve on selvitetty kyselyll\u00e4. Lis\u00e4ksi tuen toteutuksen pilotoinnit auttavat henkil\u00f6st\u00f6\u00e4 n\u00e4kem\u00e4\u00e4n, miten arjen monialainen yhteisty\u00f6 nivoutuu osaksi henkil\u00f6n ty\u00f6t\u00e4. Valtakunnallinen yhteisty\u00f6verkosto edist\u00e4\u00e4 tuen laadun arviointia ja kehitt\u00e4mist\u00e4 vertaisarvioinnin ja vertaisoppimisen keinoin.<br \/>\n<strong>Tavoitteet:<\/strong><\/p>\n<p>1. Yksil\u00f6llinen, p\u00e4ivittyv\u00e4 ja el\u00e4v\u00e4 HOKS &#8211; opintojen henkil\u00f6kohtaistaminen<\/p>\n<p>2. Opinto-ohjaus, uraohjaus, ty\u00f6el\u00e4m\u00e4taidot ja ty\u00f6paikkaohjaus<\/p>\n<p>3. OPVA, TUVA ja erityinen tuki \u2013 teht\u00e4vien selkeytt\u00e4minen<\/p>\n<p>4. Palvelusivusto, digiohjaus ja tietokannat<\/p>\n<p><strong>Kohderyhm\u00e4: <\/strong><\/p>\n<ul>\n<li>TAI:n opiskelijat eri koulutuskokonaisuuksissa: perustutkinto, ammattitutkinto, erikoisammattitutkinto, TUVA-opiskelijat<\/li>\n<li>TAI:n opetus- ja ohjaushenkil\u00f6kunta<\/li>\n<li>Turun seudun ty\u00f6nantajat, joiden tarpeisiin koulutustarjontaa suunnataan<\/li>\n<li>levitt\u00e4mistoiminnan kautta muut ammattikoulutuksen tarjoajat<\/li>\n<\/ul>\n<p><strong>Toteutusaika:<\/strong> 1.1.2024\u201331.12.2025<br \/>\n<strong>Toteutusalue: <\/strong>Turku ja Turun seutu (Turun ammatti-instituutti, Turun lukiokoulutus,ty\u00f6nantajat), benchmarking-yhteisty\u00f6t\u00e4 Espoon (Omnia), Helsingin (Stadin AO) ja varsinaissuomalaisten ammatillisten koulutusten tarjoajien kanssa<br \/>\n<strong>Projektin muu henkil\u00f6st\u00f6:<\/strong> kehitt\u00e4j\u00e4opettajat erityisopettaja Pirjo Peltonen, lehtori Anne-Marie Haikio ja lehtori Mikko Haapala; projektikoordinaattori Janiina Dahlbom<br \/>\n<strong>Rahoittaja:<\/strong> Opetushallitus<\/p>\n<p><img loading=\"lazy\" decoding=\"async\" class=\"alignnone wp-image-236\" src=\"https:\/\/blog.edu.turku.fi\/projektit\/files\/2022\/03\/OPH_rahoittaa_rgb-1-150x150.png\" alt=\"\" width=\"82\" height=\"82\" \/><\/p>\n","protected":false},"excerpt":{"rendered":"<p>Yhteyshenkil\u00f6: projektikoordinaattori Matti Lappalainen (etunimi.sukunimi@turku.fi) Kuvaus: Turun ammatti-instituutti (TAI) vahvistaa opiskelijoille tarjottavaa monialaista kokonaisuutta, jossa opintojen henkil\u00f6kohtaistamisella, opinto-ohjauksella ja erityisell\u00e4 tuella \/ erityisopetuksella vahvistetaan opiskeluvalmiuksia, ty\u00f6llistymist\u00e4, jatko-opintoja ja yleist\u00e4 hyvinvointia. Entist\u00e4 tarkemman tilannekuvan avulla hanke pystyy pilotoimaan uusia tuen toteutuksen malleja OPVAn (opiskeluvalmiuksia tukevat opinnot), TUVAn (tutkintokoulutukseen valmentava koulutus) ja erityisen tuen sis\u00e4lt\u00f6ihin. Ty\u00f6n tuloksena &hellip; <a href=\"https:\/\/blog.edu.turku.fi\/projektit\/laatua-oppimisen-tukeen-taissa\/\" class=\"more-link\">Jatka lukemista<span class=\"screen-reader-text\"> &#8221;Laatua oppimisen tukeen TAI:ssa&#8221;<\/span><\/a><\/p>\n","protected":false},"author":3382,"featured_media":0,"parent":0,"menu_order":0,"comment_status":"closed","ping_status":"closed","template":"","meta":{"footnotes":""},"class_list":["post-743","page","type-page","status-publish","hentry"],"_links":{"self":[{"href":"https:\/\/blog.edu.turku.fi\/projektit\/wp-json\/wp\/v2\/pages\/743","targetHints":{"allow":["GET"]}}],"collection":[{"href":"https:\/\/blog.edu.turku.fi\/projektit\/wp-json\/wp\/v2\/pages"}],"about":[{"href":"https:\/\/blog.edu.turku.fi\/projektit\/wp-json\/wp\/v2\/types\/page"}],"author":[{"embeddable":true,"href":"https:\/\/blog.edu.turku.fi\/projektit\/wp-json\/wp\/v2\/users\/3382"}],"replies":[{"embeddable":true,"href":"https:\/\/blog.edu.turku.fi\/projektit\/wp-json\/wp\/v2\/comments?post=743"}],"version-history":[{"count":4,"href":"https:\/\/blog.edu.turku.fi\/projektit\/wp-json\/wp\/v2\/pages\/743\/revisions"}],"predecessor-version":[{"id":992,"href":"https:\/\/blog.edu.turku.fi\/projektit\/wp-json\/wp\/v2\/pages\/743\/revisions\/992"}],"wp:attachment":[{"href":"https:\/\/blog.edu.turku.fi\/projektit\/wp-json\/wp\/v2\/media?parent=743"}],"curies":[{"name":"wp","href":"https:\/\/api.w.org\/{rel}","templated":true}]}}