{"id":734,"date":"2024-02-26T15:18:46","date_gmt":"2024-02-26T13:18:46","guid":{"rendered":"https:\/\/blog.edu.turku.fi\/projektit\/?page_id=734"},"modified":"2025-03-17T12:31:41","modified_gmt":"2025-03-17T10:31:41","slug":"lapsikeskeinen-digitaalinen-osaaminen-nousuun","status":"publish","type":"page","link":"https:\/\/blog.edu.turku.fi\/projektit\/varhaiskasvatus\/lapsikeskeinen-digitaalinen-osaaminen-nousuun\/","title":{"rendered":"Lapsikeskeinen digitaalinen osaaminen nousuun"},"content":{"rendered":"<p><strong>Lapsikeskeinen digitaalinen osaaminen nousuun<\/strong><br \/>\n<strong>Yhteyshenkil\u00f6:<\/strong> Suvi Aflecht ja Saila Visti<br \/>\n<strong>Tavoite:<\/strong> Lasten osallisuuden ja oman tuottamisen lis\u00e4\u00e4minen digipedagogisessa toiminnassa, kehkeytyv\u00e4n opetussuunnitelman mukaisesti, varhaiskasvatussuunnitelmaan nojaten. Pedagogiset digitaaliset portfoliot otetaan k\u00e4ytt\u00f6\u00f6n laajasti Turun kaupungin varhaiskasvatuksessa. Varhaiskasvatusyksik\u00f6iden toimintakulttuuria kehitet\u00e4\u00e4n digipedagogiikan osalta, tavoitteena lasten digitaalisen osallisuuden lis\u00e4\u00e4ntyminen. Opettajien digipedagogisia valmiuksia kehitet\u00e4\u00e4n yksik\u00f6iss\u00e4 ja selvitet\u00e4\u00e4n henkil\u00f6kohtaisten p\u00e4\u00e4telaitteiden merkityst\u00e4 opetuksen tukena.<br \/>\n<strong>Kohderyhm\u00e4:<\/strong> Turun kaupungin varhaiskasvatus<br \/>\n<strong>Toteutusaika:<\/strong> 1.1.2024-31.7.2025<br \/>\n<strong>Toteutusalue:<\/strong> Turun kaupunki<br \/>\n<strong>Rahoittaja:<\/strong> Opetushallitus sek\u00e4 kaupungin omarahoitus<\/p>\n<p><img loading=\"lazy\" decoding=\"async\" class=\"alignnone wp-image-77 \" src=\"https:\/\/blog.edu.turku.fi\/projektit\/files\/2022\/03\/OPH_rahoittaa_rgb-1.png\" alt=\"Opetushallitus rahoittaa hanketta\" width=\"85\" height=\"82\" \/> <img loading=\"lazy\" decoding=\"async\" class=\"alignnone size-medium wp-image-41\" src=\"https:\/\/blog.edu.turku.fi\/projektit\/files\/2022\/01\/blog-turku-logo-150x82.png\" alt=\"Turun kaupungin logo\" width=\"150\" height=\"82\" \/><\/p>\n","protected":false},"excerpt":{"rendered":"<p>Lapsikeskeinen digitaalinen osaaminen nousuun Yhteyshenkil\u00f6: Suvi Aflecht ja Saila Visti Tavoite: Lasten osallisuuden ja oman tuottamisen lis\u00e4\u00e4minen digipedagogisessa toiminnassa, kehkeytyv\u00e4n opetussuunnitelman mukaisesti, varhaiskasvatussuunnitelmaan nojaten. Pedagogiset digitaaliset portfoliot otetaan k\u00e4ytt\u00f6\u00f6n laajasti Turun kaupungin varhaiskasvatuksessa. Varhaiskasvatusyksik\u00f6iden toimintakulttuuria kehitet\u00e4\u00e4n digipedagogiikan osalta, tavoitteena lasten digitaalisen osallisuuden lis\u00e4\u00e4ntyminen. Opettajien digipedagogisia valmiuksia kehitet\u00e4\u00e4n yksik\u00f6iss\u00e4 ja selvitet\u00e4\u00e4n henkil\u00f6kohtaisten p\u00e4\u00e4telaitteiden merkityst\u00e4 opetuksen tukena. &hellip; <a href=\"https:\/\/blog.edu.turku.fi\/projektit\/varhaiskasvatus\/lapsikeskeinen-digitaalinen-osaaminen-nousuun\/\" class=\"more-link\">Jatka lukemista<span class=\"screen-reader-text\"> &#8221;Lapsikeskeinen digitaalinen osaaminen nousuun&#8221;<\/span><\/a><\/p>\n","protected":false},"author":56,"featured_media":0,"parent":7,"menu_order":0,"comment_status":"closed","ping_status":"closed","template":"","meta":{"footnotes":""},"class_list":["post-734","page","type-page","status-publish","hentry"],"_links":{"self":[{"href":"https:\/\/blog.edu.turku.fi\/projektit\/wp-json\/wp\/v2\/pages\/734","targetHints":{"allow":["GET"]}}],"collection":[{"href":"https:\/\/blog.edu.turku.fi\/projektit\/wp-json\/wp\/v2\/pages"}],"about":[{"href":"https:\/\/blog.edu.turku.fi\/projektit\/wp-json\/wp\/v2\/types\/page"}],"author":[{"embeddable":true,"href":"https:\/\/blog.edu.turku.fi\/projektit\/wp-json\/wp\/v2\/users\/56"}],"replies":[{"embeddable":true,"href":"https:\/\/blog.edu.turku.fi\/projektit\/wp-json\/wp\/v2\/comments?post=734"}],"version-history":[{"count":3,"href":"https:\/\/blog.edu.turku.fi\/projektit\/wp-json\/wp\/v2\/pages\/734\/revisions"}],"predecessor-version":[{"id":989,"href":"https:\/\/blog.edu.turku.fi\/projektit\/wp-json\/wp\/v2\/pages\/734\/revisions\/989"}],"up":[{"embeddable":true,"href":"https:\/\/blog.edu.turku.fi\/projektit\/wp-json\/wp\/v2\/pages\/7"}],"wp:attachment":[{"href":"https:\/\/blog.edu.turku.fi\/projektit\/wp-json\/wp\/v2\/media?parent=734"}],"curies":[{"name":"wp","href":"https:\/\/api.w.org\/{rel}","templated":true}]}}