{"id":720,"date":"2024-02-06T10:59:11","date_gmt":"2024-02-06T08:59:11","guid":{"rendered":"https:\/\/blog.edu.turku.fi\/projektit\/?page_id=720"},"modified":"2024-02-06T11:14:57","modified_gmt":"2024-02-06T09:14:57","slug":"suunnaksi-talousosaaja","status":"publish","type":"page","link":"https:\/\/blog.edu.turku.fi\/projektit\/suunnaksi-talousosaaja\/","title":{"rendered":"Suunnaksi talousosaaja"},"content":{"rendered":"<p><strong>Suunnaksi talousosaaja<\/strong><br \/>\n<strong>Yhteyshenkil\u00f6:<\/strong> <span class=\"ui-provider a b c d e f g h i j k l m n o p q r s t u v w x y z ab ac ae af ag ah ai aj ak\" dir=\"ltr\">Irina Loponen (irina.loponen@edu.turku.fi)<\/span><br \/>\n<strong>Tavoite:<\/strong> Hankkeen tavoitteena on luoda urapolkuja, ty\u00f6llistymismahdollisuuksia ja osaavaa ty\u00f6voimaa. Lis\u00e4ksi tavoitteena on luoda malli taloushallinto-osaajakoulutuksille tai -korkeakouludiplomille. Hanke toimii v\u00e4yl\u00e4n\u00e4 AMK:n erillishakuun sek\u00e4 mahdollistaa opintojen sis\u00e4llytt\u00e4misen korkeakoulu- ja ammattiopintoihin.<br \/>\n<strong>Kohderyhm\u00e4:<\/strong> Yhteiskunta, liiketalous ja hallinto<br \/>\n<strong>Toteutusaika:<\/strong> 5.12.2022-28.2.2025<br \/>\n<strong>Toteutusalue:<\/strong> Alueellinen<br \/>\n<strong>Osatoteuttaja:<\/strong> Turun ammatti-instituutti<br \/>\n<strong>Rahoittaja:<\/strong> Jatkuva oppimisen ja ty\u00f6llisyyden palvelukeskus JOTPA<\/p>\n<p><img loading=\"lazy\" decoding=\"async\" class=\"alignleft size-full wp-image-496\" src=\"https:\/\/blog.edu.turku.fi\/projektit\/files\/2022\/12\/Jotpa_tunnus_RGB-300x77-1.png\" alt=\"\" width=\"300\" height=\"77\" \/><\/p>\n","protected":false},"excerpt":{"rendered":"<p>Suunnaksi talousosaaja Yhteyshenkil\u00f6: Irina Loponen (irina.loponen@edu.turku.fi) Tavoite: Hankkeen tavoitteena on luoda urapolkuja, ty\u00f6llistymismahdollisuuksia ja osaavaa ty\u00f6voimaa. Lis\u00e4ksi tavoitteena on luoda malli taloushallinto-osaajakoulutuksille tai -korkeakouludiplomille. Hanke toimii v\u00e4yl\u00e4n\u00e4 AMK:n erillishakuun sek\u00e4 mahdollistaa opintojen sis\u00e4llytt\u00e4misen korkeakoulu- ja ammattiopintoihin. Kohderyhm\u00e4: Yhteiskunta, liiketalous ja hallinto Toteutusaika: 5.12.2022-28.2.2025 Toteutusalue: Alueellinen Osatoteuttaja: Turun ammatti-instituutti Rahoittaja: Jatkuva oppimisen ja ty\u00f6llisyyden palvelukeskus JOTPA<\/p>\n","protected":false},"author":3382,"featured_media":0,"parent":0,"menu_order":0,"comment_status":"closed","ping_status":"closed","template":"","meta":{"footnotes":""},"class_list":["post-720","page","type-page","status-publish","hentry"],"_links":{"self":[{"href":"https:\/\/blog.edu.turku.fi\/projektit\/wp-json\/wp\/v2\/pages\/720","targetHints":{"allow":["GET"]}}],"collection":[{"href":"https:\/\/blog.edu.turku.fi\/projektit\/wp-json\/wp\/v2\/pages"}],"about":[{"href":"https:\/\/blog.edu.turku.fi\/projektit\/wp-json\/wp\/v2\/types\/page"}],"author":[{"embeddable":true,"href":"https:\/\/blog.edu.turku.fi\/projektit\/wp-json\/wp\/v2\/users\/3382"}],"replies":[{"embeddable":true,"href":"https:\/\/blog.edu.turku.fi\/projektit\/wp-json\/wp\/v2\/comments?post=720"}],"version-history":[{"count":3,"href":"https:\/\/blog.edu.turku.fi\/projektit\/wp-json\/wp\/v2\/pages\/720\/revisions"}],"predecessor-version":[{"id":725,"href":"https:\/\/blog.edu.turku.fi\/projektit\/wp-json\/wp\/v2\/pages\/720\/revisions\/725"}],"wp:attachment":[{"href":"https:\/\/blog.edu.turku.fi\/projektit\/wp-json\/wp\/v2\/media?parent=720"}],"curies":[{"name":"wp","href":"https:\/\/api.w.org\/{rel}","templated":true}]}}