{"id":7,"date":"2022-01-10T13:00:20","date_gmt":"2022-01-10T11:00:20","guid":{"rendered":"https:\/\/blog.edu.turku.fi\/projektit\/?page_id=7"},"modified":"2024-04-02T08:11:49","modified_gmt":"2024-04-02T05:11:49","slug":"varhaiskasvatus","status":"publish","type":"page","link":"https:\/\/blog.edu.turku.fi\/projektit\/varhaiskasvatus\/","title":{"rendered":"Varhaiskasvatus ja esiopetus"},"content":{"rendered":"<p>Varhaiskasvatusta ja esiopetusta kehitet\u00e4\u00e4n Turussa aktiivisesti ja laaja-alaisesti. Kehitt\u00e4misty\u00f6n keskeisen\u00e4 tavoitteena on pedagogisen toiminnan kehitt\u00e4minen niin, ett\u00e4 varhaiskasvatussuunnitelman ja esiopetussuunnitelman tavoitteet toteutuvat parhaalla mahdollisella tavalla. T\u00e4rke\u00e4\u00e4 on, ett\u00e4 kehitt\u00e4misty\u00f6 tukee varhaiskasvatuksessa ja esiopetuksessa olevien lasten ja henkil\u00f6kunnan oppimista ja osaamista.<\/p>\n<p>Varhaiskasvatuksen ja esiopetuksen kehitt\u00e4minen on kytketty strategisiin painopisteisiin ja palvelusuunnitelmaan. T\u00e4rke\u00e4ss\u00e4 asemassa ovat erilaiset projektit, joiden kautta kehitt\u00e4misty\u00f6t\u00e4 toteutetaan ja tuetaan. Kehitt\u00e4misty\u00f6n tuloksena syntyy uusia toimintatapoja, pedagogisia malleja, oppimisymp\u00e4rist\u00f6j\u00e4 ja muita ratkaisuja niin varhaiskasvatukseen kuin esiopetukseen.<\/p>\n<p><em>Varhaiskasvatuksessa kehitt\u00e4minen on tietoperusteista ja pitk\u00e4j\u00e4nteist\u00e4. Se perustuu luottamukseen nojaavaan yhteisty\u00f6h\u00f6n ja arjen pedagogiikkaan!<\/em><\/p>\n<p><strong>Yhteystiedot:<\/strong><br \/>\nVarhaiskasvatuksen ja esiopetuksen kehitt\u00e4misen salkkup\u00e4\u00e4llikk\u00f6<br \/>\nRiikka Vuorinen, +358449072207<br \/>\nriikka.vuorinen@turku.fi<\/p>\n","protected":false},"excerpt":{"rendered":"<p>Varhaiskasvatusta ja esiopetusta kehitet\u00e4\u00e4n Turussa aktiivisesti ja laaja-alaisesti. Kehitt\u00e4misty\u00f6n keskeisen\u00e4 tavoitteena on pedagogisen toiminnan kehitt\u00e4minen niin, ett\u00e4 varhaiskasvatussuunnitelman ja esiopetussuunnitelman tavoitteet toteutuvat parhaalla mahdollisella tavalla. T\u00e4rke\u00e4\u00e4 on, ett\u00e4 kehitt\u00e4misty\u00f6 tukee varhaiskasvatuksessa ja esiopetuksessa olevien lasten ja henkil\u00f6kunnan oppimista ja osaamista. Varhaiskasvatuksen ja esiopetuksen kehitt\u00e4minen on kytketty strategisiin painopisteisiin ja palvelusuunnitelmaan. T\u00e4rke\u00e4ss\u00e4 asemassa ovat erilaiset projektit, &hellip; <a href=\"https:\/\/blog.edu.turku.fi\/projektit\/varhaiskasvatus\/\" class=\"more-link\">Jatka lukemista<span class=\"screen-reader-text\"> &#8221;Varhaiskasvatus ja esiopetus&#8221;<\/span><\/a><\/p>\n","protected":false},"author":56,"featured_media":0,"parent":0,"menu_order":0,"comment_status":"closed","ping_status":"closed","template":"","meta":{"footnotes":""},"class_list":["post-7","page","type-page","status-publish","hentry"],"_links":{"self":[{"href":"https:\/\/blog.edu.turku.fi\/projektit\/wp-json\/wp\/v2\/pages\/7","targetHints":{"allow":["GET"]}}],"collection":[{"href":"https:\/\/blog.edu.turku.fi\/projektit\/wp-json\/wp\/v2\/pages"}],"about":[{"href":"https:\/\/blog.edu.turku.fi\/projektit\/wp-json\/wp\/v2\/types\/page"}],"author":[{"embeddable":true,"href":"https:\/\/blog.edu.turku.fi\/projektit\/wp-json\/wp\/v2\/users\/56"}],"replies":[{"embeddable":true,"href":"https:\/\/blog.edu.turku.fi\/projektit\/wp-json\/wp\/v2\/comments?post=7"}],"version-history":[{"count":5,"href":"https:\/\/blog.edu.turku.fi\/projektit\/wp-json\/wp\/v2\/pages\/7\/revisions"}],"predecessor-version":[{"id":784,"href":"https:\/\/blog.edu.turku.fi\/projektit\/wp-json\/wp\/v2\/pages\/7\/revisions\/784"}],"wp:attachment":[{"href":"https:\/\/blog.edu.turku.fi\/projektit\/wp-json\/wp\/v2\/media?parent=7"}],"curies":[{"name":"wp","href":"https:\/\/api.w.org\/{rel}","templated":true}]}}