{"id":678,"date":"2024-01-09T10:29:00","date_gmt":"2024-01-09T08:29:00","guid":{"rendered":"https:\/\/blog.edu.turku.fi\/projektit\/?page_id=678"},"modified":"2025-01-08T16:37:08","modified_gmt":"2025-01-08T14:37:08","slug":"perusopetuksen-paattyneet-hankkeet","status":"publish","type":"page","link":"https:\/\/blog.edu.turku.fi\/projektit\/perusopetuksen-paattyneet-hankkeet\/","title":{"rendered":"Perusopetuksen p\u00e4\u00e4ttyneet hankkeet"},"content":{"rendered":"<p><span class=\"ui-provider a b c d e f g h i j k l m n o p q r s t u v w x y z ab ac ae af ag ah ai aj ak\" dir=\"ltr\">T\u00e4\u00e4lt\u00e4 l\u00f6yd\u00e4t kootusti jo perusopetuksen p\u00e4\u00e4ttyneiden hankkeiden\u00a0 esittelyt\/tulokset<\/span><\/p>\n<p><strong>Digipolku \u2013 digitaitojen yhteiset oppimispolut (OPH ja kaupungin omarahoitus, 2021-2024):<a href=\"https:\/\/blog.edu.turku.fi\/projektit\/digipolku-digitaitojen-yhteiset-oppimispolut\/\">Digipolku \u2013 digitaitojen yhteiset oppimispolut \u2013 Kasvatuksen ja opetuksen projektit (turku.fi)<\/a><\/strong><\/p>\n<p><strong>Harrastamisen Turun malli (Lounais-Suomen aluehallintovirasto ja Turun kaupunki, 2021-2023): <a href=\"https:\/\/blog.edu.turku.fi\/projektit\/perusopetus\/harrastamisen-turun-malli\/\">Harrastamisen Turun malli \u2013 Kasvatuksen ja opetuksen projektit (turku.fi)<\/a><\/strong><\/p>\n<p><strong>HOPPSAN! Ruotsia oppimaan (OPH ja kaupungin omarahoitus, 2023-2024): <a href=\"https:\/\/blog.edu.turku.fi\/projektit\/perusopetus\/hoppsan-ruotsia-oppimaan\/\">HOPPSAN! ruotsia oppimaan \u2013 Kasvatuksen ja opetuksen projektit<\/a><\/strong><\/p>\n<p><strong>Kest\u00e4v\u00e4 opinvirta &#8211; toimintamallit perusopetuksen ilmasto- ja kest\u00e4vyyskasvatukseen (OPH ja kaupungin omarahoitus, 2022-2024): <a href=\"https:\/\/blog.edu.turku.fi\/projektit\/perusopetus\/kestava-opinvirta\/\">Kest\u00e4v\u00e4 opinvirta \u2013 toimintamallit perusopetuksen ilmasto- ja kest\u00e4vyyskasvatukseen \u2013 Kasvatuksen ja opetuksen projektit<\/a><\/strong><\/p>\n<p><strong>Konsultatiivisen sairaalaopetuksen kansallinen kehitt\u00e4minen ja koordinointi (OKM ja kaupungin omarahoitus, 2021-2024): <a href=\"https:\/\/blog.edu.turku.fi\/projektit\/perusopetus\/konsultoiden-koulunkayntia-tukemaan-konsultatiivisen-sairaalaopetuksen-kehittaminen\/\">Konsultatiivisen sairaalaopetuksen kansallinen kehitt\u00e4minen ja koordinointi \u2013 Kasvatuksen ja opetuksen projektit<\/a><\/strong><\/p>\n<p><strong>Koulusegregaation v\u00e4hent\u00e4minen Turussa (OKM ja kaupungin omarahoitus, 2021-2024):<a href=\"https:\/\/blog.edu.turku.fi\/projektit\/perusopetus\/koulusegregaation-vahentaminen-turussa\/\">Koulusegregaation v\u00e4hent\u00e4minen Turussa \u2013 Kasvatuksen ja opetuksen projektit (turku.fi)<\/a><\/strong><\/p>\n<p><strong>Lukulukkari &#8211; lukutaidon ja lukemisen kulttuurin vahvistaminen (OKM ja toteuttajaorganisaatiot, 2021-2023): <\/strong><a href=\"https:\/\/blog.edu.turku.fi\/projektit\/perusopetus\/lukulukkari-lukutaidon-ja-lukemisen-kulttuurin-vahvistaminen\/\"><strong>\u00a0Lukulukkari \u2013 lukutaidon ja lukemisen kulttuurin vahvistaminen \u2013 Kasvatuksen ja opetuksen projektit (turku.fi)<\/strong><\/a><\/p>\n<p><strong>Oppilaanohjauksen kehitt\u00e4minen Varsinais-Suomessa (OKM ja toteuttajaorganisaatiot, 2021-2023): <a href=\"https:\/\/blog.edu.turku.fi\/projektit\/perusopetus\/oppilaanohjauksen-kehittaminen-varsinais-suomessa\/\">Oppilaanohjauksen kehitt\u00e4minen Varsinais-Suomessa \u2013 Kasvatuksen ja opetuksen projektit (turku.fi)<\/a><\/strong><\/p>\n<p><strong>Oppimisen tuen kehitt\u00e4minen Varsinais-Suomessa (OKM ja toteuttajaorganisaatiot, 2021-2023): <a href=\"https:\/\/blog.edu.turku.fi\/projektit\/perusopetus\/oppimisen-tuen-kehittaminen-varsinais-suomessa\/\">Oppimisen tuen kehitt\u00e4minen Varsinais-Suomessa \u2013 Kasvatuksen ja opetuksen projektit (turku.fi)<\/a><\/strong><\/p>\n<p><strong>Oskar \u2013 Osaamisen kuvaukset arjessa (OPH, 2022-2024):<a href=\"https:\/\/eur04.safelinks.protection.outlook.com\/?url=https%3A%2F%2Fblog.edu.turku.fi%2Fprojektit%2Fmuut%2Foskar-osaamisen-kuvaukset-arjessa%2F&amp;data=05%7C02%7C%7C952a97fdfa0d4a374fe108dc951779ab%7C6c5e2c8ad3f04a0b965842502c73e17b%7C0%7C0%7C638549175250391527%7CUnknown%7CTWFpbGZsb3d8eyJWIjoiMC4wLjAwMDAiLCJQIjoiV2luMzIiLCJBTiI6Ik1haWwiLCJXVCI6Mn0%3D%7C0%7C%7C%7C&amp;sdata=EHEQiL7Az%2Bce1QrnFG3YEnWXBHgqkBJaYmzZ8SAOpZs%3D&amp;reserved=0\">Oskar \u2013 Osaamisen kuvaukset arjessa \u2013 Kasvatuksen ja opetuksen projektit (turku.fi)<\/a><\/strong><\/p>\n<p><strong>Uudet lukutaidot osaksi esi- ja perusopetuksen arkea (OKM ja kaupungin omarahoitus, 2022-2023):\u00a0<a href=\"https:\/\/blog.edu.turku.fi\/projektit\/perusopetus\/uudet-lukutaidot-osaksi-esi-ja-perusopetuksen-arkea\/\">Uudet lukutaidot osaksi esi- ja perusopetuksen arkea \u2013 Kasvatuksen ja opetuksen projektit (turku.fi)<\/a><\/strong><\/p>\n<p><strong>YSIKYMPPI II &#8211; Yhteis\u00f6llisen ja sitouttavan kouluyhteisty\u00f6n mallien pilotointi (OKM ja toteuttajaorganisaatiot, 2022-2023): <a href=\"https:\/\/blog.edu.turku.fi\/projektit\/perusopetus\/ysikymppi-yhteisollisen-ja-sitouttavan-kouluyhteisotyon-mallien-pilotointi\/\">YSIKYMPPI II \u2013 Yhteis\u00f6llisen ja sitouttavan kouluyhteis\u00f6ty\u00f6n mallien pilotointi \u2013 Kasvatuksen ja opetuksen projektit (turku.fi)<\/a><\/strong><\/p>\n","protected":false},"excerpt":{"rendered":"<p>T\u00e4\u00e4lt\u00e4 l\u00f6yd\u00e4t kootusti jo perusopetuksen p\u00e4\u00e4ttyneiden hankkeiden\u00a0 esittelyt\/tulokset Digipolku \u2013 digitaitojen yhteiset oppimispolut (OPH ja kaupungin omarahoitus, 2021-2024):Digipolku \u2013 digitaitojen yhteiset oppimispolut \u2013 Kasvatuksen ja opetuksen projektit (turku.fi) Harrastamisen Turun malli (Lounais-Suomen aluehallintovirasto ja Turun kaupunki, 2021-2023): Harrastamisen Turun malli \u2013 Kasvatuksen ja opetuksen projektit (turku.fi) HOPPSAN! Ruotsia oppimaan (OPH ja kaupungin omarahoitus, 2023-2024): HOPPSAN! &hellip; <a href=\"https:\/\/blog.edu.turku.fi\/projektit\/perusopetuksen-paattyneet-hankkeet\/\" class=\"more-link\">Jatka lukemista<span class=\"screen-reader-text\"> &#8221;Perusopetuksen p\u00e4\u00e4ttyneet hankkeet&#8221;<\/span><\/a><\/p>\n","protected":false},"author":3382,"featured_media":0,"parent":0,"menu_order":0,"comment_status":"closed","ping_status":"closed","template":"","meta":{"footnotes":""},"class_list":["post-678","page","type-page","status-publish","hentry"],"_links":{"self":[{"href":"https:\/\/blog.edu.turku.fi\/projektit\/wp-json\/wp\/v2\/pages\/678","targetHints":{"allow":["GET"]}}],"collection":[{"href":"https:\/\/blog.edu.turku.fi\/projektit\/wp-json\/wp\/v2\/pages"}],"about":[{"href":"https:\/\/blog.edu.turku.fi\/projektit\/wp-json\/wp\/v2\/types\/page"}],"author":[{"embeddable":true,"href":"https:\/\/blog.edu.turku.fi\/projektit\/wp-json\/wp\/v2\/users\/3382"}],"replies":[{"embeddable":true,"href":"https:\/\/blog.edu.turku.fi\/projektit\/wp-json\/wp\/v2\/comments?post=678"}],"version-history":[{"count":8,"href":"https:\/\/blog.edu.turku.fi\/projektit\/wp-json\/wp\/v2\/pages\/678\/revisions"}],"predecessor-version":[{"id":920,"href":"https:\/\/blog.edu.turku.fi\/projektit\/wp-json\/wp\/v2\/pages\/678\/revisions\/920"}],"wp:attachment":[{"href":"https:\/\/blog.edu.turku.fi\/projektit\/wp-json\/wp\/v2\/media?parent=678"}],"curies":[{"name":"wp","href":"https:\/\/api.w.org\/{rel}","templated":true}]}}