{"id":674,"date":"2024-01-09T10:21:55","date_gmt":"2024-01-09T08:21:55","guid":{"rendered":"https:\/\/blog.edu.turku.fi\/projektit\/?page_id=674"},"modified":"2025-01-08T16:47:07","modified_gmt":"2025-01-08T14:47:07","slug":"muut-paattyneet-hankkeet","status":"publish","type":"page","link":"https:\/\/blog.edu.turku.fi\/projektit\/muut-paattyneet-hankkeet\/","title":{"rendered":"Muut p\u00e4\u00e4ttyneet hankkeet"},"content":{"rendered":"<p><span class=\"ui-provider a b c d e f g h i j k l m n o p q r s t u v w x y z ab ac ae af ag ah ai aj ak\" dir=\"ltr\">T\u00e4\u00e4lt\u00e4 l\u00f6yd\u00e4t kootusti jo kasvatuksen ja opetuksen\u00a0 p\u00e4\u00e4ttyneiden hankkeiden\u00a0 esittelyt\/tulokset<\/span><\/p>\n<p><strong>DigiOne (Vantaa, Espoo, Jyv\u00e4skyl\u00e4, Lahti, Oulu, Tampere ja Turku, 2019-2023): <a href=\"https:\/\/blog.edu.turku.fi\/projektit\/muut\/digione\/\">DigiOne \u2013 Kasvatuksen ja opetuksen projektit (turku.fi)<\/a><\/strong><\/p>\n<p><strong>Turun lukutaitostrategia 2030 (OPH ja kaupungin osarahoitus, 2024): <a href=\"https:\/\/blog.edu.turku.fi\/projektit\/turun-lukutaitostrategia-2030\/\">Turun lukutaitostrategia 2030 \u2013 Kasvatuksen ja opetuksen projektit<\/a><\/strong><\/p>\n<p><strong>Yhteis\u00f6llisyydell\u00e4 hyvinvointia Turun kouluihin (OKM ja kaupungin osarahoitus, 2023-2024): <a href=\"https:\/\/blog.edu.turku.fi\/projektit\/muut\/yhteisollisyydella-hyvinvointia-kouluihin\/\">Yhteis\u00f6llisyydell\u00e4 hyvinvointia kouluihin \u2013 Kasvatuksen ja opetuksen projektit (turku.fi)<\/a><\/strong><\/p>\n","protected":false},"excerpt":{"rendered":"<p>T\u00e4\u00e4lt\u00e4 l\u00f6yd\u00e4t kootusti jo kasvatuksen ja opetuksen\u00a0 p\u00e4\u00e4ttyneiden hankkeiden\u00a0 esittelyt\/tulokset DigiOne (Vantaa, Espoo, Jyv\u00e4skyl\u00e4, Lahti, Oulu, Tampere ja Turku, 2019-2023): DigiOne \u2013 Kasvatuksen ja opetuksen projektit (turku.fi) Turun lukutaitostrategia 2030 (OPH ja kaupungin osarahoitus, 2024): Turun lukutaitostrategia 2030 \u2013 Kasvatuksen ja opetuksen projektit Yhteis\u00f6llisyydell\u00e4 hyvinvointia Turun kouluihin (OKM ja kaupungin osarahoitus, 2023-2024): Yhteis\u00f6llisyydell\u00e4 hyvinvointia kouluihin &hellip; <a href=\"https:\/\/blog.edu.turku.fi\/projektit\/muut-paattyneet-hankkeet\/\" class=\"more-link\">Jatka lukemista<span class=\"screen-reader-text\"> &#8221;Muut p\u00e4\u00e4ttyneet hankkeet&#8221;<\/span><\/a><\/p>\n","protected":false},"author":3382,"featured_media":0,"parent":0,"menu_order":0,"comment_status":"closed","ping_status":"closed","template":"","meta":{"footnotes":""},"class_list":["post-674","page","type-page","status-publish","hentry"],"_links":{"self":[{"href":"https:\/\/blog.edu.turku.fi\/projektit\/wp-json\/wp\/v2\/pages\/674","targetHints":{"allow":["GET"]}}],"collection":[{"href":"https:\/\/blog.edu.turku.fi\/projektit\/wp-json\/wp\/v2\/pages"}],"about":[{"href":"https:\/\/blog.edu.turku.fi\/projektit\/wp-json\/wp\/v2\/types\/page"}],"author":[{"embeddable":true,"href":"https:\/\/blog.edu.turku.fi\/projektit\/wp-json\/wp\/v2\/users\/3382"}],"replies":[{"embeddable":true,"href":"https:\/\/blog.edu.turku.fi\/projektit\/wp-json\/wp\/v2\/comments?post=674"}],"version-history":[{"count":5,"href":"https:\/\/blog.edu.turku.fi\/projektit\/wp-json\/wp\/v2\/pages\/674\/revisions"}],"predecessor-version":[{"id":927,"href":"https:\/\/blog.edu.turku.fi\/projektit\/wp-json\/wp\/v2\/pages\/674\/revisions\/927"}],"wp:attachment":[{"href":"https:\/\/blog.edu.turku.fi\/projektit\/wp-json\/wp\/v2\/media?parent=674"}],"curies":[{"name":"wp","href":"https:\/\/api.w.org\/{rel}","templated":true}]}}