{"id":668,"date":"2024-01-09T10:17:40","date_gmt":"2024-01-09T08:17:40","guid":{"rendered":"https:\/\/blog.edu.turku.fi\/projektit\/?page_id=668"},"modified":"2025-01-08T16:33:19","modified_gmt":"2025-01-08T14:33:19","slug":"varhaiskasvatuksen-ja-esiopetuksen-paattyneet-projektit","status":"publish","type":"page","link":"https:\/\/blog.edu.turku.fi\/projektit\/varhaiskasvatuksen-ja-esiopetuksen-paattyneet-projektit\/","title":{"rendered":"Varhaiskasvatuksen ja esiopetuksen p\u00e4\u00e4ttyneet hankkeet"},"content":{"rendered":"<p><span class=\"ui-provider a b c d e f g h i j k l m n o p q r s t u v w x y z ab ac ae af ag ah ai aj ak\" dir=\"ltr\">T\u00e4\u00e4lt\u00e4 l\u00f6yd\u00e4t kootusti jo p\u00e4\u00e4ttyneiden hankkeiden esittelyt\/tulokset<\/span><\/p>\n<p><strong>Digipolku &#8211; digitaitojen yhteiset oppimispolut (OPH ja kaupungin omarahoitus, 2021-2024):<a href=\"https:\/\/blog.edu.turku.fi\/projektit\/digipolku-digitaitojen-yhteiset-oppimispolut\/\">Digipolku \u2013 digitaitojen yhteiset oppimispolut \u2013 Kasvatuksen ja opetuksen projektit (turku.fi)<\/a><\/strong><\/p>\n<p><strong>Johtamisen ja laadun kehitt\u00e4minen Turun varhaiskasvatuksessa (OKM ja kaupungin omarahoitus, 2022-2024): <a href=\"https:\/\/blog.edu.turku.fi\/projektit\/muut\/johtamisen-ja-laadun-kehittaminen-turun-varhaiskasvatuksessa\/\">Johtamisen ja laadun kehitt\u00e4minen Turun varhaiskasvatuksessa \u2013 Kasvatuksen ja opetuksen projektit<\/a><\/strong><\/p>\n<p><strong>Kaksivuotisen esiopetuksen kokeilu (OKM ja kaupungin omarahoitus, 2021-2024):<a href=\"https:\/\/eur04.safelinks.protection.outlook.com\/?url=https%3A%2F%2Fblog.edu.turku.fi%2Fprojektit%2Fvarhaiskasvatus%2Fkaksivuotisen-esiopetuksen-kokeilu%2F&amp;data=05%7C02%7C%7C952a97fdfa0d4a374fe108dc951779ab%7C6c5e2c8ad3f04a0b965842502c73e17b%7C0%7C0%7C638549175250377917%7CUnknown%7CTWFpbGZsb3d8eyJWIjoiMC4wLjAwMDAiLCJQIjoiV2luMzIiLCJBTiI6Ik1haWwiLCJXVCI6Mn0%3D%7C0%7C%7C%7C&amp;sdata=TOTL51t12aqDQY0uNolDLMo6OpjYsEYOjGQNd7o80es%3D&amp;reserved=0\">Kaksivuotisen esiopetuksen kokeilu \u2013 Kasvatuksen ja opetuksen projektit (turku.fi)<\/a><\/strong><\/p>\n<p><strong>Kielirikasteisen opetuksen kehitt\u00e4minen varhaiskasvatuksessa ja esiopetuksessa (OPH ja kaupungin omarahoitus, 2021-2023): <a href=\"https:\/\/blog.edu.turku.fi\/projektit\/varhaiskasvatus\/kielirikasteisen-opetuksen-kehittaminen-varhaiskasvatuksessa-ja-esiopetuksessa\/\">Kielirikasteisen opetuksen kehitt\u00e4minen varhaiskasvatuksessa ja esiopetuksessa \u2013 Kasvatuksen ja opetuksen projektit (turku.fi)<\/a><\/strong><\/p>\n<p><strong>Oskar &#8211; Osaamisen kuvaukset arjessa (OPH, 2022-2024):<a href=\"https:\/\/eur04.safelinks.protection.outlook.com\/?url=https%3A%2F%2Fblog.edu.turku.fi%2Fprojektit%2Fmuut%2Foskar-osaamisen-kuvaukset-arjessa%2F&amp;data=05%7C02%7C%7C952a97fdfa0d4a374fe108dc951779ab%7C6c5e2c8ad3f04a0b965842502c73e17b%7C0%7C0%7C638549175250391527%7CUnknown%7CTWFpbGZsb3d8eyJWIjoiMC4wLjAwMDAiLCJQIjoiV2luMzIiLCJBTiI6Ik1haWwiLCJXVCI6Mn0%3D%7C0%7C%7C%7C&amp;sdata=EHEQiL7Az%2Bce1QrnFG3YEnWXBHgqkBJaYmzZ8SAOpZs%3D&amp;reserved=0\">Oskar \u2013 Osaamisen kuvaukset arjessa \u2013 Kasvatuksen ja opetuksen projektit (turku.fi)<\/a><\/strong><\/p>\n<p><strong>Perhep\u00e4iv\u00e4hoidon digipedagogiikan kehitt\u00e4minen (OPH ja kaupungin omarahoitus, 2022-2023): <a href=\"https:\/\/blog.edu.turku.fi\/projektit\/varhaiskasvatus\/perhepaivahoidon-digipedagogiikan-kehittaminen\/\">Perhep\u00e4iv\u00e4hoidon digipedagogiikan kehitt\u00e4minen \u2013 Kasvatuksen ja opetuksen projektit (turku.fi)<\/a><\/strong><\/p>\n<p><strong>TURVAKOLTTU \u2013 Turun varhaiskasvatuksen kolmitasoinen tuki (OKM ja kaupungin omarahoitus, 2022-2024):<\/strong>\u00a0<a href=\"https:\/\/blog.edu.turku.fi\/projektit\/varhaiskasvatus\/turvakolttu-turun-varhaiskasvatuksen-kolmitasoinen-tuki\/\">TURVAKOLTTU -Turun varhaiskasvatuksen kolmitasoinen tuki \u2013 Kasvatuksen ja opetuksen projektit<\/a><\/p>\n<p><strong>Uudet lukutaidot osaksi varhaiskasvatuksen arkea (OKM ja kaupungin omarahoitus, 2022-2024): <a href=\"https:\/\/eur04.safelinks.protection.outlook.com\/?url=https%3A%2F%2Fblog.edu.turku.fi%2Fprojektit%2Fvarhaiskasvatus%2Fuudet-lukutaidot-osaksi-varhaiskasvatuksen-arkea%2F&amp;data=05%7C02%7C%7C952a97fdfa0d4a374fe108dc951779ab%7C6c5e2c8ad3f04a0b965842502c73e17b%7C0%7C0%7C638549175250398492%7CUnknown%7CTWFpbGZsb3d8eyJWIjoiMC4wLjAwMDAiLCJQIjoiV2luMzIiLCJBTiI6Ik1haWwiLCJXVCI6Mn0%3D%7C0%7C%7C%7C&amp;sdata=2PlFgDqpWGOFkybNW48WgM0ifvUc4CkCsfzOc8RiuYs%3D&amp;reserved=0\">Uudet lukutaidot osaksi varhaiskasvatuksen arkea \u2013 Kasvatuksen ja opetuksen projektit (turku.fi)<\/a><\/strong><\/p>\n<p><strong>Varhaiskasvatuksen oppimisen tuen kehitt\u00e4minen Varsinais-Suomessa (OKM ja kaupungin omarahoitus, 2021-2023): <a href=\"https:\/\/blog.edu.turku.fi\/projektit\/varhaiskasvatus\/varhaiskasvatuksen-oppimisen-tuen-kehittaminen-varsinais-suomessa\/\">Varhaiskasvatuksen oppimisen tuen kehitt\u00e4minen Varsinais-Suomessa \u2013 Kasvatuksen ja opetuksen projektit (turku.fi)<\/a><\/strong><\/p>\n<p><strong>Varhaiskasvatuksen toiminnanohjausj\u00e4rjestelm\u00e4n, eVaka:n, kehitt\u00e4minen avoimella l\u00e4hdekoodilla (Espoon kaupunki, Oulun kaupunki, Tampereen kaupunki ja Turun kaupunki, 2020-2023): <a href=\"https:\/\/blog.edu.turku.fi\/projektit\/varhaiskasvatus\/varhaiskasvatuksen-toiminnanohjausjarjestelman-evakan-kehittaminen-avoimella-lahdekoodilla\/\">Varhaiskasvatuksen toiminnanohjausj\u00e4rjestelm\u00e4n, eVaka:n, kehitt\u00e4minen avoimella l\u00e4hdekoodilla \u2013 Kasvatuksen ja opetuksen projektit (turku.fi)<\/a><\/strong><\/p>\n<p><strong>Vopeka ja Jopeka &#8211; varhaiskasvatuksen tvt-osaamisen arviointiv\u00e4lineet (OPH ja toteuttajaorganisaatiot, 2020-2024): <a href=\"https:\/\/eur04.safelinks.protection.outlook.com\/?url=https%3A%2F%2Fblog.edu.turku.fi%2Fprojektit%2Fvopeka-ja-jopeka-varhaiskasvatuksen-tvt-osaamisen-arviointivalineet%2F&amp;data=05%7C02%7C%7C952a97fdfa0d4a374fe108dc951779ab%7C6c5e2c8ad3f04a0b965842502c73e17b%7C0%7C0%7C638549175250404561%7CUnknown%7CTWFpbGZsb3d8eyJWIjoiMC4wLjAwMDAiLCJQIjoiV2luMzIiLCJBTiI6Ik1haWwiLCJXVCI6Mn0%3D%7C0%7C%7C%7C&amp;sdata=8oQ9wz3A5EVzDU7w9f6m80b7DxD1ZINmP8eP0zSrwh8%3D&amp;reserved=0\">Vopeka ja Jopeka \u2013 varhaiskasvatuksen tvt-osaamisen arviointiv\u00e4lineet \u2013 Kasvatuksen ja opetuksen projektit (turku.fi)<\/a><\/strong><\/p>\n","protected":false},"excerpt":{"rendered":"<p>T\u00e4\u00e4lt\u00e4 l\u00f6yd\u00e4t kootusti jo p\u00e4\u00e4ttyneiden hankkeiden esittelyt\/tulokset Digipolku &#8211; digitaitojen yhteiset oppimispolut (OPH ja kaupungin omarahoitus, 2021-2024):Digipolku \u2013 digitaitojen yhteiset oppimispolut \u2013 Kasvatuksen ja opetuksen projektit (turku.fi) Johtamisen ja laadun kehitt\u00e4minen Turun varhaiskasvatuksessa (OKM ja kaupungin omarahoitus, 2022-2024): Johtamisen ja laadun kehitt\u00e4minen Turun varhaiskasvatuksessa \u2013 Kasvatuksen ja opetuksen projektit Kaksivuotisen esiopetuksen kokeilu (OKM ja kaupungin &hellip; <a href=\"https:\/\/blog.edu.turku.fi\/projektit\/varhaiskasvatuksen-ja-esiopetuksen-paattyneet-projektit\/\" class=\"more-link\">Jatka lukemista<span class=\"screen-reader-text\"> &#8221;Varhaiskasvatuksen ja esiopetuksen p\u00e4\u00e4ttyneet hankkeet&#8221;<\/span><\/a><\/p>\n","protected":false},"author":3382,"featured_media":0,"parent":0,"menu_order":0,"comment_status":"closed","ping_status":"closed","template":"","meta":{"footnotes":""},"class_list":["post-668","page","type-page","status-publish","hentry"],"_links":{"self":[{"href":"https:\/\/blog.edu.turku.fi\/projektit\/wp-json\/wp\/v2\/pages\/668","targetHints":{"allow":["GET"]}}],"collection":[{"href":"https:\/\/blog.edu.turku.fi\/projektit\/wp-json\/wp\/v2\/pages"}],"about":[{"href":"https:\/\/blog.edu.turku.fi\/projektit\/wp-json\/wp\/v2\/types\/page"}],"author":[{"embeddable":true,"href":"https:\/\/blog.edu.turku.fi\/projektit\/wp-json\/wp\/v2\/users\/3382"}],"replies":[{"embeddable":true,"href":"https:\/\/blog.edu.turku.fi\/projektit\/wp-json\/wp\/v2\/comments?post=668"}],"version-history":[{"count":8,"href":"https:\/\/blog.edu.turku.fi\/projektit\/wp-json\/wp\/v2\/pages\/668\/revisions"}],"predecessor-version":[{"id":918,"href":"https:\/\/blog.edu.turku.fi\/projektit\/wp-json\/wp\/v2\/pages\/668\/revisions\/918"}],"wp:attachment":[{"href":"https:\/\/blog.edu.turku.fi\/projektit\/wp-json\/wp\/v2\/media?parent=668"}],"curies":[{"name":"wp","href":"https:\/\/api.w.org\/{rel}","templated":true}]}}