{"id":631,"date":"2024-01-08T13:50:13","date_gmt":"2024-01-08T11:50:13","guid":{"rendered":"https:\/\/blog.edu.turku.fi\/projektit\/?page_id=631"},"modified":"2024-01-23T09:29:35","modified_gmt":"2024-01-23T07:29:35","slug":"strapetsi-strategisen-ja-pedagogisen-toiminnan-johtaminen-ledning-av-strategisk-och-pedagogisk-verksamhet","status":"publish","type":"page","link":"https:\/\/blog.edu.turku.fi\/projektit\/strapetsi-strategisen-ja-pedagogisen-toiminnan-johtaminen-ledning-av-strategisk-och-pedagogisk-verksamhet\/","title":{"rendered":"Strapetsi &#8211; Strategisen ja pedagogisen toiminnan johtaminen \u2013 Ledning av strategisk och pedagogisk verksamhet"},"content":{"rendered":"<p><strong>Strapetsi &#8211; Strategisen ja pedagogisen toiminnan johtaminen &#8211; Ledning av strategisk och pedagogisk verksamhet<\/strong><br \/>\n<strong>Yhteyshenkil\u00f6:<\/strong> Marja Kannisto (marja.kannisto@turku.fi)<br \/>\n<strong>Tavoite:<\/strong> Hankkeessa luodaan ammatillisen koulutuksen strategisen ja pedagogisen johtamisen toimintamalli. Hankkeen tavoitteena on kehitt\u00e4\u00e4 ammatillisen koulutuksen johtamista ammatillisen koulutuksen toiminnan vaikuttavuuden, tuloksellisuuden ja laadun vahvistamiseksi. Sen mahdollisuutena on huomioida ammatillisen koulutuksen laaja-alainen kehitt\u00e4minen tietovarantoja hy\u00f6dynt\u00e4en. Tavoitteiden saavuttamisesta vastaa 81 ammatillisen koulutuksen j\u00e4rjest\u00e4j\u00e4n verkosto.<br \/>\n<strong>Kohderyhm\u00e4:<\/strong> Hankkeessa mukana olevien ammatillisten oppilaitosten henkil\u00f6st\u00f6 ja muut ammatilliset oppilaitokset<br \/>\n<strong>Toteutusaika:<\/strong> 1.12.2023-31.12.2024<br \/>\n<strong>Toteutusalue:<\/strong> Valtakunnallinen<br \/>\n<strong>Rahoittaja:<\/strong> Opetus- ja kulttuuriministeri\u00f6 (strategiarahoitus)<br \/>\n<strong>Nettisivut:<\/strong> <a href=\"https:\/\/eur04.safelinks.protection.outlook.com\/?url=https%3A%2F%2Fblog.edu.turku.fi%2Fstrapetsi%2F&amp;data=05%7C02%7C%7Ca29151ed2fc647324d1c08dc1b38f151%7C6c5e2c8ad3f04a0b965842502c73e17b%7C0%7C0%7C638415178571756773%7CUnknown%7CTWFpbGZsb3d8eyJWIjoiMC4wLjAwMDAiLCJQIjoiV2luMzIiLCJBTiI6Ik1haWwiLCJXVCI6Mn0%3D%7C3000%7C%7C%7C&amp;sdata=JY4tPzbZR11hnTWQRtDsU5XkM5ITcYxmFkCrN154KDg%3D&amp;reserved=0\">Strapetsi \u2013 Strategisen ja pedagogisen toiminnan johtaminen \u2013 Ledning av strategisk och pedagogisk verksamhet (turku.fi)<\/a><\/p>\n<p><img loading=\"lazy\" decoding=\"async\" class=\"wp-image-364 alignleft\" src=\"https:\/\/blog.edu.turku.fi\/projektit\/files\/2022\/06\/OKM-logo-2R-fi-sv-sininen-L100-CMYK-1.jpg\" alt=\"\" width=\"456\" height=\"70\" srcset=\"https:\/\/blog.edu.turku.fi\/projektit\/files\/2022\/06\/OKM-logo-2R-fi-sv-sininen-L100-CMYK-1.jpg 1024w, https:\/\/blog.edu.turku.fi\/projektit\/files\/2022\/06\/OKM-logo-2R-fi-sv-sininen-L100-CMYK-1-300x46.jpg 300w\" sizes=\"auto, (max-width: 456px) 85vw, 456px\" \/><\/p>\n","protected":false},"excerpt":{"rendered":"<p>Strapetsi &#8211; Strategisen ja pedagogisen toiminnan johtaminen &#8211; Ledning av strategisk och pedagogisk verksamhet Yhteyshenkil\u00f6: Marja Kannisto (marja.kannisto@turku.fi) Tavoite: Hankkeessa luodaan ammatillisen koulutuksen strategisen ja pedagogisen johtamisen toimintamalli. Hankkeen tavoitteena on kehitt\u00e4\u00e4 ammatillisen koulutuksen johtamista ammatillisen koulutuksen toiminnan vaikuttavuuden, tuloksellisuuden ja laadun vahvistamiseksi. Sen mahdollisuutena on huomioida ammatillisen koulutuksen laaja-alainen kehitt\u00e4minen tietovarantoja hy\u00f6dynt\u00e4en. Tavoitteiden saavuttamisesta &hellip; <a href=\"https:\/\/blog.edu.turku.fi\/projektit\/strapetsi-strategisen-ja-pedagogisen-toiminnan-johtaminen-ledning-av-strategisk-och-pedagogisk-verksamhet\/\" class=\"more-link\">Jatka lukemista<span class=\"screen-reader-text\"> &#8221;Strapetsi &#8211; Strategisen ja pedagogisen toiminnan johtaminen \u2013 Ledning av strategisk och pedagogisk verksamhet&#8221;<\/span><\/a><\/p>\n","protected":false},"author":3382,"featured_media":0,"parent":0,"menu_order":0,"comment_status":"closed","ping_status":"closed","template":"","meta":{"footnotes":""},"class_list":["post-631","page","type-page","status-publish","hentry"],"_links":{"self":[{"href":"https:\/\/blog.edu.turku.fi\/projektit\/wp-json\/wp\/v2\/pages\/631","targetHints":{"allow":["GET"]}}],"collection":[{"href":"https:\/\/blog.edu.turku.fi\/projektit\/wp-json\/wp\/v2\/pages"}],"about":[{"href":"https:\/\/blog.edu.turku.fi\/projektit\/wp-json\/wp\/v2\/types\/page"}],"author":[{"embeddable":true,"href":"https:\/\/blog.edu.turku.fi\/projektit\/wp-json\/wp\/v2\/users\/3382"}],"replies":[{"embeddable":true,"href":"https:\/\/blog.edu.turku.fi\/projektit\/wp-json\/wp\/v2\/comments?post=631"}],"version-history":[{"count":4,"href":"https:\/\/blog.edu.turku.fi\/projektit\/wp-json\/wp\/v2\/pages\/631\/revisions"}],"predecessor-version":[{"id":714,"href":"https:\/\/blog.edu.turku.fi\/projektit\/wp-json\/wp\/v2\/pages\/631\/revisions\/714"}],"wp:attachment":[{"href":"https:\/\/blog.edu.turku.fi\/projektit\/wp-json\/wp\/v2\/media?parent=631"}],"curies":[{"name":"wp","href":"https:\/\/api.w.org\/{rel}","templated":true}]}}