{"id":624,"date":"2024-01-08T10:52:46","date_gmt":"2024-01-08T08:52:46","guid":{"rendered":"https:\/\/blog.edu.turku.fi\/projektit\/?page_id=624"},"modified":"2024-01-08T14:02:11","modified_gmt":"2024-01-08T12:02:11","slug":"cove-care-about-it","status":"publish","type":"page","link":"https:\/\/blog.edu.turku.fi\/projektit\/ammatillinen\/cove-care-about-it\/","title":{"rendered":"CoVE &#8211; Care about IT"},"content":{"rendered":"<p><strong>CoVE-Care about IT<\/strong><br \/>\n<strong>Yhteyshenkil\u00f6:<\/strong> Sanna Paloposki (sanna.paloposki@turku.fi)<br \/>\n<strong>Kuvaus:<\/strong> Care about IT on Erasmus+ -rahoitteinen nelj\u00e4n maan yhteishanke, jota johtaa hollantilainen Noorderpoort College. Hankeverkostossa on mukana oppilaitoksia ja terveydenhuollon ja IT-alan toimijoita Hollannista, Virosta, Italiasta ja Suomesta. Suomesta hankkeeseen osallistuvat Turun ammatti-instituutti sek\u00e4 Turku City Data Oy.<br \/>\n<strong>Tavoite:<\/strong> Care about IT pyrkii vastaamaan mm. v\u00e4est\u00f6n ik\u00e4\u00e4ntymisest\u00e4 johtuvaan hoito- ja hoiva-alan kasvavaan tarpeeseen sek\u00e4 ty\u00f6voimapulaan kehitt\u00e4m\u00e4ll\u00e4 terveysteknologian osaamista ja k\u00e4ytt\u00f6\u00e4 sosiaali- ja terveysalalla. Siin\u00e4 lis\u00e4t\u00e4\u00e4n sosiaali- ja terveysalan sek\u00e4 IT-alan v\u00e4list\u00e4 yhteisty\u00f6t\u00e4. Samalla pyrit\u00e4\u00e4n parantamaan sosiaali- ja terveysalan veto- ja pitovoimaa. Hankkeessa luodaan alueellinen ammatillisen koulutuksen huippuyksikk\u00f6, \u201dCenter of Vocational Excellence\u201d, jonka tavoitteena on kehitt\u00e4\u00e4 alan opetusta ja osaamista vastaamaan yh\u00e4 paremmin elinkeinoel\u00e4m\u00e4n tarpeisiin. Turun ammatti-instituutti vastaa hankkeessa opetuksen ja t\u00e4ydennyskoulutuksen kehitt\u00e4misest\u00e4 ja osaamismerkkien k\u00e4ytt\u00f6\u00f6notosta.<br \/>\n<strong>Kohderyhm\u00e4:<\/strong> ammatillisten oppilaitosten opiskelijat ja henkil\u00f6st\u00f6, ICT- ja sote-alan yritykset ja nykyiset ja tulevat ty\u00f6ntekij\u00e4t<br \/>\n<strong>Toteutusaika:<\/strong> 15.6.2023\u201314.6. 2027<br \/>\n<strong>Toteutusalue:<\/strong> Euroopan laajuinen<br \/>\n<strong>Rahoittaja:<\/strong> Euroopan Unioni<\/p>\n<p><img loading=\"lazy\" decoding=\"async\" class=\"alignleft size-medium wp-image-625\" src=\"https:\/\/blog.edu.turku.fi\/projektit\/files\/2024\/01\/logo-CaIT-300x169.png\" alt=\"\" width=\"300\" height=\"169\" srcset=\"https:\/\/blog.edu.turku.fi\/projektit\/files\/2024\/01\/logo-CaIT-300x169.png 300w, https:\/\/blog.edu.turku.fi\/projektit\/files\/2024\/01\/logo-CaIT.png 450w\" sizes=\"auto, (max-width: 300px) 85vw, 300px\" \/> <img loading=\"lazy\" decoding=\"async\" class=\"alignleft size-medium wp-image-626\" src=\"https:\/\/blog.edu.turku.fi\/projektit\/files\/2024\/01\/EN-Co-funded-by-the-EU_BLACK-Outline-300x63.jpg\" alt=\"\" width=\"300\" height=\"63\" srcset=\"https:\/\/blog.edu.turku.fi\/projektit\/files\/2024\/01\/EN-Co-funded-by-the-EU_BLACK-Outline-300x63.jpg 300w, https:\/\/blog.edu.turku.fi\/projektit\/files\/2024\/01\/EN-Co-funded-by-the-EU_BLACK-Outline.jpg 1024w\" sizes=\"auto, (max-width: 300px) 85vw, 300px\" \/><\/p>\n","protected":false},"excerpt":{"rendered":"<p>CoVE-Care about IT Yhteyshenkil\u00f6: Sanna Paloposki (sanna.paloposki@turku.fi) Kuvaus: Care about IT on Erasmus+ -rahoitteinen nelj\u00e4n maan yhteishanke, jota johtaa hollantilainen Noorderpoort College. Hankeverkostossa on mukana oppilaitoksia ja terveydenhuollon ja IT-alan toimijoita Hollannista, Virosta, Italiasta ja Suomesta. Suomesta hankkeeseen osallistuvat Turun ammatti-instituutti sek\u00e4 Turku City Data Oy. Tavoite: Care about IT pyrkii vastaamaan mm. v\u00e4est\u00f6n ik\u00e4\u00e4ntymisest\u00e4 &hellip; <a href=\"https:\/\/blog.edu.turku.fi\/projektit\/ammatillinen\/cove-care-about-it\/\" class=\"more-link\">Jatka lukemista<span class=\"screen-reader-text\"> &#8221;CoVE &#8211; Care about IT&#8221;<\/span><\/a><\/p>\n","protected":false},"author":3252,"featured_media":0,"parent":13,"menu_order":0,"comment_status":"closed","ping_status":"closed","template":"","meta":{"footnotes":""},"class_list":["post-624","page","type-page","status-publish","hentry"],"_links":{"self":[{"href":"https:\/\/blog.edu.turku.fi\/projektit\/wp-json\/wp\/v2\/pages\/624","targetHints":{"allow":["GET"]}}],"collection":[{"href":"https:\/\/blog.edu.turku.fi\/projektit\/wp-json\/wp\/v2\/pages"}],"about":[{"href":"https:\/\/blog.edu.turku.fi\/projektit\/wp-json\/wp\/v2\/types\/page"}],"author":[{"embeddable":true,"href":"https:\/\/blog.edu.turku.fi\/projektit\/wp-json\/wp\/v2\/users\/3252"}],"replies":[{"embeddable":true,"href":"https:\/\/blog.edu.turku.fi\/projektit\/wp-json\/wp\/v2\/comments?post=624"}],"version-history":[{"count":5,"href":"https:\/\/blog.edu.turku.fi\/projektit\/wp-json\/wp\/v2\/pages\/624\/revisions"}],"predecessor-version":[{"id":638,"href":"https:\/\/blog.edu.turku.fi\/projektit\/wp-json\/wp\/v2\/pages\/624\/revisions\/638"}],"up":[{"embeddable":true,"href":"https:\/\/blog.edu.turku.fi\/projektit\/wp-json\/wp\/v2\/pages\/13"}],"wp:attachment":[{"href":"https:\/\/blog.edu.turku.fi\/projektit\/wp-json\/wp\/v2\/media?parent=624"}],"curies":[{"name":"wp","href":"https:\/\/api.w.org\/{rel}","templated":true}]}}