{"id":616,"date":"2023-12-22T07:33:01","date_gmt":"2023-12-22T05:33:01","guid":{"rendered":"https:\/\/blog.edu.turku.fi\/projektit\/?page_id=616"},"modified":"2024-09-17T13:03:37","modified_gmt":"2024-09-17T10:03:37","slug":"johtamisen-ja-laadun-kehittaminen-turun-varhaiskasvatuksessa","status":"publish","type":"page","link":"https:\/\/blog.edu.turku.fi\/projektit\/muut\/johtamisen-ja-laadun-kehittaminen-turun-varhaiskasvatuksessa\/","title":{"rendered":"Johtamisen ja laadun kehitt\u00e4minen Turun varhaiskasvatuksessa"},"content":{"rendered":"<p><strong>Johtamisen ja laadun kehitt\u00e4minen Turun varhaiskasvatuksessa<\/strong><br \/>\n<strong>Yhteyshenkil\u00f6:<\/strong> Riikka Vuorinen (riikka.vuorinen@turku.fi)<br \/>\n<strong>Tavoite:<\/strong> Hanke kehitt\u00e4\u00e4 Turun kaupungin varhaiskasvatuksen laatu- ja arviointity\u00f6t\u00e4 sek\u00e4 johtamisk\u00e4yt\u00e4nt\u00f6j\u00e4. Toiminta on jaettu koko kunnan, p\u00e4iv\u00e4kotien, ja lapsiryhm\u00e4tiimien tasoille. P\u00e4iv\u00e4kotien ja tiimien tasolla p\u00e4\u00e4huomio on arvioinnin, laadunhallinnan sek\u00e4 johtamis- ja toimintakulttuurin kehitt\u00e4misess\u00e4 alueiden erityispiirteet huomioiden; kuntatasolla fokus on johtamisen lis\u00e4ksi koko hankkeen tulosten juurruttamisessa. Hanke j\u00e4rjest\u00e4\u00e4 my\u00f6s laadunhallinnan, arvioinnin ja johtamisen koulutusta. Hankkeen tavoitteena on kehitt\u00e4\u00e4 ja yhdenmukaistaa varhaiskasvatuksen eri tasojen (kunnallinen, yksikk\u00f6tasoinen, perhep\u00e4iv\u00e4hoito, p\u00e4iv\u00e4kotiryhmien tiimit) johtamisen k\u00e4yt\u00e4nt\u00f6j\u00e4, rakenteita ja kulttuuria toiminta-alueiden erityisyydet huomioon ottaen. Tavoitteena on kehitt\u00e4\u00e4 ja yhdenmukaistaa varhaiskasvatuksen johtamisen k\u00e4yt\u00e4nt\u00f6j\u00e4, rakenteita ja toimintakulttuuria.<br \/>\n<strong>Kohderyhm\u00e4:<\/strong> Varhaiskasvatuksen johto ja henkil\u00f6st\u00f6<br \/>\n<strong>Toteutusaika:<\/strong> 1.8.2022-31.12.2024<br \/>\n<strong>Toteutusalue:<\/strong>\u00a0Turku<br \/>\n<strong>Rahoittaja:<\/strong>\u00a0Opetus- ja kulttuuriministeri\u00f6 ja kaupungin omarahoitus<\/p>\n<p><img loading=\"lazy\" decoding=\"async\" class=\"wp-image-364 alignleft\" src=\"https:\/\/blog.edu.turku.fi\/projektit\/files\/2022\/06\/OKM-logo-2R-fi-sv-sininen-L100-CMYK-1.jpg\" alt=\"\" width=\"456\" height=\"70\" srcset=\"https:\/\/blog.edu.turku.fi\/projektit\/files\/2022\/06\/OKM-logo-2R-fi-sv-sininen-L100-CMYK-1.jpg 1024w, https:\/\/blog.edu.turku.fi\/projektit\/files\/2022\/06\/OKM-logo-2R-fi-sv-sininen-L100-CMYK-1-300x46.jpg 300w\" sizes=\"auto, (max-width: 456px) 85vw, 456px\" \/> <img loading=\"lazy\" decoding=\"async\" class=\"alignnone size-medium wp-image-41\" src=\"https:\/\/blog.edu.turku.fi\/projektit\/files\/2022\/01\/blog-turku-logo-150x82.png\" alt=\"Turun kaupungin logo\" width=\"150\" height=\"82\" \/><\/p>\n","protected":false},"excerpt":{"rendered":"<p>Johtamisen ja laadun kehitt\u00e4minen Turun varhaiskasvatuksessa Yhteyshenkil\u00f6: Riikka Vuorinen (riikka.vuorinen@turku.fi) Tavoite: Hanke kehitt\u00e4\u00e4 Turun kaupungin varhaiskasvatuksen laatu- ja arviointity\u00f6t\u00e4 sek\u00e4 johtamisk\u00e4yt\u00e4nt\u00f6j\u00e4. Toiminta on jaettu koko kunnan, p\u00e4iv\u00e4kotien, ja lapsiryhm\u00e4tiimien tasoille. P\u00e4iv\u00e4kotien ja tiimien tasolla p\u00e4\u00e4huomio on arvioinnin, laadunhallinnan sek\u00e4 johtamis- ja toimintakulttuurin kehitt\u00e4misess\u00e4 alueiden erityispiirteet huomioiden; kuntatasolla fokus on johtamisen lis\u00e4ksi koko hankkeen tulosten juurruttamisessa. &hellip; <a href=\"https:\/\/blog.edu.turku.fi\/projektit\/muut\/johtamisen-ja-laadun-kehittaminen-turun-varhaiskasvatuksessa\/\" class=\"more-link\">Jatka lukemista<span class=\"screen-reader-text\"> &#8221;Johtamisen ja laadun kehitt\u00e4minen Turun varhaiskasvatuksessa&#8221;<\/span><\/a><\/p>\n","protected":false},"author":3382,"featured_media":0,"parent":15,"menu_order":0,"comment_status":"closed","ping_status":"closed","template":"","meta":{"footnotes":""},"class_list":["post-616","page","type-page","status-publish","hentry"],"_links":{"self":[{"href":"https:\/\/blog.edu.turku.fi\/projektit\/wp-json\/wp\/v2\/pages\/616","targetHints":{"allow":["GET"]}}],"collection":[{"href":"https:\/\/blog.edu.turku.fi\/projektit\/wp-json\/wp\/v2\/pages"}],"about":[{"href":"https:\/\/blog.edu.turku.fi\/projektit\/wp-json\/wp\/v2\/types\/page"}],"author":[{"embeddable":true,"href":"https:\/\/blog.edu.turku.fi\/projektit\/wp-json\/wp\/v2\/users\/3382"}],"replies":[{"embeddable":true,"href":"https:\/\/blog.edu.turku.fi\/projektit\/wp-json\/wp\/v2\/comments?post=616"}],"version-history":[{"count":6,"href":"https:\/\/blog.edu.turku.fi\/projektit\/wp-json\/wp\/v2\/pages\/616\/revisions"}],"predecessor-version":[{"id":904,"href":"https:\/\/blog.edu.turku.fi\/projektit\/wp-json\/wp\/v2\/pages\/616\/revisions\/904"}],"up":[{"embeddable":true,"href":"https:\/\/blog.edu.turku.fi\/projektit\/wp-json\/wp\/v2\/pages\/15"}],"wp:attachment":[{"href":"https:\/\/blog.edu.turku.fi\/projektit\/wp-json\/wp\/v2\/media?parent=616"}],"curies":[{"name":"wp","href":"https:\/\/api.w.org\/{rel}","templated":true}]}}