{"id":602,"date":"2023-11-13T13:03:58","date_gmt":"2023-11-13T11:03:58","guid":{"rendered":"https:\/\/blog.edu.turku.fi\/projektit\/?page_id=602"},"modified":"2024-03-14T13:19:46","modified_gmt":"2024-03-14T11:19:46","slug":"poljin-polkuja-jatko-opintoihin","status":"publish","type":"page","link":"https:\/\/blog.edu.turku.fi\/projektit\/ammatillinen\/poljin-polkuja-jatko-opintoihin\/","title":{"rendered":"POLJIN &#8211; Polkuja jatko-opintoihin"},"content":{"rendered":"<p><strong>Yhteyshenkil\u00f6:\u00a0<\/strong>Miia Lehtonen (miia.m.lehtonen@turku.fi)<\/p>\n<p><img loading=\"lazy\" decoding=\"async\" class=\"alignnone wp-image-605 size-medium\" src=\"https:\/\/blog.edu.turku.fi\/projektit\/files\/2023\/11\/FI_Co-fundedbytheEU_RGB_POS-300x71.png\" alt=\"EU-lipputunnus, jonka yhteydess\u00e4 on teksti \u201dEuroopan unionin osarahoittama\u201d.\" width=\"300\" height=\"71\" srcset=\"https:\/\/blog.edu.turku.fi\/projektit\/files\/2023\/11\/FI_Co-fundedbytheEU_RGB_POS-300x71.png 300w, https:\/\/blog.edu.turku.fi\/projektit\/files\/2023\/11\/FI_Co-fundedbytheEU_RGB_POS-1024x243.png 1024w\" sizes=\"auto, (max-width: 300px) 85vw, 300px\" \/><\/p>\n<p><strong>Tavoite:<\/strong> Hankkeen ensisijaisena tavoitteena on tuoda helpotusta varhaiskasvatuksen ja sosiaali- ja terveydenhuollon ty\u00f6voimapulaan jatkuvaa oppimista hy\u00f6dynt\u00e4m\u00e4ll\u00e4.<\/p>\n<p>Teemoittain tavoitteet ovat seuraavat:<\/p>\n<ul>\n<li style=\"list-style-type: none\">\n<ul>\n<li>A. VARHAISKASVATUS<br \/>\nVarhaiskasvatuksen osalta hankkeen tavoitteena on lis\u00e4t\u00e4 varhaiskasvatuksen opettajaksi (VO) hakeutuvien ja opiskelevien henkil\u00f6iden m\u00e4\u00e4r\u00e4\u00e4. Uusia VO-opintoihin l\u00e4htevi\u00e4 haetaan sek\u00e4 ammatillisista opiskelijoista (etenkin perustutkinto opiskelijoista) ett\u00e4 ty\u00f6el\u00e4m\u00e4ss\u00e4 olevista varhaiskasvatuksen lastenhoitajista. Ammatillisessa koulutuksessa sosiaali- ja terveysalaa tai kasvatus- ja opetusalaa opiskeleville rakennetaan VO-opintoihin johtava opintopolku. Ty\u00f6el\u00e4m\u00e4ss\u00e4 jo olevien varhaiskasvatuksen lastenhoitajien jatkuvan oppimisen tueksi hankkeessa levitet\u00e4\u00e4n ja jatkokehitet\u00e4\u00e4n Turun kristillisen opiston rakentamaa, ty\u00f6n ohessa suoritettavaa VO-koulutuspolun mallia.<\/li>\n<li>B. SOSIAALI- JA TERVEYSALA<br \/>\nSosiaali- ja terveysalalla hankkeen tavoitteena on alan veto- ja pitovoiman parantaminen. Koulutuksen vetovoimaa kohennetaan mm. suunnittelemalla ja toteuttamalla malleja ammattikelpoisuuden (l\u00e4hihoitaja\/hoiva-avustaja, my\u00f6s varhaiskasvatuksen lastenhoitaja\/ p\u00e4iv\u00e4kotiavustaja) nopeampaan ja sujuvampaan hankkimiseen opiskelijoille, joilla on entuudestaan alan osaamista, esim. muualla suoritettu tutkinto jota ei Suomessa tunnusteta.<\/li>\n<li>C. JATKUVAN OPPIMISEN TUKI<br \/>\nJatkuvan oppimisen tuen teemassa tavoitteena on kehitt\u00e4\u00e4 niin opiskelijoiden kuin ty\u00f6el\u00e4m\u00e4ss\u00e4 olevienkin jatko opintovalmiuksia, ammatillisen koulutuksen j\u00e4rjest\u00e4jien ohjausosaamista sek\u00e4 ohjausta tukevia menetelmi\u00e4 ja v\u00e4lineit\u00e4 toisen asteen j\u00e4lkeiseen nivelvaiheeseen. N\u00e4iden tavoitteiden edist\u00e4miseksi teemassa kehitet\u00e4\u00e4n jatko-opintokoordinaattorin ty\u00f6nkuva, jota my\u00f6s pilotoidaan hankkeessa. Teeman ty\u00f6kokonaisuudessa toteutettavat toimenpiteet tukevat molempien muiden teemakokonaisuuksien ty\u00f6t\u00e4.<\/li>\n<\/ul>\n<\/li>\n<\/ul>\n<p><strong>Odotettavissa olevat tulokset:<\/strong><\/p>\n<ul>\n<li style=\"list-style-type: none\">\n<ul>\n<li>A. VARHAISKASVATUS<br \/>\nHankkeessa rakennetaan sosiaali- ja terveysalan sek\u00e4 kasvatus- ja ohjausalan (perustutkinto-)opiskelijoille polkuopinnot korkea-asteelle varhaiskasvatuksen opettajan opintoihin (jatkossa vo-opinnot).Ty\u00f6kokonaisuudessa jatkokehitet\u00e4\u00e4n Turun kristillisen opiston (TKO) Ohjauksen nivelet kuntoon\u00a0 -hankkeessa kehitt\u00e4m\u00e4\u00e4 toimintamallia ty\u00f6ss\u00e4 olevien lastenhoitajien ty\u00f6n ohella teht\u00e4vist\u00e4 vo-opinnoista. TKO on ohjannut opintoja yhteisty\u00f6ss\u00e4 Turun avoimen yliopiston kanssa. Mallia jatkokehitet\u00e4\u00e4n ja pilotoidaan muilla hankealueilla. Se kohdistetaan ty\u00f6el\u00e4m\u00e4ss\u00e4 oleville varhaiskasvatuksen lastenhoitajille ja lastenhoitajan teht\u00e4viss\u00e4 ty\u00f6skenteleville.<\/li>\n<li>B. SOSIAALI- JA TERVEYSALA<br \/>\nSosiaali- ja terveysalan koulutuksen vetovoiman lis\u00e4\u00e4miseksi kehitet\u00e4\u00e4n nopeampia, sujuvampia opintopolkuja alalle tuleville aikuisopiskelijoille, etenkin maahanmuuttajille. Osana ty\u00f6t\u00e4 kehitet\u00e4\u00e4n joustava, ty\u00f6el\u00e4m\u00e4l\u00e4ht\u00f6inen ja opiskelijan taustan (esim. ty\u00f6kokemus, ulkomainen tutkinto) huomioon ottava polku suomalaiseen ammattikelpoisuuteen (esim.l\u00e4hihoitaja\/hoiva-avustaja). Toiminnassa k\u00e4ytet\u00e4\u00e4n hyv\u00e4ksi International House Turun tekem\u00e4\u00e4 kehitt\u00e4misty\u00f6t\u00e4. Opiskelijarekrytointi ja koulutuspolkujen markkinointi alanvaihtajille tai ulkomailla alan tutkinnon suorittaneille n\u00e4yttelee merkitt\u00e4v\u00e4\u00e4 osaa ty\u00f6kokonaisuudessa.Sote-alan ty\u00f6el\u00e4m\u00e4n pitovoimaa parannetaan hankkeessa kehitt\u00e4m\u00e4ll\u00e4 aloittelevien ty\u00f6ntekij\u00f6iden (et. maahanmuuttajien) ohjausta ja perehdytyst\u00e4 ty\u00f6paikoilla ja ty\u00f6nantajien sek\u00e4 ty\u00f6ntekij\u00f6iden urasuunnitteluvalmiuksia. Urasuunnittelu integroidaan osaksi alan t\u00e4ydennyskoulutusten sek\u00e4 ammatti- ja erityisammattitutkintojen sis\u00e4lt\u00f6j\u00e4 yhteisty\u00f6ss\u00e4 ty\u00f6el\u00e4m\u00e4n kanssa.<\/li>\n<li>C. JATKUVAN OPPIMISEN TUKI<br \/>\nKokonaisuudessa kehitet\u00e4\u00e4n toimintamalleja, jotka tukevat korkeakouluopintojen edellytt\u00e4mien opiskeluvalmiuksien saavuttamista sek\u00e4 auttavat opiskelijoita hy\u00f6dynt\u00e4m\u00e4\u00e4n omaa osaamisperustaansa ja ty\u00f6ss\u00e4 tapahtuvaa jatkuvaa oppimista opintojen tukena. Samalla tuetaan muita ty\u00f6kokonaisuuksia vahvistamalla koulutuksen j\u00e4rjest\u00e4jien osaamista 2. asteen j\u00e4lkeisess\u00e4 nivelvaiheyhteisty\u00f6ss\u00e4 ja jatko-opintoihin ohjauksessa. Ty\u00f6 alkaa ohjauksen ja yhteisty\u00f6n toimintamallien kartoittamisella; mallit ovat p\u00e4\u00e4s\u00e4\u00e4nt\u00f6isesti kahdenv\u00e4lisi\u00e4 toisen ja korkea-asteen oppilaitosten v\u00e4lill\u00e4, joten kattavaa selvityst\u00e4 n\u00e4ist\u00e4 ei ole.Pilotoitaviin ohjausmalleihin kuuluu mm. jatko opintokoordinaattorin ty\u00f6nkuvan luominen ja pilotointi ammatillisissa oppilaitoksissa. T\u00e4m\u00e4n ty\u00f6nkuvaan kuuluu ainakin jatko-opintojen markkinointi ja niist\u00e4 tiedottaminen sek\u00e4 opiskelijoille ett\u00e4 henkil\u00f6st\u00f6lle, polku- ja v\u00e4yl\u00e4opintoihin liittyv\u00e4t prosessit sek\u00e4 opettajien tukeminen mm. korkeakouluissa vaadittavien opiskelutaitojen kehitt\u00e4misess\u00e4 sek\u00e4 ohjauksessa. Teht\u00e4viin kuuluu my\u00f6s korkeakouluyhteisty\u00f6 ja mahdollisten uusien, my\u00f6s ei- paikallisten yhteisty\u00f6korkeakoulujen kartoittaminen.<\/li>\n<\/ul>\n<\/li>\n<\/ul>\n<p><strong>Kohderyhm\u00e4:<\/strong><\/p>\n<p>Hankkeen t\u00e4rkeimm\u00e4t v\u00e4lilliset kohderyhm\u00e4t ovat<\/p>\n<ul>\n<li style=\"list-style-type: none\">\n<ul>\n<li>varhaiskasvatusalan sek\u00e4 sosiaali- ja terveysalan palveluntarjoajat yleens\u00e4<\/li>\n<li>toteutusalueen varhaiskasvatusalan sek\u00e4 sosiaali- ja terveysalan ty\u00f6nantajat, jotka tarvitsevat lis\u00e4\u00e4 koulutettua ja erityisesti korkeakoulutettua ty\u00f6voimaa ja ovat valmiita tukemaan omia ty\u00f6ntekij\u00f6it\u00e4\u00e4n osaamisen ja mahdollisesti my\u00f6s jatkotutkintojen hankkimisessa.<\/li>\n<\/ul>\n<\/li>\n<\/ul>\n<p>Lis\u00e4ksi hankkeen levitt\u00e4misty\u00f6n kautta v\u00e4lilliseen kohderyhm\u00e4\u00e4n kuuluvat hankkeen ulkopuoliset ammatilliset oppilaitokset eri puolilla Suomea, ohjauksen ja maahanmuuttajaty\u00f6n palveluntarjoajat sek\u00e4 ammatillisen koulutuksen sidosryhm\u00e4t (esim. ammattiliitot, yritt\u00e4j\u00e4j\u00e4rjest\u00f6t).<\/p>\n<p><strong>Rahoitustuen m\u00e4\u00e4r\u00e4:<\/strong> Ryhm\u00e4hankkeelle osoitettu tuen kokonaism\u00e4\u00e4r\u00e4 on enint\u00e4\u00e4n 1 029 559 euroa.<\/p>\n<p><strong>Toteutusalue:<\/strong> Varsinais-Suomi ja Satakunta<\/p>\n<p><strong>Ryhm\u00e4hankkeen toteuttajat:<\/strong><\/p>\n<ul>\n<li style=\"list-style-type: none\">\n<ul>\n<li>Turun kaupunki, P\u00e4\u00e4hankkeen toteuttaja<\/li>\n<li>L\u00e4nsirannikon Koulutus Oy, Osahankkeen toteuttaja<\/li>\n<li>Salon Seudun Koulutuskuntayhtym\u00e4, Osahankkeen toteuttaja<\/li>\n<li>Lounais-Suomen koulutuskuntayhtym\u00e4, Osahankkeen toteuttaja<\/li>\n<li>Turun kristillisen opiston s\u00e4\u00e4ti\u00f6 sr, Osahankkeen toteuttaja<\/li>\n<\/ul>\n<\/li>\n<\/ul>\n<p><strong>Toteutusaika: <\/strong>1.8.2023-31.7.2026<br \/>\n<strong>Rahoittaja: <\/strong>Keski-Suomen elinkeino-, liikenne- ja ymp\u00e4rist\u00f6keskus<br \/>\n<strong>Hankkeen kotisivut:<\/strong> https:\/\/blog.edu.turku.fi\/poljin\/<\/p>\n","protected":false},"excerpt":{"rendered":"<p>Yhteyshenkil\u00f6:\u00a0Miia Lehtonen (miia.m.lehtonen@turku.fi) Tavoite: Hankkeen ensisijaisena tavoitteena on tuoda helpotusta varhaiskasvatuksen ja sosiaali- ja terveydenhuollon ty\u00f6voimapulaan jatkuvaa oppimista hy\u00f6dynt\u00e4m\u00e4ll\u00e4. Teemoittain tavoitteet ovat seuraavat: A. VARHAISKASVATUS Varhaiskasvatuksen osalta hankkeen tavoitteena on lis\u00e4t\u00e4 varhaiskasvatuksen opettajaksi (VO) hakeutuvien ja opiskelevien henkil\u00f6iden m\u00e4\u00e4r\u00e4\u00e4. Uusia VO-opintoihin l\u00e4htevi\u00e4 haetaan sek\u00e4 ammatillisista opiskelijoista (etenkin perustutkinto opiskelijoista) ett\u00e4 ty\u00f6el\u00e4m\u00e4ss\u00e4 olevista varhaiskasvatuksen lastenhoitajista. Ammatillisessa &hellip; <a href=\"https:\/\/blog.edu.turku.fi\/projektit\/ammatillinen\/poljin-polkuja-jatko-opintoihin\/\" class=\"more-link\">Jatka lukemista<span class=\"screen-reader-text\"> &#8221;POLJIN &#8211; Polkuja jatko-opintoihin&#8221;<\/span><\/a><\/p>\n","protected":false},"author":3136,"featured_media":0,"parent":13,"menu_order":0,"comment_status":"closed","ping_status":"closed","template":"","meta":{"footnotes":""},"class_list":["post-602","page","type-page","status-publish","hentry"],"_links":{"self":[{"href":"https:\/\/blog.edu.turku.fi\/projektit\/wp-json\/wp\/v2\/pages\/602","targetHints":{"allow":["GET"]}}],"collection":[{"href":"https:\/\/blog.edu.turku.fi\/projektit\/wp-json\/wp\/v2\/pages"}],"about":[{"href":"https:\/\/blog.edu.turku.fi\/projektit\/wp-json\/wp\/v2\/types\/page"}],"author":[{"embeddable":true,"href":"https:\/\/blog.edu.turku.fi\/projektit\/wp-json\/wp\/v2\/users\/3136"}],"replies":[{"embeddable":true,"href":"https:\/\/blog.edu.turku.fi\/projektit\/wp-json\/wp\/v2\/comments?post=602"}],"version-history":[{"count":10,"href":"https:\/\/blog.edu.turku.fi\/projektit\/wp-json\/wp\/v2\/pages\/602\/revisions"}],"predecessor-version":[{"id":754,"href":"https:\/\/blog.edu.turku.fi\/projektit\/wp-json\/wp\/v2\/pages\/602\/revisions\/754"}],"up":[{"embeddable":true,"href":"https:\/\/blog.edu.turku.fi\/projektit\/wp-json\/wp\/v2\/pages\/13"}],"wp:attachment":[{"href":"https:\/\/blog.edu.turku.fi\/projektit\/wp-json\/wp\/v2\/media?parent=602"}],"curies":[{"name":"wp","href":"https:\/\/api.w.org\/{rel}","templated":true}]}}