{"id":592,"date":"2023-09-07T12:56:12","date_gmt":"2023-09-07T09:56:12","guid":{"rendered":"https:\/\/blog.edu.turku.fi\/projektit\/?page_id=592"},"modified":"2024-01-08T16:14:10","modified_gmt":"2024-01-08T14:14:10","slug":"yhteisollisyydella-hyvinvointia-kouluihin","status":"publish","type":"page","link":"https:\/\/blog.edu.turku.fi\/projektit\/muut\/yhteisollisyydella-hyvinvointia-kouluihin\/","title":{"rendered":"Yhteis\u00f6llisyydell\u00e4 hyvinvointia kouluihin"},"content":{"rendered":"<p><strong>Yhteyshenkil\u00f6:<\/strong>\u00a0Elina Sandelin (<a href=\"mailto:etunimi.sukunimi@turku.fi\">etunimi.sukunimi@turku.fi<\/a>)<br \/>\n<strong>Tavoite:<\/strong>\u00a0 Projektin tavoitteena on vahvistaa ennaltaehk\u00e4isev\u00e4\u00e4 opiskeluhuoltoa, kehitt\u00e4\u00e4 siihen liittyvi\u00e4 kaupungin yhteisi\u00e4 toimintamalleja sek\u00e4 jalkauttaa n\u00e4it\u00e4 kaupungin kouluihin ja oppilaitoksiin. Toimenpiteiden avulla lis\u00e4t\u00e4\u00e4n oppilaiden ja opiskelijoiden hyvinvointia sek\u00e4 vahvistetaan yhteis\u00f6llisyytt\u00e4 tukevaa toimintaa yhteis\u00f6llisen opiskeluhuollon lis\u00e4ty\u00f6ntekij\u00f6iden voimin. Yhteisi\u00e4 toimintamalleja kehitet\u00e4\u00e4n koko koulupolulle esi- ja perusopetukseen sek\u00e4 lukio- ja ammatilliseen koulutukseen.<\/p>\n<p><strong>Kohderyhm\u00e4:<\/strong>\u00a0Esiopetuksen, perusopetuksen sek\u00e4 lukio- ja ammatillisen koulutuksen oppilaat ja opiskelijat, sek\u00e4 n\u00e4iden kanssa ty\u00f6skentelev\u00e4 opetus- ja ohjaushenkil\u00f6st\u00f6, jota sitoutetaan yhteis\u00f6llisen opiskeluhuollon ty\u00f6h\u00f6n.<\/p>\n<p><strong>Toteutusaika:<\/strong> 01.01.2023 \u2013 31.7.2024<br \/>\n<strong>Toteutusalue:\u00a0<\/strong>Turun kaupunki<br \/>\n<strong>Rahoittaja:<\/strong>\u00a0Opetus- ja kulttuuriministeri\u00f6 sek\u00e4 Turun kaupunki<\/p>\n<p>&nbsp;<\/p>\n<p><img loading=\"lazy\" decoding=\"async\" class=\"alignnone size-medium wp-image-41\" src=\"https:\/\/blog.edu.turku.fi\/projektit\/files\/2022\/01\/blog-turku-logo-150x82.png\" alt=\"Turun kaupungin logo\" width=\"150\" height=\"82\" \/><img loading=\"lazy\" decoding=\"async\" class=\"alignnone size-medium wp-image-364\" src=\"https:\/\/blog.edu.turku.fi\/projektit\/files\/2022\/06\/OKM-logo-2R-fi-sv-sininen-L100-CMYK-1-300x46.jpg\" alt=\"\" width=\"300\" height=\"46\" srcset=\"https:\/\/blog.edu.turku.fi\/projektit\/files\/2022\/06\/OKM-logo-2R-fi-sv-sininen-L100-CMYK-1-300x46.jpg 300w, https:\/\/blog.edu.turku.fi\/projektit\/files\/2022\/06\/OKM-logo-2R-fi-sv-sininen-L100-CMYK-1.jpg 1024w\" sizes=\"auto, (max-width: 300px) 85vw, 300px\" \/><\/p>\n","protected":false},"excerpt":{"rendered":"<p>Yhteyshenkil\u00f6:\u00a0Elina Sandelin (etunimi.sukunimi@turku.fi) Tavoite:\u00a0 Projektin tavoitteena on vahvistaa ennaltaehk\u00e4isev\u00e4\u00e4 opiskeluhuoltoa, kehitt\u00e4\u00e4 siihen liittyvi\u00e4 kaupungin yhteisi\u00e4 toimintamalleja sek\u00e4 jalkauttaa n\u00e4it\u00e4 kaupungin kouluihin ja oppilaitoksiin. Toimenpiteiden avulla lis\u00e4t\u00e4\u00e4n oppilaiden ja opiskelijoiden hyvinvointia sek\u00e4 vahvistetaan yhteis\u00f6llisyytt\u00e4 tukevaa toimintaa yhteis\u00f6llisen opiskeluhuollon lis\u00e4ty\u00f6ntekij\u00f6iden voimin. Yhteisi\u00e4 toimintamalleja kehitet\u00e4\u00e4n koko koulupolulle esi- ja perusopetukseen sek\u00e4 lukio- ja ammatilliseen koulutukseen. Kohderyhm\u00e4:\u00a0Esiopetuksen, perusopetuksen sek\u00e4 &hellip; <a href=\"https:\/\/blog.edu.turku.fi\/projektit\/muut\/yhteisollisyydella-hyvinvointia-kouluihin\/\" class=\"more-link\">Jatka lukemista<span class=\"screen-reader-text\"> &#8221;Yhteis\u00f6llisyydell\u00e4 hyvinvointia kouluihin&#8221;<\/span><\/a><\/p>\n","protected":false},"author":3269,"featured_media":0,"parent":15,"menu_order":4,"comment_status":"closed","ping_status":"closed","template":"","meta":{"footnotes":""},"class_list":["post-592","page","type-page","status-publish","hentry"],"_links":{"self":[{"href":"https:\/\/blog.edu.turku.fi\/projektit\/wp-json\/wp\/v2\/pages\/592","targetHints":{"allow":["GET"]}}],"collection":[{"href":"https:\/\/blog.edu.turku.fi\/projektit\/wp-json\/wp\/v2\/pages"}],"about":[{"href":"https:\/\/blog.edu.turku.fi\/projektit\/wp-json\/wp\/v2\/types\/page"}],"author":[{"embeddable":true,"href":"https:\/\/blog.edu.turku.fi\/projektit\/wp-json\/wp\/v2\/users\/3269"}],"replies":[{"embeddable":true,"href":"https:\/\/blog.edu.turku.fi\/projektit\/wp-json\/wp\/v2\/comments?post=592"}],"version-history":[{"count":2,"href":"https:\/\/blog.edu.turku.fi\/projektit\/wp-json\/wp\/v2\/pages\/592\/revisions"}],"predecessor-version":[{"id":650,"href":"https:\/\/blog.edu.turku.fi\/projektit\/wp-json\/wp\/v2\/pages\/592\/revisions\/650"}],"up":[{"embeddable":true,"href":"https:\/\/blog.edu.turku.fi\/projektit\/wp-json\/wp\/v2\/pages\/15"}],"wp:attachment":[{"href":"https:\/\/blog.edu.turku.fi\/projektit\/wp-json\/wp\/v2\/media?parent=592"}],"curies":[{"name":"wp","href":"https:\/\/api.w.org\/{rel}","templated":true}]}}