{"id":579,"date":"2023-06-28T14:44:20","date_gmt":"2023-06-28T11:44:20","guid":{"rendered":"https:\/\/blog.edu.turku.fi\/projektit\/?page_id=579"},"modified":"2024-07-02T07:36:42","modified_gmt":"2024-07-02T04:36:42","slug":"kieli-ja-perustaitokoulutuksilla-eteenpain","status":"publish","type":"page","link":"https:\/\/blog.edu.turku.fi\/projektit\/kieli-ja-perustaitokoulutuksilla-eteenpain\/","title":{"rendered":"Kieli- ja perustaitokoulutuksilla eteenp\u00e4in"},"content":{"rendered":"<p><strong>Yhteyshenkil\u00f6:<\/strong> Elena Levantovskaja (etunimi.sukunimi@edu.turku.fi)<br \/>\n<strong>Tavoite:<\/strong> Projektin tavoitteena on tarjota ty\u00f6llistymis- ja opiskeluvalmiuksia, opiskelumotivaatiota ja ty\u00f6markkina-asemaa parantavaa koulutusta jatkuvassa oppimisessa aliedustetulle ryhm\u00e4lle.<br \/>\n<strong>Kohderyhm\u00e4:<\/strong> Pitk\u00e4aikaisty\u00f6tt\u00f6m\u00e4t ja\/tai kotouttamisajan ohittaneet maahanmuuttajat sek\u00e4 ty\u00f6llistyneet maahanmuuttajat, joilla heikko suomen kielen taito uhkaa ty\u00f6el\u00e4m\u00e4ss\u00e4 pysymist\u00e4 tai est\u00e4\u00e4 ty\u00f6ss\u00e4 etenemisen.<br \/>\n<strong>Toteutusaika:<\/strong> 1.6.2023 &#8211; 31.7.2025<br \/>\n<strong>Toteutusalue:<\/strong> Turku, Turun suomenkielinen ty\u00f6v\u00e4enopisto<br \/>\n<strong>Rahoittaja:<\/strong> Opetus- ja kulttuuriministeri\u00f6 sek\u00e4 Turun kaupunki<\/p>\n<p><img loading=\"lazy\" decoding=\"async\" class=\"alignnone size-medium wp-image-364\" src=\"https:\/\/blog.edu.turku.fi\/projektit\/files\/2022\/06\/OKM-logo-2R-fi-sv-sininen-L100-CMYK-1-300x46.jpg\" alt=\"\" width=\"300\" height=\"46\" srcset=\"https:\/\/blog.edu.turku.fi\/projektit\/files\/2022\/06\/OKM-logo-2R-fi-sv-sininen-L100-CMYK-1-300x46.jpg 300w, https:\/\/blog.edu.turku.fi\/projektit\/files\/2022\/06\/OKM-logo-2R-fi-sv-sininen-L100-CMYK-1.jpg 1024w\" sizes=\"auto, (max-width: 300px) 85vw, 300px\" \/><img loading=\"lazy\" decoding=\"async\" class=\"alignnone size-medium wp-image-41\" src=\"https:\/\/blog.edu.turku.fi\/projektit\/files\/2022\/01\/blog-turku-logo-150x82.png\" alt=\"Turun kaupungin logo\" width=\"150\" height=\"82\" \/><\/p>\n","protected":false},"excerpt":{"rendered":"<p>Yhteyshenkil\u00f6: Elena Levantovskaja (etunimi.sukunimi@edu.turku.fi) Tavoite: Projektin tavoitteena on tarjota ty\u00f6llistymis- ja opiskeluvalmiuksia, opiskelumotivaatiota ja ty\u00f6markkina-asemaa parantavaa koulutusta jatkuvassa oppimisessa aliedustetulle ryhm\u00e4lle. Kohderyhm\u00e4: Pitk\u00e4aikaisty\u00f6tt\u00f6m\u00e4t ja\/tai kotouttamisajan ohittaneet maahanmuuttajat sek\u00e4 ty\u00f6llistyneet maahanmuuttajat, joilla heikko suomen kielen taito uhkaa ty\u00f6el\u00e4m\u00e4ss\u00e4 pysymist\u00e4 tai est\u00e4\u00e4 ty\u00f6ss\u00e4 etenemisen. Toteutusaika: 1.6.2023 &#8211; 31.7.2025 Toteutusalue: Turku, Turun suomenkielinen ty\u00f6v\u00e4enopisto Rahoittaja: Opetus- ja kulttuuriministeri\u00f6 &hellip; <a href=\"https:\/\/blog.edu.turku.fi\/projektit\/kieli-ja-perustaitokoulutuksilla-eteenpain\/\" class=\"more-link\">Jatka lukemista<span class=\"screen-reader-text\"> &#8221;Kieli- ja perustaitokoulutuksilla eteenp\u00e4in&#8221;<\/span><\/a><\/p>\n","protected":false},"author":2935,"featured_media":0,"parent":0,"menu_order":0,"comment_status":"closed","ping_status":"closed","template":"","meta":{"footnotes":""},"class_list":["post-579","page","type-page","status-publish","hentry"],"_links":{"self":[{"href":"https:\/\/blog.edu.turku.fi\/projektit\/wp-json\/wp\/v2\/pages\/579","targetHints":{"allow":["GET"]}}],"collection":[{"href":"https:\/\/blog.edu.turku.fi\/projektit\/wp-json\/wp\/v2\/pages"}],"about":[{"href":"https:\/\/blog.edu.turku.fi\/projektit\/wp-json\/wp\/v2\/types\/page"}],"author":[{"embeddable":true,"href":"https:\/\/blog.edu.turku.fi\/projektit\/wp-json\/wp\/v2\/users\/2935"}],"replies":[{"embeddable":true,"href":"https:\/\/blog.edu.turku.fi\/projektit\/wp-json\/wp\/v2\/comments?post=579"}],"version-history":[{"count":4,"href":"https:\/\/blog.edu.turku.fi\/projektit\/wp-json\/wp\/v2\/pages\/579\/revisions"}],"predecessor-version":[{"id":873,"href":"https:\/\/blog.edu.turku.fi\/projektit\/wp-json\/wp\/v2\/pages\/579\/revisions\/873"}],"wp:attachment":[{"href":"https:\/\/blog.edu.turku.fi\/projektit\/wp-json\/wp\/v2\/media?parent=579"}],"curies":[{"name":"wp","href":"https:\/\/api.w.org\/{rel}","templated":true}]}}