{"id":574,"date":"2023-06-28T14:28:58","date_gmt":"2023-06-28T11:28:58","guid":{"rendered":"https:\/\/blog.edu.turku.fi\/projektit\/?page_id=574"},"modified":"2023-06-28T14:29:46","modified_gmt":"2023-06-28T11:29:46","slug":"turun-tasa-arvoinen-ja-yhdenvertainen-tyovaenopisto","status":"publish","type":"page","link":"https:\/\/blog.edu.turku.fi\/projektit\/turun-tasa-arvoinen-ja-yhdenvertainen-tyovaenopisto\/","title":{"rendered":"Turun tasa-arvoinen ja yhdenvertainen ty\u00f6v\u00e4enopisto"},"content":{"rendered":"<p><strong>Yhteyshenkil\u00f6:<\/strong> Susanna T\u00f6rnstr\u00f6m (etunimi.sukunimi@edu.turku.fi)<br \/>\n<strong>Tavoite:<\/strong> Projektin tavoitteena on tehd\u00e4 yhdenvertaisuussuunnitelma ja kehitt\u00e4\u00e4 yhdess\u00e4\u00a0 henkil\u00f6st\u00f6n ja opiskelijoiden ty\u00f6kaluja, joiden avulla varmistetaan tasa-arvoiset ja yhdenvertaiset opetuksen suunnittelun, toteutuksen ja arvioinnin toimintatavat erilaisten opiskelijaryhmien n\u00e4k\u00f6kulmasta.<br \/>\n<strong>Kohderyhm\u00e4:<\/strong>\u00a0 Ty\u00f6v\u00e4enopiston eri-ik\u00e4iset asiakkaat<br \/>\n<strong>Toteutusaika:<\/strong> 25.5.2023 &#8211; 30.6.2025<br \/>\n<strong>Toteutusalue:<\/strong> Turku, Turun suomenkielinen ty\u00f6v\u00e4enopisto<br \/>\n<strong>Rahoittaja:<\/strong> Opetushallitus ja Turun kaupunki<\/p>\n<p><img loading=\"lazy\" decoding=\"async\" class=\"alignnone size-thumbnail wp-image-236\" src=\"https:\/\/blog.edu.turku.fi\/projektit\/files\/2022\/03\/OPH_rahoittaa_rgb-1-150x150.png\" alt=\"\" width=\"150\" height=\"150\" \/><img loading=\"lazy\" decoding=\"async\" class=\"alignnone wp-image-41\" src=\"https:\/\/blog.edu.turku.fi\/projektit\/files\/2022\/01\/blog-turku-logo-150x82.png\" alt=\"Turun kaupungin logo\" width=\"194\" height=\"106\" \/><\/p>\n","protected":false},"excerpt":{"rendered":"<p>Yhteyshenkil\u00f6: Susanna T\u00f6rnstr\u00f6m (etunimi.sukunimi@edu.turku.fi) Tavoite: Projektin tavoitteena on tehd\u00e4 yhdenvertaisuussuunnitelma ja kehitt\u00e4\u00e4 yhdess\u00e4\u00a0 henkil\u00f6st\u00f6n ja opiskelijoiden ty\u00f6kaluja, joiden avulla varmistetaan tasa-arvoiset ja yhdenvertaiset opetuksen suunnittelun, toteutuksen ja arvioinnin toimintatavat erilaisten opiskelijaryhmien n\u00e4k\u00f6kulmasta. Kohderyhm\u00e4:\u00a0 Ty\u00f6v\u00e4enopiston eri-ik\u00e4iset asiakkaat Toteutusaika: 25.5.2023 &#8211; 30.6.2025 Toteutusalue: Turku, Turun suomenkielinen ty\u00f6v\u00e4enopisto Rahoittaja: Opetushallitus ja Turun kaupunki<\/p>\n","protected":false},"author":2935,"featured_media":0,"parent":0,"menu_order":0,"comment_status":"closed","ping_status":"closed","template":"","meta":{"footnotes":""},"class_list":["post-574","page","type-page","status-publish","hentry"],"_links":{"self":[{"href":"https:\/\/blog.edu.turku.fi\/projektit\/wp-json\/wp\/v2\/pages\/574","targetHints":{"allow":["GET"]}}],"collection":[{"href":"https:\/\/blog.edu.turku.fi\/projektit\/wp-json\/wp\/v2\/pages"}],"about":[{"href":"https:\/\/blog.edu.turku.fi\/projektit\/wp-json\/wp\/v2\/types\/page"}],"author":[{"embeddable":true,"href":"https:\/\/blog.edu.turku.fi\/projektit\/wp-json\/wp\/v2\/users\/2935"}],"replies":[{"embeddable":true,"href":"https:\/\/blog.edu.turku.fi\/projektit\/wp-json\/wp\/v2\/comments?post=574"}],"version-history":[{"count":3,"href":"https:\/\/blog.edu.turku.fi\/projektit\/wp-json\/wp\/v2\/pages\/574\/revisions"}],"predecessor-version":[{"id":577,"href":"https:\/\/blog.edu.turku.fi\/projektit\/wp-json\/wp\/v2\/pages\/574\/revisions\/577"}],"wp:attachment":[{"href":"https:\/\/blog.edu.turku.fi\/projektit\/wp-json\/wp\/v2\/media?parent=574"}],"curies":[{"name":"wp","href":"https:\/\/api.w.org\/{rel}","templated":true}]}}