{"id":570,"date":"2023-06-28T14:11:26","date_gmt":"2023-06-28T11:11:26","guid":{"rendered":"https:\/\/blog.edu.turku.fi\/projektit\/?page_id=570"},"modified":"2023-09-07T09:29:46","modified_gmt":"2023-09-07T06:29:46","slug":"hoppsan-ruotsia-oppimaan","status":"publish","type":"page","link":"https:\/\/blog.edu.turku.fi\/projektit\/perusopetus\/hoppsan-ruotsia-oppimaan\/","title":{"rendered":"HOPPSAN! ruotsia oppimaan"},"content":{"rendered":"<p><strong>Yhteyshenkil\u00f6:<\/strong> Sanna Sova (etunimi.sukunimi@edu.turku.fi)<br \/>\n<strong>Tavoite:<\/strong> Projektin tavoitteena saada kielisuihkutuksia ja vanhempainiltoja j\u00e4rjest\u00e4m\u00e4ll\u00e4 lis\u00e4tty\u00e4 kiinnostusta ja tietoa kielitarjonnasta ja saada A1-ruotsin kielikokeilu k\u00e4yntiin kolmella ensimm\u00e4isell\u00e4 luokalla.<br \/>\n<strong>Kohderyhm\u00e4:<\/strong>\u00a0 Esiopetuksen ja perusopetuksen oppilaat<br \/>\n<strong>Toteutusaika:<\/strong> 15.6.2023 &#8211; 31.12.2024<br \/>\n<strong>Toteutusalue:<\/strong> Turku, Luostarivuoren koulu<br \/>\n<strong>Rahoittaja:<\/strong> Opetushallitus ja Turun kaupunki<\/p>\n<p><img loading=\"lazy\" decoding=\"async\" class=\"alignnone size-thumbnail wp-image-236\" src=\"https:\/\/blog.edu.turku.fi\/projektit\/files\/2022\/03\/OPH_rahoittaa_rgb-1-150x150.png\" alt=\"\" width=\"150\" height=\"150\" \/><img loading=\"lazy\" decoding=\"async\" class=\"alignnone wp-image-41\" src=\"https:\/\/blog.edu.turku.fi\/projektit\/files\/2022\/01\/blog-turku-logo-150x82.png\" alt=\"Turun kaupungin logo\" width=\"194\" height=\"106\" \/><\/p>\n","protected":false},"excerpt":{"rendered":"<p>Yhteyshenkil\u00f6: Sanna Sova (etunimi.sukunimi@edu.turku.fi) Tavoite: Projektin tavoitteena saada kielisuihkutuksia ja vanhempainiltoja j\u00e4rjest\u00e4m\u00e4ll\u00e4 lis\u00e4tty\u00e4 kiinnostusta ja tietoa kielitarjonnasta ja saada A1-ruotsin kielikokeilu k\u00e4yntiin kolmella ensimm\u00e4isell\u00e4 luokalla. Kohderyhm\u00e4:\u00a0 Esiopetuksen ja perusopetuksen oppilaat Toteutusaika: 15.6.2023 &#8211; 31.12.2024 Toteutusalue: Turku, Luostarivuoren koulu Rahoittaja: Opetushallitus ja Turun kaupunki<\/p>\n","protected":false},"author":2935,"featured_media":0,"parent":9,"menu_order":15,"comment_status":"closed","ping_status":"closed","template":"","meta":{"footnotes":""},"class_list":["post-570","page","type-page","status-publish","hentry"],"_links":{"self":[{"href":"https:\/\/blog.edu.turku.fi\/projektit\/wp-json\/wp\/v2\/pages\/570","targetHints":{"allow":["GET"]}}],"collection":[{"href":"https:\/\/blog.edu.turku.fi\/projektit\/wp-json\/wp\/v2\/pages"}],"about":[{"href":"https:\/\/blog.edu.turku.fi\/projektit\/wp-json\/wp\/v2\/types\/page"}],"author":[{"embeddable":true,"href":"https:\/\/blog.edu.turku.fi\/projektit\/wp-json\/wp\/v2\/users\/2935"}],"replies":[{"embeddable":true,"href":"https:\/\/blog.edu.turku.fi\/projektit\/wp-json\/wp\/v2\/comments?post=570"}],"version-history":[{"count":3,"href":"https:\/\/blog.edu.turku.fi\/projektit\/wp-json\/wp\/v2\/pages\/570\/revisions"}],"predecessor-version":[{"id":573,"href":"https:\/\/blog.edu.turku.fi\/projektit\/wp-json\/wp\/v2\/pages\/570\/revisions\/573"}],"up":[{"embeddable":true,"href":"https:\/\/blog.edu.turku.fi\/projektit\/wp-json\/wp\/v2\/pages\/9"}],"wp:attachment":[{"href":"https:\/\/blog.edu.turku.fi\/projektit\/wp-json\/wp\/v2\/media?parent=570"}],"curies":[{"name":"wp","href":"https:\/\/api.w.org\/{rel}","templated":true}]}}