{"id":522,"date":"2023-01-18T16:07:36","date_gmt":"2023-01-18T14:07:36","guid":{"rendered":"https:\/\/blog.edu.turku.fi\/projektit\/?page_id=522"},"modified":"2023-10-02T14:46:38","modified_gmt":"2023-10-02T11:46:38","slug":"kaupunki-lisatyn-todellisuuden-oppimisymparisto-lukiokoulutuksessa","status":"publish","type":"page","link":"https:\/\/blog.edu.turku.fi\/projektit\/lukio\/kaupunki-lisatyn-todellisuuden-oppimisymparisto-lukiokoulutuksessa\/","title":{"rendered":"Kaupunki+: lis\u00e4tyn todellisuuden oppimisymp\u00e4rist\u00f6 lukiokoulutuksessa"},"content":{"rendered":"<p><strong>Yhteyshenkil\u00f6:<\/strong> projektikoordinaattori Miia Lehtonen (etunimi.sukunimi@turku.fi)<\/p>\n<p><strong>Tavoite<\/strong>: Projektin tavoitteena on rakentaa oppiaine- ja kouluasterajat ylitt\u00e4v\u00e4 Turun kaupungin lis\u00e4tyn todellisuuden \u00c5ppi-sovellusta laaja-alaisesti hy\u00f6dynt\u00e4v\u00e4 oppimisymp\u00e4rist\u00f6, johon kaikki Turun lukiot (7 kpl) voivat tuottaa sis\u00e4lt\u00f6\u00e4 omien opintojaksojensa ja lukiokohtaisten erityiskiinnostustensa puitteissa.<\/p>\n<p><strong>Kohderyhm\u00e4:\u00a0<\/strong>lukioiden opiskelijat ja opettajat<\/p>\n<p><strong>Toteutusaika: <\/strong>1.06.2022 &#8211; 31.07.2024<\/p>\n<p><strong>Toteutusalue: <\/strong>Turku<\/p>\n<p><strong>Rahoittaja: <\/strong>Opetushallitus ja Turun kaupunki<\/p>\n<p><img loading=\"lazy\" decoding=\"async\" class=\"alignnone wp-image-236\" src=\"https:\/\/blog.edu.turku.fi\/projektit\/files\/2022\/03\/OPH_rahoittaa_rgb-1-300x290.png\" alt=\"\" width=\"133\" height=\"129\" srcset=\"https:\/\/blog.edu.turku.fi\/projektit\/files\/2022\/03\/OPH_rahoittaa_rgb-1-300x290.png 300w, https:\/\/blog.edu.turku.fi\/projektit\/files\/2022\/03\/OPH_rahoittaa_rgb-1.png 360w\" sizes=\"auto, (max-width: 133px) 85vw, 133px\" \/><\/p>\n","protected":false},"excerpt":{"rendered":"<p>Yhteyshenkil\u00f6: projektikoordinaattori Miia Lehtonen (etunimi.sukunimi@turku.fi) Tavoite: Projektin tavoitteena on rakentaa oppiaine- ja kouluasterajat ylitt\u00e4v\u00e4 Turun kaupungin lis\u00e4tyn todellisuuden \u00c5ppi-sovellusta laaja-alaisesti hy\u00f6dynt\u00e4v\u00e4 oppimisymp\u00e4rist\u00f6, johon kaikki Turun lukiot (7 kpl) voivat tuottaa sis\u00e4lt\u00f6\u00e4 omien opintojaksojensa ja lukiokohtaisten erityiskiinnostustensa puitteissa. Kohderyhm\u00e4:\u00a0lukioiden opiskelijat ja opettajat Toteutusaika: 1.06.2022 &#8211; 31.07.2024 Toteutusalue: Turku Rahoittaja: Opetushallitus ja Turun kaupunki<\/p>\n","protected":false},"author":2935,"featured_media":0,"parent":11,"menu_order":0,"comment_status":"closed","ping_status":"closed","template":"","meta":{"footnotes":""},"class_list":["post-522","page","type-page","status-publish","hentry"],"_links":{"self":[{"href":"https:\/\/blog.edu.turku.fi\/projektit\/wp-json\/wp\/v2\/pages\/522","targetHints":{"allow":["GET"]}}],"collection":[{"href":"https:\/\/blog.edu.turku.fi\/projektit\/wp-json\/wp\/v2\/pages"}],"about":[{"href":"https:\/\/blog.edu.turku.fi\/projektit\/wp-json\/wp\/v2\/types\/page"}],"author":[{"embeddable":true,"href":"https:\/\/blog.edu.turku.fi\/projektit\/wp-json\/wp\/v2\/users\/2935"}],"replies":[{"embeddable":true,"href":"https:\/\/blog.edu.turku.fi\/projektit\/wp-json\/wp\/v2\/comments?post=522"}],"version-history":[{"count":3,"href":"https:\/\/blog.edu.turku.fi\/projektit\/wp-json\/wp\/v2\/pages\/522\/revisions"}],"predecessor-version":[{"id":600,"href":"https:\/\/blog.edu.turku.fi\/projektit\/wp-json\/wp\/v2\/pages\/522\/revisions\/600"}],"up":[{"embeddable":true,"href":"https:\/\/blog.edu.turku.fi\/projektit\/wp-json\/wp\/v2\/pages\/11"}],"wp:attachment":[{"href":"https:\/\/blog.edu.turku.fi\/projektit\/wp-json\/wp\/v2\/media?parent=522"}],"curies":[{"name":"wp","href":"https:\/\/api.w.org\/{rel}","templated":true}]}}