{"id":519,"date":"2023-01-18T16:01:02","date_gmt":"2023-01-18T14:01:02","guid":{"rendered":"https:\/\/blog.edu.turku.fi\/projektit\/?page_id=519"},"modified":"2024-05-10T10:35:14","modified_gmt":"2024-05-10T07:35:14","slug":"laadukas-ja-saavutettava-turun-lukiokoulutus","status":"publish","type":"page","link":"https:\/\/blog.edu.turku.fi\/projektit\/lukio\/laadukas-ja-saavutettava-turun-lukiokoulutus\/","title":{"rendered":"Laadukas ja saavutettava Turun lukiokoulutus"},"content":{"rendered":"<p><strong>Yhteyshenkil\u00f6:<\/strong> Julian Lindberg (etunimi.sukunimi@edu.turku.fi)<\/p>\n<p><strong>Tavoite: <\/strong>Projektin tavoitteen on kehitt\u00e4\u00e4, pilotoida ja ottaa k\u00e4ytt\u00f6\u00f6n sellaisia Turun lukiokoulutuksen yhteisi\u00e4 laadunhallinnan, seurannan ja arvioinnin konkreettisia toimintamalleja ja ty\u00f6tapoja, jotka ovat tarkoituksenmukaisia ja j\u00e4rkevi\u00e4 huomioiden lukioiden rajalliset aika- ja henkil\u00f6st\u00f6resurssit ja joiden toteuttamiseen lukioiden henkil\u00f6st\u00f6 on sitoutunut.<\/p>\n<p><strong>Toimenpiteet:<br \/>\n<\/strong><\/p>\n<ul>\n<li>laaditaan lukiokoulutuksen laatukriteerit<\/li>\n<li>hy\u00f6dynnet\u00e4\u00e4n aiemmin tehty\u00e4 lukiokoulutuksen arviointij\u00e4rjestelm\u00e4 -dokumenttia soveltuvin osin<\/li>\n<li>kehitet\u00e4\u00e4n digitaalinen laatuty\u00f6n vuosikello ja verkkosivu ty\u00f6kaluineen<\/li>\n<li>kehitet\u00e4\u00e4n yhteisty\u00f6ss\u00e4 kaupungin tietopalveluiden kanssa lukiokoulutuksen johdon tarpeisiin r\u00e4\u00e4t\u00e4l\u00f6ity digitaalinen johdon ty\u00f6p\u00f6yt\u00e4 sis\u00e4lt\u00f6ineen (mittari- ja raportointitiedot, tilastot, kyselyt)<\/li>\n<li>kehitet\u00e4\u00e4n yhteisi\u00e4 k\u00e4yt\u00e4nt\u00f6j\u00e4 nostaa esille koulutalokohtaisia ja koko lukiokoulutusta koskevia koulutuksen laadun kehitt\u00e4mistarpeita<\/li>\n<li>kuvataan toimintamalli, miten esille nostetut kehitt\u00e4misehdotukset k\u00e4sitell\u00e4\u00e4n ja toimeenpannaan vastuutoimijoineen.<\/li>\n<li>kartoitetaan saavutettavuutta ja yhdenvertaisuutta lis\u00e4\u00e4v\u00e4t hyv\u00e4t k\u00e4yt\u00e4nn\u00f6t sek\u00e4 yhteiset kehitt\u00e4mistarpeet<\/li>\n<li>tehd\u00e4\u00e4n ty\u00f6suunnitelmat esteiden poistamiseksi ja yhdenvertaisuutta lis\u00e4\u00e4vien toimenpiteiden kehitt\u00e4miseksi<\/li>\n<li>kehitet\u00e4\u00e4n toimintamalli koulutuksen saavutettavuuteen liittyvien esteiden ja kehitt\u00e4mistarpeiden tavoitteelliseen tunnistamiseen<\/li>\n<\/ul>\n<p><strong>Kohderyhm\u00e4:<\/strong> Lukioiden opiskelijat, opettajat ja johto<\/p>\n<p><strong>Toteutusaika:<\/strong> 19.12.2022 \u2013 31.12.2024.<\/p>\n<p><strong>Toteutusalue:<\/strong> Turku<\/p>\n<p><strong>Rahoittaja:<\/strong> Opetushallitus ja Turun kaupunki<\/p>\n<p><img loading=\"lazy\" decoding=\"async\" class=\"alignnone wp-image-236\" src=\"https:\/\/blog.edu.turku.fi\/projektit\/files\/2022\/03\/OPH_rahoittaa_rgb-1-300x290.png\" alt=\"\" width=\"108\" height=\"105\" srcset=\"https:\/\/blog.edu.turku.fi\/projektit\/files\/2022\/03\/OPH_rahoittaa_rgb-1-300x290.png 300w, https:\/\/blog.edu.turku.fi\/projektit\/files\/2022\/03\/OPH_rahoittaa_rgb-1.png 360w\" sizes=\"auto, (max-width: 108px) 85vw, 108px\" \/><\/p>\n","protected":false},"excerpt":{"rendered":"<p>Yhteyshenkil\u00f6: Julian Lindberg (etunimi.sukunimi@edu.turku.fi) Tavoite: Projektin tavoitteen on kehitt\u00e4\u00e4, pilotoida ja ottaa k\u00e4ytt\u00f6\u00f6n sellaisia Turun lukiokoulutuksen yhteisi\u00e4 laadunhallinnan, seurannan ja arvioinnin konkreettisia toimintamalleja ja ty\u00f6tapoja, jotka ovat tarkoituksenmukaisia ja j\u00e4rkevi\u00e4 huomioiden lukioiden rajalliset aika- ja henkil\u00f6st\u00f6resurssit ja joiden toteuttamiseen lukioiden henkil\u00f6st\u00f6 on sitoutunut. Toimenpiteet: laaditaan lukiokoulutuksen laatukriteerit hy\u00f6dynnet\u00e4\u00e4n aiemmin tehty\u00e4 lukiokoulutuksen arviointij\u00e4rjestelm\u00e4 -dokumenttia soveltuvin osin &hellip; <a href=\"https:\/\/blog.edu.turku.fi\/projektit\/lukio\/laadukas-ja-saavutettava-turun-lukiokoulutus\/\" class=\"more-link\">Jatka lukemista<span class=\"screen-reader-text\"> &#8221;Laadukas ja saavutettava Turun lukiokoulutus&#8221;<\/span><\/a><\/p>\n","protected":false},"author":2935,"featured_media":0,"parent":11,"menu_order":0,"comment_status":"closed","ping_status":"closed","template":"","meta":{"footnotes":""},"class_list":["post-519","page","type-page","status-publish","hentry"],"_links":{"self":[{"href":"https:\/\/blog.edu.turku.fi\/projektit\/wp-json\/wp\/v2\/pages\/519","targetHints":{"allow":["GET"]}}],"collection":[{"href":"https:\/\/blog.edu.turku.fi\/projektit\/wp-json\/wp\/v2\/pages"}],"about":[{"href":"https:\/\/blog.edu.turku.fi\/projektit\/wp-json\/wp\/v2\/types\/page"}],"author":[{"embeddable":true,"href":"https:\/\/blog.edu.turku.fi\/projektit\/wp-json\/wp\/v2\/users\/2935"}],"replies":[{"embeddable":true,"href":"https:\/\/blog.edu.turku.fi\/projektit\/wp-json\/wp\/v2\/comments?post=519"}],"version-history":[{"count":3,"href":"https:\/\/blog.edu.turku.fi\/projektit\/wp-json\/wp\/v2\/pages\/519\/revisions"}],"predecessor-version":[{"id":790,"href":"https:\/\/blog.edu.turku.fi\/projektit\/wp-json\/wp\/v2\/pages\/519\/revisions\/790"}],"up":[{"embeddable":true,"href":"https:\/\/blog.edu.turku.fi\/projektit\/wp-json\/wp\/v2\/pages\/11"}],"wp:attachment":[{"href":"https:\/\/blog.edu.turku.fi\/projektit\/wp-json\/wp\/v2\/media?parent=519"}],"curies":[{"name":"wp","href":"https:\/\/api.w.org\/{rel}","templated":true}]}}