{"id":512,"date":"2022-12-20T10:55:22","date_gmt":"2022-12-20T08:55:22","guid":{"rendered":"https:\/\/blog.edu.turku.fi\/projektit\/?page_id=512"},"modified":"2024-07-02T07:44:09","modified_gmt":"2024-07-02T04:44:09","slug":"kestava-opinvirta","status":"publish","type":"page","link":"https:\/\/blog.edu.turku.fi\/projektit\/perusopetus\/kestava-opinvirta\/","title":{"rendered":"Kest\u00e4v\u00e4 opinvirta &#8211; toimintamallit perusopetuksen ilmasto- ja kest\u00e4vyyskasvatukseen"},"content":{"rendered":"<p><strong>Yhteyshenkil\u00f6:<\/strong>\u00a0projektikoordinaattori Lotta Luukkonen (etunimi.sukunimi@turku.fi)\u200b\u200b\u200b\u200b\u200b\u200b\u200b<br \/>\n<strong>Tavoite:<\/strong>\u00a0Tavoitteena on tukea Turun kaupungin peruskoulujen toimintakulttuurin muutosta kohti ekologisesti kest\u00e4v\u00e4mp\u00e4\u00e4 el\u00e4m\u00e4ntapaa sek\u00e4 vahvistaa oppilaiden ilmastonmuutoksen hillint\u00e4\u00e4n ja siihen sopeutumiseen liittyvi\u00e4 tietoja, taitoja ja asenteita.<br \/>\n<strong>Toimenpiteet:<\/strong><\/p>\n<p>\u2013 tehd\u00e4\u00e4n toimintasuunnitelma pysyvien toiminnallisten ja rakenteellisten kest\u00e4v\u00e4\u00e4 tulevaisuutta edist\u00e4vien toimenpiteiden toteuttamiseksi v\u00e4litavoitteineen, tarkastuspisteineen, viestint\u00e4suunnitelmineen ja aikatauluineen<\/p>\n<p>\u2013 tehd\u00e4\u00e4n suunnitelma perusopetuksen johdon, opettajien, muun henkil\u00f6kunnan ja oppilaiden (esim. oppilaskuntien kautta) sitouttamisesta ja osallistamisesta toimintasuunnitelman kehitt\u00e4miseen ja toimeenpanoon sen eri vaiheissa<\/p>\n<p>\u2013 perustetaan tarvittavat teematy\u00f6ryhm\u00e4t (esim. energia, materiaalien kierto, vesi, ruoka, liikkuminen ja\/tai koulukohtaiset ilmastotiimit)<\/p>\n<p>\u2013 tehd\u00e4\u00e4n yhteisty\u00f6t\u00e4 kasvatuksen ja opetuksen palvelukokonaisuuden muiden palvelualueiden, kaupungin muiden toimijoiden ja alueen yhteisty\u00f6kumppanien\u00a0 ja -hankkeiden kanssa<\/p>\n<p>\u2013 aloitetaan suunnitelmien mukainen toiminta ja arvioidaan prosessin etenemist\u00e4<\/p>\n<p>\u2013 kuvataan Turun perusopetuksen ilmasto- ja kest\u00e4vyyskasvatuksen toimintasuunnitelma yhdess\u00e4 sovitulla tavalla ja otetaan se k\u00e4ytt\u00f6\u00f6n<br \/>\n<strong>Kohderyhm\u00e4:<\/strong>\u00a0perusopetuksen oppilaat, opettajat ja johto<br \/>\n<strong>Toteutusaika:<\/strong>\u00a027.9.2022 \u2013 30.11.2024\u200b\u200b\u200b\u200b\u200b\u200b\u200b<br \/>\n<strong>Toteutusalue:<\/strong>\u00a0Turku, Oulu, H\u00e4meenlinna, Lahti ja Lappeenranta\u200b\u200b\u200b\u200b\u200b\u200b\u200b<br \/>\n<strong>Rahoittaja: <\/strong>Opetushallitus ja Turun kaupunki<\/p>\n<p><img loading=\"lazy\" decoding=\"async\" class=\"alignnone wp-image-236\" src=\"https:\/\/blog.edu.turku.fi\/projektit\/files\/2022\/03\/OPH_rahoittaa_rgb-1-300x290.png\" alt=\"\" width=\"161\" height=\"156\" srcset=\"https:\/\/blog.edu.turku.fi\/projektit\/files\/2022\/03\/OPH_rahoittaa_rgb-1-300x290.png 300w, https:\/\/blog.edu.turku.fi\/projektit\/files\/2022\/03\/OPH_rahoittaa_rgb-1.png 360w\" sizes=\"auto, (max-width: 161px) 85vw, 161px\" \/><img loading=\"lazy\" decoding=\"async\" class=\"alignnone size-medium wp-image-41\" src=\"https:\/\/blog.edu.turku.fi\/projektit\/files\/2022\/01\/blog-turku-logo-150x82.png\" alt=\"Turun kaupungin logo\" width=\"150\" height=\"82\" \/><\/p>\n","protected":false},"excerpt":{"rendered":"<p>Yhteyshenkil\u00f6:\u00a0projektikoordinaattori Lotta Luukkonen (etunimi.sukunimi@turku.fi)\u200b\u200b\u200b\u200b\u200b\u200b\u200b Tavoite:\u00a0Tavoitteena on tukea Turun kaupungin peruskoulujen toimintakulttuurin muutosta kohti ekologisesti kest\u00e4v\u00e4mp\u00e4\u00e4 el\u00e4m\u00e4ntapaa sek\u00e4 vahvistaa oppilaiden ilmastonmuutoksen hillint\u00e4\u00e4n ja siihen sopeutumiseen liittyvi\u00e4 tietoja, taitoja ja asenteita. Toimenpiteet: \u2013 tehd\u00e4\u00e4n toimintasuunnitelma pysyvien toiminnallisten ja rakenteellisten kest\u00e4v\u00e4\u00e4 tulevaisuutta edist\u00e4vien toimenpiteiden toteuttamiseksi v\u00e4litavoitteineen, tarkastuspisteineen, viestint\u00e4suunnitelmineen ja aikatauluineen \u2013 tehd\u00e4\u00e4n suunnitelma perusopetuksen johdon, opettajien, muun henkil\u00f6kunnan &hellip; <a href=\"https:\/\/blog.edu.turku.fi\/projektit\/perusopetus\/kestava-opinvirta\/\" class=\"more-link\">Jatka lukemista<span class=\"screen-reader-text\"> &#8221;Kest\u00e4v\u00e4 opinvirta &#8211; toimintamallit perusopetuksen ilmasto- ja kest\u00e4vyyskasvatukseen&#8221;<\/span><\/a><\/p>\n","protected":false},"author":2935,"featured_media":0,"parent":9,"menu_order":5,"comment_status":"closed","ping_status":"closed","template":"","meta":{"footnotes":""},"class_list":["post-512","page","type-page","status-publish","hentry"],"_links":{"self":[{"href":"https:\/\/blog.edu.turku.fi\/projektit\/wp-json\/wp\/v2\/pages\/512","targetHints":{"allow":["GET"]}}],"collection":[{"href":"https:\/\/blog.edu.turku.fi\/projektit\/wp-json\/wp\/v2\/pages"}],"about":[{"href":"https:\/\/blog.edu.turku.fi\/projektit\/wp-json\/wp\/v2\/types\/page"}],"author":[{"embeddable":true,"href":"https:\/\/blog.edu.turku.fi\/projektit\/wp-json\/wp\/v2\/users\/2935"}],"replies":[{"embeddable":true,"href":"https:\/\/blog.edu.turku.fi\/projektit\/wp-json\/wp\/v2\/comments?post=512"}],"version-history":[{"count":6,"href":"https:\/\/blog.edu.turku.fi\/projektit\/wp-json\/wp\/v2\/pages\/512\/revisions"}],"predecessor-version":[{"id":879,"href":"https:\/\/blog.edu.turku.fi\/projektit\/wp-json\/wp\/v2\/pages\/512\/revisions\/879"}],"up":[{"embeddable":true,"href":"https:\/\/blog.edu.turku.fi\/projektit\/wp-json\/wp\/v2\/pages\/9"}],"wp:attachment":[{"href":"https:\/\/blog.edu.turku.fi\/projektit\/wp-json\/wp\/v2\/media?parent=512"}],"curies":[{"name":"wp","href":"https:\/\/api.w.org\/{rel}","templated":true}]}}