{"id":503,"date":"2022-12-20T10:40:38","date_gmt":"2022-12-20T08:40:38","guid":{"rendered":"https:\/\/blog.edu.turku.fi\/projektit\/?page_id=503"},"modified":"2022-12-20T10:40:38","modified_gmt":"2022-12-20T08:40:38","slug":"kestoa-kestava-toinen-aste","status":"publish","type":"page","link":"https:\/\/blog.edu.turku.fi\/projektit\/lukio\/kestoa-kestava-toinen-aste\/","title":{"rendered":"KESTOA &#8211; kest\u00e4v\u00e4 toinen aste"},"content":{"rendered":"<p><strong>Yhteyshenkil\u00f6:\u00a0<\/strong>projektip\u00e4\u00e4llikk\u00f6 Anni-Elina Karvonen (etunimi.sukunimi@turku.fi)<\/p>\n<p><strong>Tavoite<\/strong>: Projektin tavoitteena on tukea 2.asteen koulutuksen toimintakulttuurin muutosta kohti ekologisesti kest\u00e4v\u00e4mp\u00e4\u00e4 el\u00e4m\u00e4ntapaa ja vahvistaa oppijoiden ilmastonmuutoksen hillint\u00e4\u00e4n ja siihen sopeutumiseen liittyvi\u00e4 tietoja, taitoja ja asenteita.<\/p>\n<p><strong>Toimenpiteet:<br \/>\n<\/strong>&#8211; vahvistetaan kest\u00e4v\u00e4\u00e4 kehityst\u00e4 tukevaa toimintakulttuuria oppilaitoksissa<br \/>\n&#8211; osallistetaan opiskelijat ilmastoyst\u00e4v\u00e4llisen toiminnan ideointiin ja toimintaan<br \/>\n&#8211; kehitet\u00e4\u00e4n ilmasto- ja kest\u00e4vyysosaamista ammatillisessa koulutuksessa, ao. sis\u00e4lt\u00f6jen, materiaalien ja k\u00e4yt\u00e4nt\u00f6jen kokeilut pilottialoilla<br \/>\n&#8211; ilmasto- ja kest\u00e4vyysosaamisen integrointi lukiokoulutuksen oppiainekohtaisiin sis\u00e4lt\u00f6ihin ja laaja-alaisen oppimisen kokonaisuuksiin<br \/>\n&#8211; tehd\u00e4\u00e4n Turun kaupungin lukiokoulutukselle kest\u00e4v\u00e4n kehityksen tiekartta yhteisty\u00f6ss\u00e4 Oulun koordinoiman Lukioiden ilmasto- ja kest\u00e4vyystiekartta -hankkeen kanssa<\/p>\n<p><strong>Kohderyhm\u00e4: <\/strong>2.asteen\u00a0opiskelijat, opettajat ja johto<\/p>\n<p><strong>Toteutusaika: <\/strong>27.9.2022 \u2013 31.5.2024<\/p>\n<p><strong>Toteutusalue: <\/strong>Turku, Helsinki ja Vantaa<\/p>\n<p><strong>Rahoittaja: <\/strong>Opetushallitus ja Turun kaupunki<\/p>\n<p><img loading=\"lazy\" decoding=\"async\" class=\"alignnone wp-image-236\" src=\"https:\/\/blog.edu.turku.fi\/projektit\/files\/2022\/03\/OPH_rahoittaa_rgb-1-300x290.png\" alt=\"\" width=\"161\" height=\"156\" srcset=\"https:\/\/blog.edu.turku.fi\/projektit\/files\/2022\/03\/OPH_rahoittaa_rgb-1-300x290.png 300w, https:\/\/blog.edu.turku.fi\/projektit\/files\/2022\/03\/OPH_rahoittaa_rgb-1.png 360w\" sizes=\"auto, (max-width: 161px) 85vw, 161px\" \/><\/p>\n","protected":false},"excerpt":{"rendered":"<p>Yhteyshenkil\u00f6:\u00a0projektip\u00e4\u00e4llikk\u00f6 Anni-Elina Karvonen (etunimi.sukunimi@turku.fi) Tavoite: Projektin tavoitteena on tukea 2.asteen koulutuksen toimintakulttuurin muutosta kohti ekologisesti kest\u00e4v\u00e4mp\u00e4\u00e4 el\u00e4m\u00e4ntapaa ja vahvistaa oppijoiden ilmastonmuutoksen hillint\u00e4\u00e4n ja siihen sopeutumiseen liittyvi\u00e4 tietoja, taitoja ja asenteita. Toimenpiteet: &#8211; vahvistetaan kest\u00e4v\u00e4\u00e4 kehityst\u00e4 tukevaa toimintakulttuuria oppilaitoksissa &#8211; osallistetaan opiskelijat ilmastoyst\u00e4v\u00e4llisen toiminnan ideointiin ja toimintaan &#8211; kehitet\u00e4\u00e4n ilmasto- ja kest\u00e4vyysosaamista ammatillisessa koulutuksessa, ao. sis\u00e4lt\u00f6jen, &hellip; <a href=\"https:\/\/blog.edu.turku.fi\/projektit\/lukio\/kestoa-kestava-toinen-aste\/\" class=\"more-link\">Jatka lukemista<span class=\"screen-reader-text\"> &#8221;KESTOA &#8211; kest\u00e4v\u00e4 toinen aste&#8221;<\/span><\/a><\/p>\n","protected":false},"author":2935,"featured_media":0,"parent":11,"menu_order":4,"comment_status":"closed","ping_status":"closed","template":"","meta":{"footnotes":""},"class_list":["post-503","page","type-page","status-publish","hentry"],"_links":{"self":[{"href":"https:\/\/blog.edu.turku.fi\/projektit\/wp-json\/wp\/v2\/pages\/503","targetHints":{"allow":["GET"]}}],"collection":[{"href":"https:\/\/blog.edu.turku.fi\/projektit\/wp-json\/wp\/v2\/pages"}],"about":[{"href":"https:\/\/blog.edu.turku.fi\/projektit\/wp-json\/wp\/v2\/types\/page"}],"author":[{"embeddable":true,"href":"https:\/\/blog.edu.turku.fi\/projektit\/wp-json\/wp\/v2\/users\/2935"}],"replies":[{"embeddable":true,"href":"https:\/\/blog.edu.turku.fi\/projektit\/wp-json\/wp\/v2\/comments?post=503"}],"version-history":[{"count":2,"href":"https:\/\/blog.edu.turku.fi\/projektit\/wp-json\/wp\/v2\/pages\/503\/revisions"}],"predecessor-version":[{"id":510,"href":"https:\/\/blog.edu.turku.fi\/projektit\/wp-json\/wp\/v2\/pages\/503\/revisions\/510"}],"up":[{"embeddable":true,"href":"https:\/\/blog.edu.turku.fi\/projektit\/wp-json\/wp\/v2\/pages\/11"}],"wp:attachment":[{"href":"https:\/\/blog.edu.turku.fi\/projektit\/wp-json\/wp\/v2\/media?parent=503"}],"curies":[{"name":"wp","href":"https:\/\/api.w.org\/{rel}","templated":true}]}}