{"id":488,"date":"2022-12-08T14:17:37","date_gmt":"2022-12-08T12:17:37","guid":{"rendered":"https:\/\/blog.edu.turku.fi\/projektit\/?page_id=488"},"modified":"2024-06-27T14:32:06","modified_gmt":"2024-06-27T11:32:06","slug":"vipu-vihrea-siirtyma-puhtauspalvelualalle","status":"publish","type":"page","link":"https:\/\/blog.edu.turku.fi\/projektit\/ammatillinen\/vipu-vihrea-siirtyma-puhtauspalvelualalle\/","title":{"rendered":"VIPU &#8211; Vihre\u00e4 siirtym\u00e4 puhtauspalvelualalle"},"content":{"rendered":"<p><strong>Yhteyshenkil\u00f6<\/strong>: Projektikoordinaattori Anne Aksentjev, Turun kaupunki, anne.aksentjev@edu.turku.fi<br \/>\n<strong>Tavoitteet<\/strong>:<\/p>\n<ol>\n<li>Hankkeessa laaditaan selvitys puhtausalan osaamistarpeista vihre\u00e4n siirtym\u00e4n osalta. Selvitys auttaa puhtaus- ja kiinteist\u00f6palvelun koulutusalaa ennakoimaan yhdess\u00e4 alan yritysten ja ty\u00f6nantajien kanssa alan muuttuvia ammattitaito- ja ty\u00f6suoritevaatimuksia koulutuksen yleisen ty\u00f6el\u00e4m\u00e4relevanssin yll\u00e4pit\u00e4miseksi ja kehitt\u00e4miseksi.<\/li>\n<li>Hankkeessa rakennetaan, kokonaisuudessa 1 laaditun selvityksen perusteella, puhtausalan ty\u00f6nantajien tarpeita\u00a0 vastaavia ymp\u00e4rist\u00f6vastuullisuuskoulutuksia. Koulutusten tavoitteena on lis\u00e4t\u00e4 puhtausalalla ty\u00f6skentelevien kest\u00e4v\u00e4n kehityksen osaamista ja kohottaa n\u00e4in heid\u00e4n asemaansa ty\u00f6markkinoilla. Osa koulutusten sis\u00e4ll\u00f6st\u00e4 v\u00e4hent\u00e4\u00e4 my\u00f6s ty\u00f6n fyysist\u00e4 kuormittavuutta ja sen aiheuttamia altistumisia vaarallisille kemikaaleille, parantaen n\u00e4in ty\u00f6ntekij\u00e4n mahdollisuutta pitk\u00e4\u00e4n ty\u00f6uraan.<\/li>\n<\/ol>\n<p><strong>Kohderyhm\u00e4<\/strong>: Hankkeen keskeinen kohderyhm\u00e4 on puhtauspalvelualan ty\u00f6ntekij\u00e4t<br \/>\n<strong>Toteutusaika<\/strong>: 30.6.2022-30.04.2025<br \/>\n<strong>Toteutusalue<\/strong>: Turun ammatti-instituutti, Turku ja sen l\u00e4hialue<br \/>\n<strong>Rahoittaja<\/strong>: Jatkuvan oppimisen ja ty\u00f6llisyyden palvelukeskus<\/p>\n<p><strong>Kehitt\u00e4j\u00e4opettajat:\u00a0<\/strong>Elina Junnila (elina.3.junnila(a)edu.turku.fi)<\/p>\n<p><img loading=\"lazy\" decoding=\"async\" class=\"alignleft wp-image-41\" src=\"https:\/\/blog.edu.turku.fi\/projektit\/files\/2022\/01\/blog-turku-logo.png\" alt=\"Turun kaupungin logo\" width=\"128\" height=\"70\" \/><img loading=\"lazy\" decoding=\"async\" class=\"alignleft size-full wp-image-495\" src=\"https:\/\/blog.edu.turku.fi\/projektit\/files\/2022\/12\/EU_disclaimer_kestavakasvu_FI-black-300x79-1.png\" alt=\"\" width=\"300\" height=\"79\" \/> <img loading=\"lazy\" decoding=\"async\" class=\"alignleft size-full wp-image-496\" src=\"https:\/\/blog.edu.turku.fi\/projektit\/files\/2022\/12\/Jotpa_tunnus_RGB-300x77-1.png\" alt=\"\" width=\"300\" height=\"77\" \/><\/p>\n","protected":false},"excerpt":{"rendered":"<p>Yhteyshenkil\u00f6: Projektikoordinaattori Anne Aksentjev, Turun kaupunki, anne.aksentjev@edu.turku.fi Tavoitteet: Hankkeessa laaditaan selvitys puhtausalan osaamistarpeista vihre\u00e4n siirtym\u00e4n osalta. Selvitys auttaa puhtaus- ja kiinteist\u00f6palvelun koulutusalaa ennakoimaan yhdess\u00e4 alan yritysten ja ty\u00f6nantajien kanssa alan muuttuvia ammattitaito- ja ty\u00f6suoritevaatimuksia koulutuksen yleisen ty\u00f6el\u00e4m\u00e4relevanssin yll\u00e4pit\u00e4miseksi ja kehitt\u00e4miseksi. Hankkeessa rakennetaan, kokonaisuudessa 1 laaditun selvityksen perusteella, puhtausalan ty\u00f6nantajien tarpeita\u00a0 vastaavia ymp\u00e4rist\u00f6vastuullisuuskoulutuksia. Koulutusten tavoitteena on &hellip; <a href=\"https:\/\/blog.edu.turku.fi\/projektit\/ammatillinen\/vipu-vihrea-siirtyma-puhtauspalvelualalle\/\" class=\"more-link\">Jatka lukemista<span class=\"screen-reader-text\"> &#8221;VIPU &#8211; Vihre\u00e4 siirtym\u00e4 puhtauspalvelualalle&#8221;<\/span><\/a><\/p>\n","protected":false},"author":56,"featured_media":0,"parent":13,"menu_order":0,"comment_status":"closed","ping_status":"closed","template":"","meta":{"footnotes":""},"class_list":["post-488","page","type-page","status-publish","hentry"],"_links":{"self":[{"href":"https:\/\/blog.edu.turku.fi\/projektit\/wp-json\/wp\/v2\/pages\/488","targetHints":{"allow":["GET"]}}],"collection":[{"href":"https:\/\/blog.edu.turku.fi\/projektit\/wp-json\/wp\/v2\/pages"}],"about":[{"href":"https:\/\/blog.edu.turku.fi\/projektit\/wp-json\/wp\/v2\/types\/page"}],"author":[{"embeddable":true,"href":"https:\/\/blog.edu.turku.fi\/projektit\/wp-json\/wp\/v2\/users\/56"}],"replies":[{"embeddable":true,"href":"https:\/\/blog.edu.turku.fi\/projektit\/wp-json\/wp\/v2\/comments?post=488"}],"version-history":[{"count":13,"href":"https:\/\/blog.edu.turku.fi\/projektit\/wp-json\/wp\/v2\/pages\/488\/revisions"}],"predecessor-version":[{"id":839,"href":"https:\/\/blog.edu.turku.fi\/projektit\/wp-json\/wp\/v2\/pages\/488\/revisions\/839"}],"up":[{"embeddable":true,"href":"https:\/\/blog.edu.turku.fi\/projektit\/wp-json\/wp\/v2\/pages\/13"}],"wp:attachment":[{"href":"https:\/\/blog.edu.turku.fi\/projektit\/wp-json\/wp\/v2\/media?parent=488"}],"curies":[{"name":"wp","href":"https:\/\/api.w.org\/{rel}","templated":true}]}}