{"id":441,"date":"2022-09-27T15:42:24","date_gmt":"2022-09-27T12:42:24","guid":{"rendered":"https:\/\/blog.edu.turku.fi\/projektit\/?page_id=441"},"modified":"2024-01-08T15:56:14","modified_gmt":"2024-01-08T13:56:14","slug":"opva-haltuun-framat-med-sss","status":"publish","type":"page","link":"https:\/\/blog.edu.turku.fi\/projektit\/opva-haltuun-framat-med-sss\/","title":{"rendered":"OPVA haltuun \u2013 Fram\u00e5t med SSS"},"content":{"rendered":"<p><strong>Yhteyshenkil\u00f6:<\/strong> Marja Kannisto (marja.kannisto@turku.fi)<\/p>\n<p><strong>Tavoite:<\/strong> Hankkeessa luodaan opintovalmiuksia tukevien opintojen (OPVA) j\u00e4rjest\u00e4mist\u00e4 tukeva koulutuskokonaisuus ammatillisen koulutuksen j\u00e4rjest\u00e4jille. Hankkeen tavoitteena on OPVAn parhaiden k\u00e4yt\u00e4nt\u00f6jen levitt\u00e4minen, korkealaatuisten ja laajaan k\u00e4ytt\u00f6\u00f6n soveltuvien opiskelumateriaalien ja toimintamallien laatiminen sek\u00e4 koulutuksen j\u00e4rjest\u00e4jien henkil\u00f6st\u00f6n osaamisen kasvattaminen. Sen tuloksena mahdollisuus toisen asteen opintoihin ja tutkinnon suorittamiseen toteutuu aiempaa yhdenvertaisemmin.<\/p>\n<p><strong>Kohderyhm\u00e4:<\/strong> hankkeessa mukana olevien ammatillisten oppilaitosten opiskelijat ja henkil\u00f6st\u00f6, muut ammatilliset oppilaitokset<\/p>\n<p><strong>Toteutusalue: <\/strong>valtakunnallinen<\/p>\n<p><strong>Toteutusaika:<\/strong> 1.1.2022 \u2013 30.4.2024<\/p>\n<p><strong>Rahoittaja:<\/strong> opetus- ja kulttuuriministeri\u00f6 (strategiarahoitus)<\/p>\n<p><img loading=\"lazy\" decoding=\"async\" class=\"alignnone size-medium wp-image-363\" src=\"https:\/\/blog.edu.turku.fi\/projektit\/files\/2022\/06\/OKM-logo-2R-fi-sv-musta-L100-CMYK-300x46.jpg\" alt=\"\" width=\"300\" height=\"46\" srcset=\"https:\/\/blog.edu.turku.fi\/projektit\/files\/2022\/06\/OKM-logo-2R-fi-sv-musta-L100-CMYK-300x46.jpg 300w, https:\/\/blog.edu.turku.fi\/projektit\/files\/2022\/06\/OKM-logo-2R-fi-sv-musta-L100-CMYK.jpg 1024w\" sizes=\"auto, (max-width: 300px) 85vw, 300px\" \/><\/p>\n","protected":false},"excerpt":{"rendered":"<p>Yhteyshenkil\u00f6: Marja Kannisto (marja.kannisto@turku.fi) Tavoite: Hankkeessa luodaan opintovalmiuksia tukevien opintojen (OPVA) j\u00e4rjest\u00e4mist\u00e4 tukeva koulutuskokonaisuus ammatillisen koulutuksen j\u00e4rjest\u00e4jille. Hankkeen tavoitteena on OPVAn parhaiden k\u00e4yt\u00e4nt\u00f6jen levitt\u00e4minen, korkealaatuisten ja laajaan k\u00e4ytt\u00f6\u00f6n soveltuvien opiskelumateriaalien ja toimintamallien laatiminen sek\u00e4 koulutuksen j\u00e4rjest\u00e4jien henkil\u00f6st\u00f6n osaamisen kasvattaminen. Sen tuloksena mahdollisuus toisen asteen opintoihin ja tutkinnon suorittamiseen toteutuu aiempaa yhdenvertaisemmin. Kohderyhm\u00e4: hankkeessa mukana olevien &hellip; <a href=\"https:\/\/blog.edu.turku.fi\/projektit\/opva-haltuun-framat-med-sss\/\" class=\"more-link\">Jatka lukemista<span class=\"screen-reader-text\"> &#8221;OPVA haltuun \u2013 Fram\u00e5t med SSS&#8221;<\/span><\/a><\/p>\n","protected":false},"author":3210,"featured_media":0,"parent":0,"menu_order":0,"comment_status":"closed","ping_status":"closed","template":"","meta":{"footnotes":""},"class_list":["post-441","page","type-page","status-publish","hentry"],"_links":{"self":[{"href":"https:\/\/blog.edu.turku.fi\/projektit\/wp-json\/wp\/v2\/pages\/441","targetHints":{"allow":["GET"]}}],"collection":[{"href":"https:\/\/blog.edu.turku.fi\/projektit\/wp-json\/wp\/v2\/pages"}],"about":[{"href":"https:\/\/blog.edu.turku.fi\/projektit\/wp-json\/wp\/v2\/types\/page"}],"author":[{"embeddable":true,"href":"https:\/\/blog.edu.turku.fi\/projektit\/wp-json\/wp\/v2\/users\/3210"}],"replies":[{"embeddable":true,"href":"https:\/\/blog.edu.turku.fi\/projektit\/wp-json\/wp\/v2\/comments?post=441"}],"version-history":[{"count":2,"href":"https:\/\/blog.edu.turku.fi\/projektit\/wp-json\/wp\/v2\/pages\/441\/revisions"}],"predecessor-version":[{"id":643,"href":"https:\/\/blog.edu.turku.fi\/projektit\/wp-json\/wp\/v2\/pages\/441\/revisions\/643"}],"wp:attachment":[{"href":"https:\/\/blog.edu.turku.fi\/projektit\/wp-json\/wp\/v2\/media?parent=441"}],"curies":[{"name":"wp","href":"https:\/\/api.w.org\/{rel}","templated":true}]}}