{"id":428,"date":"2022-08-29T13:53:26","date_gmt":"2022-08-29T10:53:26","guid":{"rendered":"https:\/\/blog.edu.turku.fi\/projektit\/?page_id=428"},"modified":"2024-09-17T13:03:55","modified_gmt":"2024-09-17T10:03:55","slug":"turvakolttu-turun-varhaiskasvatuksen-kolmitasoinen-tuki","status":"publish","type":"page","link":"https:\/\/blog.edu.turku.fi\/projektit\/varhaiskasvatus\/turvakolttu-turun-varhaiskasvatuksen-kolmitasoinen-tuki\/","title":{"rendered":"TURVAKOLTTU -Turun varhaiskasvatuksen kolmitasoinen tuki"},"content":{"rendered":"<p><strong>TURVAKOLTTU \u2013 Turun varhaiskasvatuksen kolmitasoinen tuki<\/strong><br \/>\n<strong>Yhteyshenkil\u00f6:<\/strong> Riikka Vuorinen (riikka.vuorinen@turku.fi)<br \/>\n<strong>Tavoite:<\/strong>\u00a0Projektissa jalkautetaan ja juurrutetaan kolmitasoisen tuen malli Turun varhaiskasvatukseen. Tarkoituksena on vahvistaa lapsen saamaa tukea uudistuneen varhaiskasvatuslain mukaisesti. Tavoitteena on mahdollistaa, ett\u00e4 jokainen lapsi saa tarvitsemansa tuen riitt\u00e4v\u00e4n varhain omassa varhaiskasvatusryhm\u00e4ss\u00e4\u00e4n. Tarkoituksena on p\u00e4ivitt\u00e4\u00e4 varhaiskasvatuslain tuen uudistukseen liittyvi\u00e4 toimintamalleja, rakenteita ja yhteisty\u00f6k\u00e4yt\u00e4nteit\u00e4, selkiytt\u00e4\u00e4 tuen tasoja ja k\u00e4yt\u00e4nteit\u00e4 sek\u00e4 parantaa tuen saatavuutta huomioiden my\u00f6s nivelvaiheet. Varhaiskasvatushenkil\u00f6st\u00f6n osaamista vahvistetaan tuen teemaan liittyvill\u00e4 koulutuksilla. Projekti mahdollistaa kehityksen ja oppimisen tuen lastenhoitajien, varhaiskasvatuksen opettajien ja varhaiskasvatuksen erityisopettajien palkkaamisen.<br \/>\n<strong>Kohderyhm\u00e4:<\/strong> Turun varhaiskasvatushenkil\u00f6st\u00f6 sek\u00e4 varhaiskasvatuksen piiriss\u00e4 olevat lapset ja heid\u00e4n huoltajansa<br \/>\n<strong>Toteutusaika:<\/strong> 10.5.2022-31.12.2024<br \/>\n<strong>Toteutusalue:<\/strong>\u00a0Turku<br \/>\n<strong>Rahoittaja:<\/strong>\u00a0Opetus- ja kulttuuriministeri\u00f6 ja kaupungin omarahoitus<\/p>\n<p><img loading=\"lazy\" decoding=\"async\" class=\"alignnone size-medium wp-image-85\" src=\"https:\/\/blog.edu.turku.fi\/projektit\/files\/2022\/01\/OKM-logo-2R-fi-sv-sininen-L100-CMYK-300x46.jpg\" alt=\"Opetus- ja kulttuuriministeri\u00f6 rahoittaa projektia\" width=\"300\" height=\"46\" srcset=\"https:\/\/blog.edu.turku.fi\/projektit\/files\/2022\/01\/OKM-logo-2R-fi-sv-sininen-L100-CMYK-300x46.jpg 300w, https:\/\/blog.edu.turku.fi\/projektit\/files\/2022\/01\/OKM-logo-2R-fi-sv-sininen-L100-CMYK.jpg 1024w\" sizes=\"auto, (max-width: 300px) 85vw, 300px\" \/><img loading=\"lazy\" decoding=\"async\" class=\"alignnone size-medium wp-image-41\" src=\"https:\/\/blog.edu.turku.fi\/projektit\/files\/2022\/01\/blog-turku-logo-150x82.png\" alt=\"Turun kaupungin logo\" width=\"150\" height=\"82\" \/><\/p>\n","protected":false},"excerpt":{"rendered":"<p>TURVAKOLTTU \u2013 Turun varhaiskasvatuksen kolmitasoinen tuki Yhteyshenkil\u00f6: Riikka Vuorinen (riikka.vuorinen@turku.fi) Tavoite:\u00a0Projektissa jalkautetaan ja juurrutetaan kolmitasoisen tuen malli Turun varhaiskasvatukseen. Tarkoituksena on vahvistaa lapsen saamaa tukea uudistuneen varhaiskasvatuslain mukaisesti. Tavoitteena on mahdollistaa, ett\u00e4 jokainen lapsi saa tarvitsemansa tuen riitt\u00e4v\u00e4n varhain omassa varhaiskasvatusryhm\u00e4ss\u00e4\u00e4n. Tarkoituksena on p\u00e4ivitt\u00e4\u00e4 varhaiskasvatuslain tuen uudistukseen liittyvi\u00e4 toimintamalleja, rakenteita ja yhteisty\u00f6k\u00e4yt\u00e4nteit\u00e4, selkiytt\u00e4\u00e4 tuen tasoja &hellip; <a href=\"https:\/\/blog.edu.turku.fi\/projektit\/varhaiskasvatus\/turvakolttu-turun-varhaiskasvatuksen-kolmitasoinen-tuki\/\" class=\"more-link\">Jatka lukemista<span class=\"screen-reader-text\"> &#8221;TURVAKOLTTU -Turun varhaiskasvatuksen kolmitasoinen tuki&#8221;<\/span><\/a><\/p>\n","protected":false},"author":845,"featured_media":0,"parent":7,"menu_order":0,"comment_status":"closed","ping_status":"closed","template":"","meta":{"footnotes":""},"class_list":["post-428","page","type-page","status-publish","hentry"],"_links":{"self":[{"href":"https:\/\/blog.edu.turku.fi\/projektit\/wp-json\/wp\/v2\/pages\/428","targetHints":{"allow":["GET"]}}],"collection":[{"href":"https:\/\/blog.edu.turku.fi\/projektit\/wp-json\/wp\/v2\/pages"}],"about":[{"href":"https:\/\/blog.edu.turku.fi\/projektit\/wp-json\/wp\/v2\/types\/page"}],"author":[{"embeddable":true,"href":"https:\/\/blog.edu.turku.fi\/projektit\/wp-json\/wp\/v2\/users\/845"}],"replies":[{"embeddable":true,"href":"https:\/\/blog.edu.turku.fi\/projektit\/wp-json\/wp\/v2\/comments?post=428"}],"version-history":[{"count":6,"href":"https:\/\/blog.edu.turku.fi\/projektit\/wp-json\/wp\/v2\/pages\/428\/revisions"}],"predecessor-version":[{"id":905,"href":"https:\/\/blog.edu.turku.fi\/projektit\/wp-json\/wp\/v2\/pages\/428\/revisions\/905"}],"up":[{"embeddable":true,"href":"https:\/\/blog.edu.turku.fi\/projektit\/wp-json\/wp\/v2\/pages\/7"}],"wp:attachment":[{"href":"https:\/\/blog.edu.turku.fi\/projektit\/wp-json\/wp\/v2\/media?parent=428"}],"curies":[{"name":"wp","href":"https:\/\/api.w.org\/{rel}","templated":true}]}}