{"id":406,"date":"2022-08-22T11:40:26","date_gmt":"2022-08-22T08:40:26","guid":{"rendered":"https:\/\/blog.edu.turku.fi\/projektit\/?page_id=406"},"modified":"2023-01-23T10:36:21","modified_gmt":"2023-01-23T08:36:21","slug":"uudet-lukutaidot-osaksi-esi-ja-perusopetuksen-arkea","status":"publish","type":"page","link":"https:\/\/blog.edu.turku.fi\/projektit\/perusopetus\/uudet-lukutaidot-osaksi-esi-ja-perusopetuksen-arkea\/","title":{"rendered":"Uudet lukutaidot osaksi esi- ja perusopetuksen arkea"},"content":{"rendered":"<p><strong>Uudet lukutaidot osaksi esi- ja perusopetuksen arkea<\/strong><br \/>\n<strong>Yhteyshenkil\u00f6:<\/strong> Antti Huttunen<br \/>\n<strong>Tavoite:<\/strong> Projektin tavoitteena on jalkauttaa Uudet lukutaidot -kehitt\u00e4misohjelman kaikki kolme osa-aluetta (TVT-osaaminen, medialukutaito ja ohjelmointiosaaminen) osaksi yksikk\u00f6tason suunnittelua ja k\u00e4yt\u00e4nn\u00f6n opetusty\u00f6t\u00e4. N\u00e4iden laajojen tavoitteiden tuominen opetushenkil\u00f6st\u00f6n arkip\u00e4iv\u00e4\u00e4n vaatii helposti l\u00e4hestytt\u00e4v\u00e4\u00e4 tukea, tietoa ja esimerkkej\u00e4, mieluiten heid\u00e4n omassa ty\u00f6yksik\u00f6ss\u00e4\u00e4n. Projektin my\u00f6t\u00e4 saadaan rahoitusta tutoropettajien palkkaamiseen opettajien tueksi.<br \/>\n<strong>Kohderyhm\u00e4:<\/strong> Turun kaupungin esi- ja perusopetuksen yksik\u00f6t<br \/>\n<strong>Toteutusaika:<\/strong> 1.8.2022-31.12.2023<br \/>\n<strong>Toteutusalue:<\/strong> Turun kaupunki<br \/>\n<strong>Rahoittaja:<\/strong> Opetus- ja kulttuuriministeri\u00f6 sek\u00e4 kaupungin omarahoitus<\/p>\n<p><img loading=\"lazy\" decoding=\"async\" class=\"wp-image-364 alignleft\" src=\"https:\/\/blog.edu.turku.fi\/projektit\/files\/2022\/06\/OKM-logo-2R-fi-sv-sininen-L100-CMYK-1.jpg\" alt=\"\" width=\"456\" height=\"70\" srcset=\"https:\/\/blog.edu.turku.fi\/projektit\/files\/2022\/06\/OKM-logo-2R-fi-sv-sininen-L100-CMYK-1.jpg 1024w, https:\/\/blog.edu.turku.fi\/projektit\/files\/2022\/06\/OKM-logo-2R-fi-sv-sininen-L100-CMYK-1-300x46.jpg 300w\" sizes=\"auto, (max-width: 456px) 85vw, 456px\" \/> <img loading=\"lazy\" decoding=\"async\" class=\"alignnone size-medium wp-image-41\" src=\"https:\/\/blog.edu.turku.fi\/projektit\/files\/2022\/01\/blog-turku-logo-150x82.png\" alt=\"Turun kaupungin logo\" width=\"150\" height=\"82\" \/><\/p>\n","protected":false},"excerpt":{"rendered":"<p>Uudet lukutaidot osaksi esi- ja perusopetuksen arkea Yhteyshenkil\u00f6: Antti Huttunen Tavoite: Projektin tavoitteena on jalkauttaa Uudet lukutaidot -kehitt\u00e4misohjelman kaikki kolme osa-aluetta (TVT-osaaminen, medialukutaito ja ohjelmointiosaaminen) osaksi yksikk\u00f6tason suunnittelua ja k\u00e4yt\u00e4nn\u00f6n opetusty\u00f6t\u00e4. N\u00e4iden laajojen tavoitteiden tuominen opetushenkil\u00f6st\u00f6n arkip\u00e4iv\u00e4\u00e4n vaatii helposti l\u00e4hestytt\u00e4v\u00e4\u00e4 tukea, tietoa ja esimerkkej\u00e4, mieluiten heid\u00e4n omassa ty\u00f6yksik\u00f6ss\u00e4\u00e4n. Projektin my\u00f6t\u00e4 saadaan rahoitusta tutoropettajien palkkaamiseen opettajien &hellip; <a href=\"https:\/\/blog.edu.turku.fi\/projektit\/perusopetus\/uudet-lukutaidot-osaksi-esi-ja-perusopetuksen-arkea\/\" class=\"more-link\">Jatka lukemista<span class=\"screen-reader-text\"> &#8221;Uudet lukutaidot osaksi esi- ja perusopetuksen arkea&#8221;<\/span><\/a><\/p>\n","protected":false},"author":56,"featured_media":0,"parent":9,"menu_order":11,"comment_status":"closed","ping_status":"closed","template":"","meta":{"footnotes":""},"class_list":["post-406","page","type-page","status-publish","hentry"],"_links":{"self":[{"href":"https:\/\/blog.edu.turku.fi\/projektit\/wp-json\/wp\/v2\/pages\/406","targetHints":{"allow":["GET"]}}],"collection":[{"href":"https:\/\/blog.edu.turku.fi\/projektit\/wp-json\/wp\/v2\/pages"}],"about":[{"href":"https:\/\/blog.edu.turku.fi\/projektit\/wp-json\/wp\/v2\/types\/page"}],"author":[{"embeddable":true,"href":"https:\/\/blog.edu.turku.fi\/projektit\/wp-json\/wp\/v2\/users\/56"}],"replies":[{"embeddable":true,"href":"https:\/\/blog.edu.turku.fi\/projektit\/wp-json\/wp\/v2\/comments?post=406"}],"version-history":[{"count":2,"href":"https:\/\/blog.edu.turku.fi\/projektit\/wp-json\/wp\/v2\/pages\/406\/revisions"}],"predecessor-version":[{"id":410,"href":"https:\/\/blog.edu.turku.fi\/projektit\/wp-json\/wp\/v2\/pages\/406\/revisions\/410"}],"up":[{"embeddable":true,"href":"https:\/\/blog.edu.turku.fi\/projektit\/wp-json\/wp\/v2\/pages\/9"}],"wp:attachment":[{"href":"https:\/\/blog.edu.turku.fi\/projektit\/wp-json\/wp\/v2\/media?parent=406"}],"curies":[{"name":"wp","href":"https:\/\/api.w.org\/{rel}","templated":true}]}}