{"id":370,"date":"2022-06-28T12:57:02","date_gmt":"2022-06-28T09:57:02","guid":{"rendered":"https:\/\/blog.edu.turku.fi\/projektit\/?page_id=370"},"modified":"2022-06-28T12:58:00","modified_gmt":"2022-06-28T09:58:00","slug":"polkuja","status":"publish","type":"page","link":"https:\/\/blog.edu.turku.fi\/projektit\/polkuja\/","title":{"rendered":"Polkuja"},"content":{"rendered":"<p><strong>Yhteyshenkil\u00f6:<\/strong> Miia Lehtonen (miia.m.lehtonen@turku.fi)<\/p>\n<p><strong>Tavoite:<\/strong> Polkuja-hankeen tavoitteena on kehitt\u00e4\u00e4 ammatillisiin oppilaitoksiin toimintamalli perustaitojen l\u00e4ht\u00f6tason tarkoituksenmukaiseen testaamiseen ja kartoittamiseen sek\u00e4 perustaitojen vahvistamista tarvitseville ohjattu polku osaamisen kehitt\u00e4miseen. Lis\u00e4ksi hankkeessa kehitet\u00e4\u00e4n yhteisten tutkinnon osien osaamisen osoittamiseen sis\u00e4ll\u00f6t, toteutustavat ja arviointikriteerit sis\u00e4lt\u00e4v\u00e4 toimintamalli ja etenkin aliedustetut ryhm\u00e4t huomioon ottava korkea-asteen opintoihin suuntaava valmennuspolku. Hankkeen avulla parannetaan ammatillisen koulutuksen tasa-arvoa ja yhdenvertaisuutta.<\/p>\n<p><strong>Hankkeen osatavoitteet:<\/strong><\/p>\n<p>Tavoite 1: Opiskelijoiden perustaitotason tunnistaminen<br \/>\nTavoite 2: Perustaitojen vahvistaminen<br \/>\nTavoite 3: Jatko-opintovalmiuksien vahvistaminen<\/p>\n<p><strong>Hankkeessa mukana:<\/strong><\/p>\n<ul>\n<li>Turun kaupunki (koordinointi)<\/li>\n<li>Turun ammatti-instituutti<\/li>\n<li>Espoon seudun koulutuskuntayhtym\u00e4 Omnia<\/li>\n<li>Koulutuskeskus Salpaus -kuntayhtym\u00e4<\/li>\n<li>Ammattiopisto Spesia<\/li>\n<li>Tampereen seudun ammattiopisto Tredu<\/li>\n<li>Koulutuskuntayhtym\u00e4 Tavastia<\/li>\n<\/ul>\n<p><strong>Toteutusaika:<\/strong> 13.11.2020-30.6.2022<br \/>\n<strong>Rahoittaja:<\/strong> Opetushallitus ja toteuttajaorganisaatiot<\/p>\n<p>Hankkeen kehitt\u00e4misty\u00f6st\u00e4 voi lukea lis\u00e4\u00e4 Pilkahduksia-sivustolta:\u00a0<a href=\"https:\/\/www.koulutustakuu.fi\/pilkahduksia\/\" target=\"_blank\" rel=\"noreferrer noopener\">https:\/\/www.koulutustakuu.fi\/pilkahduksia\/<\/a><\/p>\n<p><img loading=\"lazy\" decoding=\"async\" class=\"alignnone wp-image-236\" src=\"https:\/\/blog.edu.turku.fi\/projektit\/files\/2022\/03\/OPH_rahoittaa_rgb-1-300x290.png\" alt=\"\" width=\"180\" height=\"174\" srcset=\"https:\/\/blog.edu.turku.fi\/projektit\/files\/2022\/03\/OPH_rahoittaa_rgb-1-300x290.png 300w, https:\/\/blog.edu.turku.fi\/projektit\/files\/2022\/03\/OPH_rahoittaa_rgb-1.png 360w\" sizes=\"auto, (max-width: 180px) 85vw, 180px\" \/><img loading=\"lazy\" decoding=\"async\" class=\"alignnone size-medium wp-image-371\" src=\"https:\/\/blog.edu.turku.fi\/projektit\/files\/2022\/06\/polkuja_logo_rgb_300dpi-300x144.png\" alt=\"\" width=\"300\" height=\"144\" srcset=\"https:\/\/blog.edu.turku.fi\/projektit\/files\/2022\/06\/polkuja_logo_rgb_300dpi-300x144.png 300w, https:\/\/blog.edu.turku.fi\/projektit\/files\/2022\/06\/polkuja_logo_rgb_300dpi-1024x492.png 1024w, https:\/\/blog.edu.turku.fi\/projektit\/files\/2022\/06\/polkuja_logo_rgb_300dpi.png 1181w\" sizes=\"auto, (max-width: 300px) 85vw, 300px\" \/><\/p>\n","protected":false},"excerpt":{"rendered":"<p>Yhteyshenkil\u00f6: Miia Lehtonen (miia.m.lehtonen@turku.fi) Tavoite: Polkuja-hankeen tavoitteena on kehitt\u00e4\u00e4 ammatillisiin oppilaitoksiin toimintamalli perustaitojen l\u00e4ht\u00f6tason tarkoituksenmukaiseen testaamiseen ja kartoittamiseen sek\u00e4 perustaitojen vahvistamista tarvitseville ohjattu polku osaamisen kehitt\u00e4miseen. Lis\u00e4ksi hankkeessa kehitet\u00e4\u00e4n yhteisten tutkinnon osien osaamisen osoittamiseen sis\u00e4ll\u00f6t, toteutustavat ja arviointikriteerit sis\u00e4lt\u00e4v\u00e4 toimintamalli ja etenkin aliedustetut ryhm\u00e4t huomioon ottava korkea-asteen opintoihin suuntaava valmennuspolku. Hankkeen avulla parannetaan ammatillisen koulutuksen &hellip; <a href=\"https:\/\/blog.edu.turku.fi\/projektit\/polkuja\/\" class=\"more-link\">Jatka lukemista<span class=\"screen-reader-text\"> &#8221;Polkuja&#8221;<\/span><\/a><\/p>\n","protected":false},"author":3210,"featured_media":0,"parent":0,"menu_order":0,"comment_status":"closed","ping_status":"closed","template":"","meta":{"footnotes":""},"class_list":["post-370","page","type-page","status-publish","hentry"],"_links":{"self":[{"href":"https:\/\/blog.edu.turku.fi\/projektit\/wp-json\/wp\/v2\/pages\/370","targetHints":{"allow":["GET"]}}],"collection":[{"href":"https:\/\/blog.edu.turku.fi\/projektit\/wp-json\/wp\/v2\/pages"}],"about":[{"href":"https:\/\/blog.edu.turku.fi\/projektit\/wp-json\/wp\/v2\/types\/page"}],"author":[{"embeddable":true,"href":"https:\/\/blog.edu.turku.fi\/projektit\/wp-json\/wp\/v2\/users\/3210"}],"replies":[{"embeddable":true,"href":"https:\/\/blog.edu.turku.fi\/projektit\/wp-json\/wp\/v2\/comments?post=370"}],"version-history":[{"count":1,"href":"https:\/\/blog.edu.turku.fi\/projektit\/wp-json\/wp\/v2\/pages\/370\/revisions"}],"predecessor-version":[{"id":372,"href":"https:\/\/blog.edu.turku.fi\/projektit\/wp-json\/wp\/v2\/pages\/370\/revisions\/372"}],"wp:attachment":[{"href":"https:\/\/blog.edu.turku.fi\/projektit\/wp-json\/wp\/v2\/media?parent=370"}],"curies":[{"name":"wp","href":"https:\/\/api.w.org\/{rel}","templated":true}]}}