{"id":361,"date":"2022-06-28T12:42:28","date_gmt":"2022-06-28T09:42:28","guid":{"rendered":"https:\/\/blog.edu.turku.fi\/projektit\/?page_id=361"},"modified":"2022-06-28T13:02:30","modified_gmt":"2022-06-28T10:02:30","slug":"karkki-kokonaisarkkitehtuuria-ammatilliseen-koulutukseen","status":"publish","type":"page","link":"https:\/\/blog.edu.turku.fi\/projektit\/karkki-kokonaisarkkitehtuuria-ammatilliseen-koulutukseen\/","title":{"rendered":"KARKKI &#8211; Kokonaisarkkitehtuuria ammatilliseen koulutukseen"},"content":{"rendered":"<p>&nbsp;<\/p>\n<p><strong>Yhteyshenkil\u00f6:<\/strong> Laura Hollm\u00e9n (laura.hollmen@turku.fi)<\/p>\n<p><strong>Tavoite:<\/strong> Hankkeen tavoitteena on luoda ja m\u00e4\u00e4ritt\u00e4\u00e4 kokonaisarkkitehtuurikuvaukset kaikkien ammatillisen koulutuksen j\u00e4rjest\u00e4jien k\u00e4ytt\u00f6\u00f6n. Luotujen kuvausten avulla on tarkoitus tukea asiakasl\u00e4ht\u00f6isesti ammatillisen koulutuksen digitalisaatiota ja yhteisten toimintamallien toteutumista k\u00e4yt\u00e4nn\u00f6ss\u00e4. Toimintamalli tuotetaan valtakunnallisen verkoston avulla, johon sidosryhm\u00e4t osallistetaan aktiivisesti. Hankkeessa toteutetaan opetus- ja kulttuuriministeri\u00f6n Oikeus osata -ohjelman mukaisia tavoitteita ammatillisen koulutuksen tasa-arvon ja laadun kehitt\u00e4miseksi.<\/p>\n<p>Kokonaisarkkitehtuuria tarkastellaan nelj\u00e4st\u00e4 eri n\u00e4k\u00f6kulmasta:<\/p>\n<ol>\n<li>Toiminta-arkkitehtuurin n\u00e4k\u00f6kulma liittyy organisaation toiminnallisiin rakenteisiin.<\/li>\n<li>Tietoarkkitehtuuri kuvaa organisaation k\u00e4ytt\u00e4mi\u00e4 tietoja sek\u00e4 n\u00e4iden rakenteita ja suhteita.<\/li>\n<li>Tietoj\u00e4rjestelm\u00e4arkkitehtuuri koskee tietoja k\u00e4sittelevi\u00e4 sovelluksia ja sovelluskokonaisuuksia.<\/li>\n<li>Teknologia-arkkitehtuuri liittyy organisaation teknologiseen infrastruktuuriin ja keskeisiin teknologiavalintoihin.<\/li>\n<\/ol>\n<p>Turun ammatti-instituutti toimii hankkeessa osatoteuttajana. Hanketta koordinoi Omnia.<\/p>\n<p><strong>Kohderyhm\u00e4:<\/strong> Kaikki ammatillisen koulutuksen j\u00e4rjest\u00e4j\u00e4t, johto, tietohallinto, henkil\u00f6st\u00f6<\/p>\n<p><strong>Toteutusaika:<\/strong> 1.1.2022-31.12.2023<\/p>\n<p><strong>Toteutusalue:<\/strong> Valtakunnallinen<\/p>\n<p><strong>Rahoittaja:<\/strong> OKM<\/p>\n<p>&nbsp;<\/p>\n<p><img loading=\"lazy\" decoding=\"async\" class=\"alignnone size-medium wp-image-296\" src=\"https:\/\/blog.edu.turku.fi\/projektit\/files\/2022\/03\/OKM-logo-2R-fi-sv-sininen-L100-CMYK-300x46.jpg\" alt=\"\" width=\"300\" height=\"46\" srcset=\"https:\/\/blog.edu.turku.fi\/projektit\/files\/2022\/03\/OKM-logo-2R-fi-sv-sininen-L100-CMYK-300x46.jpg 300w, https:\/\/blog.edu.turku.fi\/projektit\/files\/2022\/03\/OKM-logo-2R-fi-sv-sininen-L100-CMYK.jpg 1024w\" sizes=\"auto, (max-width: 300px) 85vw, 300px\" \/><\/p>\n","protected":false},"excerpt":{"rendered":"<p>&nbsp; Yhteyshenkil\u00f6: Laura Hollm\u00e9n (laura.hollmen@turku.fi) Tavoite: Hankkeen tavoitteena on luoda ja m\u00e4\u00e4ritt\u00e4\u00e4 kokonaisarkkitehtuurikuvaukset kaikkien ammatillisen koulutuksen j\u00e4rjest\u00e4jien k\u00e4ytt\u00f6\u00f6n. Luotujen kuvausten avulla on tarkoitus tukea asiakasl\u00e4ht\u00f6isesti ammatillisen koulutuksen digitalisaatiota ja yhteisten toimintamallien toteutumista k\u00e4yt\u00e4nn\u00f6ss\u00e4. Toimintamalli tuotetaan valtakunnallisen verkoston avulla, johon sidosryhm\u00e4t osallistetaan aktiivisesti. Hankkeessa toteutetaan opetus- ja kulttuuriministeri\u00f6n Oikeus osata -ohjelman mukaisia tavoitteita ammatillisen koulutuksen tasa-arvon &hellip; <a href=\"https:\/\/blog.edu.turku.fi\/projektit\/karkki-kokonaisarkkitehtuuria-ammatilliseen-koulutukseen\/\" class=\"more-link\">Jatka lukemista<span class=\"screen-reader-text\"> &#8221;KARKKI &#8211; Kokonaisarkkitehtuuria ammatilliseen koulutukseen&#8221;<\/span><\/a><\/p>\n","protected":false},"author":3210,"featured_media":0,"parent":0,"menu_order":0,"comment_status":"closed","ping_status":"closed","template":"","meta":{"footnotes":""},"class_list":["post-361","page","type-page","status-publish","hentry"],"_links":{"self":[{"href":"https:\/\/blog.edu.turku.fi\/projektit\/wp-json\/wp\/v2\/pages\/361","targetHints":{"allow":["GET"]}}],"collection":[{"href":"https:\/\/blog.edu.turku.fi\/projektit\/wp-json\/wp\/v2\/pages"}],"about":[{"href":"https:\/\/blog.edu.turku.fi\/projektit\/wp-json\/wp\/v2\/types\/page"}],"author":[{"embeddable":true,"href":"https:\/\/blog.edu.turku.fi\/projektit\/wp-json\/wp\/v2\/users\/3210"}],"replies":[{"embeddable":true,"href":"https:\/\/blog.edu.turku.fi\/projektit\/wp-json\/wp\/v2\/comments?post=361"}],"version-history":[{"count":2,"href":"https:\/\/blog.edu.turku.fi\/projektit\/wp-json\/wp\/v2\/pages\/361\/revisions"}],"predecessor-version":[{"id":376,"href":"https:\/\/blog.edu.turku.fi\/projektit\/wp-json\/wp\/v2\/pages\/361\/revisions\/376"}],"wp:attachment":[{"href":"https:\/\/blog.edu.turku.fi\/projektit\/wp-json\/wp\/v2\/media?parent=361"}],"curies":[{"name":"wp","href":"https:\/\/api.w.org\/{rel}","templated":true}]}}