{"id":295,"date":"2022-03-25T14:29:50","date_gmt":"2022-03-25T12:29:50","guid":{"rendered":"https:\/\/blog.edu.turku.fi\/projektit\/?page_id=295"},"modified":"2024-04-03T10:40:18","modified_gmt":"2024-04-03T07:40:18","slug":"mieli-liikkeelle","status":"publish","type":"page","link":"https:\/\/blog.edu.turku.fi\/projektit\/mieli-liikkeelle\/","title":{"rendered":"Mieli liikkeelle"},"content":{"rendered":"<p><strong>Yhteyshenkil\u00f6:<\/strong> projektikoordinaattori Sofia Hilska (sofia.hilska@turku.fi)<br \/>\n<strong>Tavoite:<\/strong> Hankkeen tavoitteena on edist\u00e4\u00e4 ja tukea opiskelijoiden hyvinvointia, mielenterveytt\u00e4 sek\u00e4 opiskelukyky\u00e4 liikunnallisin keinoin Turun kaupungin lukioissa ja Turun ammatti-instituutin koulutaloissa. Hankkeessa luodaan uusia toimintamalleja opiskelijoiden hyvinvoinnin edist\u00e4miseksi ja kehitet\u00e4\u00e4n jo luotuja hyvi\u00e4 toimintamalleja. Aiemmin luotujen toimintamallien k\u00e4ytt\u00f6\u00f6nottoa pyrit\u00e4\u00e4n laajentamaan molempien palvelualueiden yksik\u00f6ihin.<br \/>\n<strong>Tulokset:<\/strong><\/p>\n<p><a href=\"https:\/\/eur04.safelinks.protection.outlook.com\/?url=https%3A%2F%2Fwww.theseus.fi%2Fhandle%2F10024%2F817227&amp;data=05%7C02%7C%7C48f1198a5c8a4e83cc3008dc4a451b39%7C6c5e2c8ad3f04a0b965842502c73e17b%7C0%7C0%7C638466907861119300%7CUnknown%7CTWFpbGZsb3d8eyJWIjoiMC4wLjAwMDAiLCJQIjoiV2luMzIiLCJBTiI6Ik1haWwiLCJXVCI6Mn0%3D%7C0%7C%7C%7C&amp;sdata=vzdIv0j4%2FCuM7AI9FLF3oSpMDzNPQBgrWWi8rHuG7b8%3D&amp;reserved=0\" data-auth=\"Verified\">Opiskelijoiden liikkumista ja hyvinvointia tukevan toiminnan edist\u00e4minen oppilaitoksissa : Arviointiraportti Mieli liikkeelle -hankekokonaisuuden kehitt\u00e4mistoimenpiteist\u00e4 &#8211; Theseus<\/a><\/p>\n<p><a href=\"https:\/\/eur04.safelinks.protection.outlook.com\/?url=https%3A%2F%2Fwww.theseus.fi%2Fhandle%2F10024%2F817079&amp;data=05%7C02%7C%7C48f1198a5c8a4e83cc3008dc4a451b39%7C6c5e2c8ad3f04a0b965842502c73e17b%7C0%7C0%7C638466907861151929%7CUnknown%7CTWFpbGZsb3d8eyJWIjoiMC4wLjAwMDAiLCJQIjoiV2luMzIiLCJBTiI6Ik1haWwiLCJXVCI6Mn0%3D%7C0%7C%7C%7C&amp;sdata=rSrsUOZ3Ti1HPGitnqRL1MxZ48uVI%2FHnAYyvFMWhle8%3D&amp;reserved=0\" data-auth=\"Verified\">Hyvinvoinnin ja liikkumisen edist\u00e4minen oppilaitoksissa : Toimintamalleja opiskeluarkeen &#8211; Theseus<\/a><\/p>\n<p><strong>Toteutusaika:<\/strong> 1.7.2022-30.6.2023<br \/>\n<strong>Toteutusalue:<\/strong>\u00a0Turku<br \/>\n<strong>Rahoittaja:<\/strong> Opetus- ja kulttuuriministeri\u00f6 sek\u00e4 Turun kaupunki<\/p>\n<p><img loading=\"lazy\" decoding=\"async\" class=\"alignnone size-medium wp-image-296\" src=\"https:\/\/blog.edu.turku.fi\/projektit\/files\/2022\/03\/OKM-logo-2R-fi-sv-sininen-L100-CMYK-300x46.jpg\" alt=\"\" width=\"300\" height=\"46\" srcset=\"https:\/\/blog.edu.turku.fi\/projektit\/files\/2022\/03\/OKM-logo-2R-fi-sv-sininen-L100-CMYK-300x46.jpg 300w, https:\/\/blog.edu.turku.fi\/projektit\/files\/2022\/03\/OKM-logo-2R-fi-sv-sininen-L100-CMYK.jpg 1024w\" sizes=\"auto, (max-width: 300px) 85vw, 300px\" \/><\/p>\n","protected":false},"excerpt":{"rendered":"<p>Yhteyshenkil\u00f6: projektikoordinaattori Sofia Hilska (sofia.hilska@turku.fi) Tavoite: Hankkeen tavoitteena on edist\u00e4\u00e4 ja tukea opiskelijoiden hyvinvointia, mielenterveytt\u00e4 sek\u00e4 opiskelukyky\u00e4 liikunnallisin keinoin Turun kaupungin lukioissa ja Turun ammatti-instituutin koulutaloissa. Hankkeessa luodaan uusia toimintamalleja opiskelijoiden hyvinvoinnin edist\u00e4miseksi ja kehitet\u00e4\u00e4n jo luotuja hyvi\u00e4 toimintamalleja. Aiemmin luotujen toimintamallien k\u00e4ytt\u00f6\u00f6nottoa pyrit\u00e4\u00e4n laajentamaan molempien palvelualueiden yksik\u00f6ihin. Tulokset: Opiskelijoiden liikkumista ja hyvinvointia tukevan toiminnan &hellip; <a href=\"https:\/\/blog.edu.turku.fi\/projektit\/mieli-liikkeelle\/\" class=\"more-link\">Jatka lukemista<span class=\"screen-reader-text\"> &#8221;Mieli liikkeelle&#8221;<\/span><\/a><\/p>\n","protected":false},"author":3210,"featured_media":0,"parent":0,"menu_order":0,"comment_status":"closed","ping_status":"closed","template":"","meta":{"footnotes":""},"class_list":["post-295","page","type-page","status-publish","hentry"],"_links":{"self":[{"href":"https:\/\/blog.edu.turku.fi\/projektit\/wp-json\/wp\/v2\/pages\/295","targetHints":{"allow":["GET"]}}],"collection":[{"href":"https:\/\/blog.edu.turku.fi\/projektit\/wp-json\/wp\/v2\/pages"}],"about":[{"href":"https:\/\/blog.edu.turku.fi\/projektit\/wp-json\/wp\/v2\/types\/page"}],"author":[{"embeddable":true,"href":"https:\/\/blog.edu.turku.fi\/projektit\/wp-json\/wp\/v2\/users\/3210"}],"replies":[{"embeddable":true,"href":"https:\/\/blog.edu.turku.fi\/projektit\/wp-json\/wp\/v2\/comments?post=295"}],"version-history":[{"count":6,"href":"https:\/\/blog.edu.turku.fi\/projektit\/wp-json\/wp\/v2\/pages\/295\/revisions"}],"predecessor-version":[{"id":787,"href":"https:\/\/blog.edu.turku.fi\/projektit\/wp-json\/wp\/v2\/pages\/295\/revisions\/787"}],"wp:attachment":[{"href":"https:\/\/blog.edu.turku.fi\/projektit\/wp-json\/wp\/v2\/media?parent=295"}],"curies":[{"name":"wp","href":"https:\/\/api.w.org\/{rel}","templated":true}]}}