{"id":291,"date":"2022-03-25T14:26:41","date_gmt":"2022-03-25T12:26:41","guid":{"rendered":"https:\/\/blog.edu.turku.fi\/projektit\/?page_id=291"},"modified":"2023-06-28T13:59:13","modified_gmt":"2023-06-28T10:59:13","slug":"turun-liikkuva-tyoelama-2-aste","status":"publish","type":"page","link":"https:\/\/blog.edu.turku.fi\/projektit\/turun-liikkuva-tyoelama-2-aste\/","title":{"rendered":"Turun liikkuva ty\u00f6el\u00e4m\u00e4 (2. aste) II"},"content":{"rendered":"<p><strong>Yhteyshenkil\u00f6:<\/strong> Sofia Hilska (sofia.hilska@turku.fi)<br \/>\n<strong>Tavoite:<\/strong> Hankkeen tavoitteena on lis\u00e4t\u00e4 henkil\u00f6st\u00f6n hyvinvointia ja ty\u00f6kyky\u00e4 fyysisen aktiivisuuden edist\u00e4misen keinoin Turun kaupungin lukioissa ja Turun ammatti-instituutin koulutaloissa. Hankkeessa lis\u00e4t\u00e4\u00e4n tietoutta fyysisen aktiivisuuden merkityksest\u00e4 toiminta- ja ty\u00f6kykyyn, edistet\u00e4\u00e4n aktiivisia ty\u00f6matkoja ja ty\u00f6p\u00e4ivi\u00e4, kehitet\u00e4\u00e4n ty\u00f6paikan liikuntatoimintaa, ty\u00f6yhteis\u00f6j\u00e4 sek\u00e4 yhteisty\u00f6t\u00e4 eri tahojen kanssa. Hankkeessa edistet\u00e4\u00e4n ty\u00f6paikkojen aktiivisempaa toimintakulttuuria.<br \/>\n<strong>Toteutusaika:<\/strong> 1.4.2023-31.12.2023<br \/>\n<strong>Toteutusalue:<\/strong> Turku<br \/>\n<strong>Rahoittaja:<\/strong> AVI ja Turun kaupunki<img loading=\"lazy\" decoding=\"async\" class=\"size-medium wp-image-292 alignright\" src=\"https:\/\/blog.edu.turku.fi\/projektit\/files\/2022\/03\/liikkuva-toinen-aste-002-300x289.png\" alt=\"\" width=\"300\" height=\"289\" srcset=\"https:\/\/blog.edu.turku.fi\/projektit\/files\/2022\/03\/liikkuva-toinen-aste-002-300x289.png 300w, https:\/\/blog.edu.turku.fi\/projektit\/files\/2022\/03\/liikkuva-toinen-aste-002.png 446w\" sizes=\"auto, (max-width: 300px) 85vw, 300px\" \/><img loading=\"lazy\" decoding=\"async\" class=\"alignnone size-medium wp-image-293\" src=\"https:\/\/blog.edu.turku.fi\/projektit\/files\/2022\/03\/AVI-logo-vaalea-002-300x112.jpg\" alt=\"\" width=\"300\" height=\"112\" srcset=\"https:\/\/blog.edu.turku.fi\/projektit\/files\/2022\/03\/AVI-logo-vaalea-002-300x112.jpg 300w, https:\/\/blog.edu.turku.fi\/projektit\/files\/2022\/03\/AVI-logo-vaalea-002.jpg 500w\" sizes=\"auto, (max-width: 300px) 85vw, 300px\" \/><\/p>\n","protected":false},"excerpt":{"rendered":"<p>Yhteyshenkil\u00f6: Sofia Hilska (sofia.hilska@turku.fi) Tavoite: Hankkeen tavoitteena on lis\u00e4t\u00e4 henkil\u00f6st\u00f6n hyvinvointia ja ty\u00f6kyky\u00e4 fyysisen aktiivisuuden edist\u00e4misen keinoin Turun kaupungin lukioissa ja Turun ammatti-instituutin koulutaloissa. Hankkeessa lis\u00e4t\u00e4\u00e4n tietoutta fyysisen aktiivisuuden merkityksest\u00e4 toiminta- ja ty\u00f6kykyyn, edistet\u00e4\u00e4n aktiivisia ty\u00f6matkoja ja ty\u00f6p\u00e4ivi\u00e4, kehitet\u00e4\u00e4n ty\u00f6paikan liikuntatoimintaa, ty\u00f6yhteis\u00f6j\u00e4 sek\u00e4 yhteisty\u00f6t\u00e4 eri tahojen kanssa. Hankkeessa edistet\u00e4\u00e4n ty\u00f6paikkojen aktiivisempaa toimintakulttuuria. Toteutusaika: 1.4.2023-31.12.2023 Toteutusalue: &hellip; <a href=\"https:\/\/blog.edu.turku.fi\/projektit\/turun-liikkuva-tyoelama-2-aste\/\" class=\"more-link\">Jatka lukemista<span class=\"screen-reader-text\"> &#8221;Turun liikkuva ty\u00f6el\u00e4m\u00e4 (2. aste) II&#8221;<\/span><\/a><\/p>\n","protected":false},"author":3210,"featured_media":0,"parent":0,"menu_order":0,"comment_status":"closed","ping_status":"closed","template":"","meta":{"footnotes":""},"class_list":["post-291","page","type-page","status-publish","hentry"],"_links":{"self":[{"href":"https:\/\/blog.edu.turku.fi\/projektit\/wp-json\/wp\/v2\/pages\/291","targetHints":{"allow":["GET"]}}],"collection":[{"href":"https:\/\/blog.edu.turku.fi\/projektit\/wp-json\/wp\/v2\/pages"}],"about":[{"href":"https:\/\/blog.edu.turku.fi\/projektit\/wp-json\/wp\/v2\/types\/page"}],"author":[{"embeddable":true,"href":"https:\/\/blog.edu.turku.fi\/projektit\/wp-json\/wp\/v2\/users\/3210"}],"replies":[{"embeddable":true,"href":"https:\/\/blog.edu.turku.fi\/projektit\/wp-json\/wp\/v2\/comments?post=291"}],"version-history":[{"count":5,"href":"https:\/\/blog.edu.turku.fi\/projektit\/wp-json\/wp\/v2\/pages\/291\/revisions"}],"predecessor-version":[{"id":569,"href":"https:\/\/blog.edu.turku.fi\/projektit\/wp-json\/wp\/v2\/pages\/291\/revisions\/569"}],"wp:attachment":[{"href":"https:\/\/blog.edu.turku.fi\/projektit\/wp-json\/wp\/v2\/media?parent=291"}],"curies":[{"name":"wp","href":"https:\/\/api.w.org\/{rel}","templated":true}]}}