{"id":264,"date":"2022-03-10T14:02:08","date_gmt":"2022-03-10T12:02:08","guid":{"rendered":"https:\/\/blog.edu.turku.fi\/projektit\/?page_id=264"},"modified":"2024-06-27T07:57:41","modified_gmt":"2024-06-27T04:57:41","slug":"koulusegregaation-vahentaminen-turussa","status":"publish","type":"page","link":"https:\/\/blog.edu.turku.fi\/projektit\/perusopetus\/koulusegregaation-vahentaminen-turussa\/","title":{"rendered":"Koulusegregaation v\u00e4hent\u00e4minen Turussa"},"content":{"rendered":"<p><strong>Yhteyshenkil\u00f6:<\/strong> Emil Kusnetsoff (etunimi.sukunimi@turku.fi)<br \/>\n<strong>Tavoite: <\/strong>Projektin tavoitteena on koulujen eriarvoistumiskehityksen katkaiseminen ja tasa-arvoisten oppimisen edellytysten tuominen kaikille turkulaisille koululaisille l\u00e4hikoulusta riippumatta.<br \/>\n<strong>Kohderyhm\u00e4:\u00a0<\/strong>Nuoret, lapsiperheet, kaikki kaupungin asukkaat<br \/>\n<strong>Toteutusaika: <\/strong>25.11.2021 &#8211; 30.4.2024<br \/>\n<strong>Toteutusalue:<\/strong> Turku<br \/>\n<strong>Rahoittaja:<\/strong> Opetus- ja kulttuuriministeri\u00f6 sek\u00e4 Turun kaupunki<\/p>\n<p><img loading=\"lazy\" decoding=\"async\" class=\"alignnone wp-image-85\" src=\"https:\/\/blog.edu.turku.fi\/projektit\/files\/2022\/01\/OKM-logo-2R-fi-sv-sininen-L100-CMYK.jpg\" alt=\"Opetus- ja kulttuuriministeri\u00f6 rahoittaa projektia\" width=\"327\" height=\"50\" srcset=\"https:\/\/blog.edu.turku.fi\/projektit\/files\/2022\/01\/OKM-logo-2R-fi-sv-sininen-L100-CMYK.jpg 1024w, https:\/\/blog.edu.turku.fi\/projektit\/files\/2022\/01\/OKM-logo-2R-fi-sv-sininen-L100-CMYK-300x46.jpg 300w\" sizes=\"auto, (max-width: 327px) 85vw, 327px\" \/><\/p>\n","protected":false},"excerpt":{"rendered":"<p>Yhteyshenkil\u00f6: Emil Kusnetsoff (etunimi.sukunimi@turku.fi) Tavoite: Projektin tavoitteena on koulujen eriarvoistumiskehityksen katkaiseminen ja tasa-arvoisten oppimisen edellytysten tuominen kaikille turkulaisille koululaisille l\u00e4hikoulusta riippumatta. Kohderyhm\u00e4:\u00a0Nuoret, lapsiperheet, kaikki kaupungin asukkaat Toteutusaika: 25.11.2021 &#8211; 30.4.2024 Toteutusalue: Turku Rahoittaja: Opetus- ja kulttuuriministeri\u00f6 sek\u00e4 Turun kaupunki<\/p>\n","protected":false},"author":2935,"featured_media":0,"parent":9,"menu_order":7,"comment_status":"closed","ping_status":"closed","template":"","meta":{"footnotes":""},"class_list":["post-264","page","type-page","status-publish","hentry"],"_links":{"self":[{"href":"https:\/\/blog.edu.turku.fi\/projektit\/wp-json\/wp\/v2\/pages\/264","targetHints":{"allow":["GET"]}}],"collection":[{"href":"https:\/\/blog.edu.turku.fi\/projektit\/wp-json\/wp\/v2\/pages"}],"about":[{"href":"https:\/\/blog.edu.turku.fi\/projektit\/wp-json\/wp\/v2\/types\/page"}],"author":[{"embeddable":true,"href":"https:\/\/blog.edu.turku.fi\/projektit\/wp-json\/wp\/v2\/users\/2935"}],"replies":[{"embeddable":true,"href":"https:\/\/blog.edu.turku.fi\/projektit\/wp-json\/wp\/v2\/comments?post=264"}],"version-history":[{"count":3,"href":"https:\/\/blog.edu.turku.fi\/projektit\/wp-json\/wp\/v2\/pages\/264\/revisions"}],"predecessor-version":[{"id":813,"href":"https:\/\/blog.edu.turku.fi\/projektit\/wp-json\/wp\/v2\/pages\/264\/revisions\/813"}],"up":[{"embeddable":true,"href":"https:\/\/blog.edu.turku.fi\/projektit\/wp-json\/wp\/v2\/pages\/9"}],"wp:attachment":[{"href":"https:\/\/blog.edu.turku.fi\/projektit\/wp-json\/wp\/v2\/media?parent=264"}],"curies":[{"name":"wp","href":"https:\/\/api.w.org\/{rel}","templated":true}]}}