{"id":258,"date":"2022-03-10T13:52:41","date_gmt":"2022-03-10T11:52:41","guid":{"rendered":"https:\/\/blog.edu.turku.fi\/projektit\/?page_id=258"},"modified":"2023-10-02T14:44:55","modified_gmt":"2023-10-02T11:44:55","slug":"tie-tulevaisuuteen-opinto-ohjauksen-laadun-kehittaminen-lukioissa","status":"publish","type":"page","link":"https:\/\/blog.edu.turku.fi\/projektit\/lukio\/tie-tulevaisuuteen-opinto-ohjauksen-laadun-kehittaminen-lukioissa\/","title":{"rendered":"Tie tulevaisuuteen &#8211; opinto-ohjauksen laadun kehitt\u00e4minen lukioissa"},"content":{"rendered":"<p><strong>Yhteyshenkil\u00f6:<\/strong> projektikoordinaattori Miia Lehtonen (etunimi.sukunimi@turku.fi)<\/p>\n<p><strong>Tavoite:<\/strong>\u00a0Projektin tavoitteena on parantaa lukio-opiskelijoiden saaman opinto-ohjauksen laatua kehitt\u00e4m\u00e4ll\u00e4, kokeilemalla ja ottamalla k\u00e4ytt\u00f6\u00f6n uusia digitalisuutta hy\u00f6dynt\u00e4vi\u00e4 lukioiden jatko- ja uraohjauksen ty\u00f6kaluja ja toimintamalleja.<\/p>\n<p><strong>Toimenpiteet:<br \/>\n<\/strong>&#8211; Kehitet\u00e4\u00e4n malli moniammatillisen tuen tarjoamisesta perusopetuksessa tehostettua tai erityist\u00e4 tukea saaneille lukio-opiskelijoille<br \/>\n&#8211; Kehitet\u00e4\u00e4n lukion kieliprofiilin tyyppinen digitaalinen opiskelijan motivaatio- ja vahvuusprofiili opintojen aikaisen jatko- ja uraohjauksen ty\u00f6kaluksi hy\u00f6dynt\u00e4m\u00e4ll\u00e4 k\u00e4yt\u00f6ss\u00e4 olevia teknisi\u00e4 alustoja<br \/>\n&#8211; Kuvataan lukion p\u00e4\u00e4tt\u00e4neiden, ilman jatko-opiskelupaikkaa j\u00e4\u00e4neiden opiskelijoiden ohjauspolku sek\u00e4 tehd\u00e4\u00e4n n\u00e4kyv\u00e4ksi toimijoiden roolit ja teht\u00e4v\u00e4t eri vaiheissa<br \/>\n-Tehd\u00e4\u00e4n opetuskielen tuen ja kehitt\u00e4misen ohjaussuunnitelma vieraskielisten lukio-opiskelijoiden opiskelun tueksi<br \/>\n&#8211; Kuvataan jatko-opiskelusta ulkomailla kiinnostuneiden lukio-opiskelijoiden ohjauspolku vaihe vaiheelta ja tehd\u00e4\u00e4n n\u00e4kyv\u00e4ksi opiskelijan itsens\u00e4 ja opinto-ohjaajan roolit ja teht\u00e4v\u00e4t haun ja valmistautumisen eri vaiheissa.<\/p>\n<p><strong>Kohderyhm\u00e4:<\/strong> Lukio-opiskelijat ja lukion opinto-ohjaajat<\/p>\n<p><strong>Toteutusaika:<\/strong> 9.2.2022 \u2013 31.12.2023<\/p>\n<p><strong>Toteutusalue:<\/strong> Turku ja Salo<\/p>\n<p><strong>Rahoittaja:<\/strong> Opetushallitus ja Turun kaupunki<\/p>\n<p><img loading=\"lazy\" decoding=\"async\" class=\"alignnone wp-image-236\" src=\"https:\/\/blog.edu.turku.fi\/projektit\/files\/2022\/03\/OPH_rahoittaa_rgb-1-300x290.png\" alt=\"\" width=\"117\" height=\"113\" srcset=\"https:\/\/blog.edu.turku.fi\/projektit\/files\/2022\/03\/OPH_rahoittaa_rgb-1-300x290.png 300w, https:\/\/blog.edu.turku.fi\/projektit\/files\/2022\/03\/OPH_rahoittaa_rgb-1.png 360w\" sizes=\"auto, (max-width: 117px) 85vw, 117px\" \/><\/p>\n","protected":false},"excerpt":{"rendered":"<p>Yhteyshenkil\u00f6: projektikoordinaattori Miia Lehtonen (etunimi.sukunimi@turku.fi) Tavoite:\u00a0Projektin tavoitteena on parantaa lukio-opiskelijoiden saaman opinto-ohjauksen laatua kehitt\u00e4m\u00e4ll\u00e4, kokeilemalla ja ottamalla k\u00e4ytt\u00f6\u00f6n uusia digitalisuutta hy\u00f6dynt\u00e4vi\u00e4 lukioiden jatko- ja uraohjauksen ty\u00f6kaluja ja toimintamalleja. Toimenpiteet: &#8211; Kehitet\u00e4\u00e4n malli moniammatillisen tuen tarjoamisesta perusopetuksessa tehostettua tai erityist\u00e4 tukea saaneille lukio-opiskelijoille &#8211; Kehitet\u00e4\u00e4n lukion kieliprofiilin tyyppinen digitaalinen opiskelijan motivaatio- ja vahvuusprofiili opintojen aikaisen jatko- &hellip; <a href=\"https:\/\/blog.edu.turku.fi\/projektit\/lukio\/tie-tulevaisuuteen-opinto-ohjauksen-laadun-kehittaminen-lukioissa\/\" class=\"more-link\">Jatka lukemista<span class=\"screen-reader-text\"> &#8221;Tie tulevaisuuteen &#8211; opinto-ohjauksen laadun kehitt\u00e4minen lukioissa&#8221;<\/span><\/a><\/p>\n","protected":false},"author":2935,"featured_media":0,"parent":11,"menu_order":4,"comment_status":"closed","ping_status":"closed","template":"","meta":{"footnotes":""},"class_list":["post-258","page","type-page","status-publish","hentry"],"_links":{"self":[{"href":"https:\/\/blog.edu.turku.fi\/projektit\/wp-json\/wp\/v2\/pages\/258","targetHints":{"allow":["GET"]}}],"collection":[{"href":"https:\/\/blog.edu.turku.fi\/projektit\/wp-json\/wp\/v2\/pages"}],"about":[{"href":"https:\/\/blog.edu.turku.fi\/projektit\/wp-json\/wp\/v2\/types\/page"}],"author":[{"embeddable":true,"href":"https:\/\/blog.edu.turku.fi\/projektit\/wp-json\/wp\/v2\/users\/2935"}],"replies":[{"embeddable":true,"href":"https:\/\/blog.edu.turku.fi\/projektit\/wp-json\/wp\/v2\/comments?post=258"}],"version-history":[{"count":11,"href":"https:\/\/blog.edu.turku.fi\/projektit\/wp-json\/wp\/v2\/pages\/258\/revisions"}],"predecessor-version":[{"id":599,"href":"https:\/\/blog.edu.turku.fi\/projektit\/wp-json\/wp\/v2\/pages\/258\/revisions\/599"}],"up":[{"embeddable":true,"href":"https:\/\/blog.edu.turku.fi\/projektit\/wp-json\/wp\/v2\/pages\/11"}],"wp:attachment":[{"href":"https:\/\/blog.edu.turku.fi\/projektit\/wp-json\/wp\/v2\/media?parent=258"}],"curies":[{"name":"wp","href":"https:\/\/api.w.org\/{rel}","templated":true}]}}