{"id":249,"date":"2022-03-10T10:06:58","date_gmt":"2022-03-10T08:06:58","guid":{"rendered":"https:\/\/blog.edu.turku.fi\/projektit\/?page_id=249"},"modified":"2025-01-08T16:42:08","modified_gmt":"2025-01-08T14:42:08","slug":"paattyneet","status":"publish","type":"page","link":"https:\/\/blog.edu.turku.fi\/projektit\/ammatillinen\/paattyneet\/","title":{"rendered":"Ammatillisen koulutuksen p\u00e4\u00e4ttyneet hankkeet"},"content":{"rendered":"<p><span class=\"ui-provider a b c d e f g h i j k l m n o p q r s t u v w x y z ab ac ae af ag ah ai aj ak\" dir=\"ltr\">T\u00e4\u00e4lt\u00e4 l\u00f6yd\u00e4t kootusti jo p\u00e4\u00e4ttyneiden hankkeiden esittelyt\/tulokset<\/span><\/p>\n<p><strong>6Aika: 365\/12 &#8211; Aina avoin ammatillinen oppilaitos -hanke (ESR, 2017-2020): <a href=\"https:\/\/www.polkuammattiin.fi\/\">Polku ammattiin<\/a><\/strong><\/p>\n<p><strong>Avoimet ammatilliset opinnot -hanke (ESR, 2018-2020): <a href=\"https:\/\/www.aavo.fi\/\">Avoimet ammatilliset opinnot (aavo.fi)<\/a><\/strong><\/p>\n<p><strong>Ankkuri &#8211; ammattikoululaisten nikotiinituotteiden k\u00e4yt\u00f6n ennaltaehk\u00e4isyn ja lopettamisen tukeminen sek\u00e4 yhteisty\u00f6- ja johtamisk\u00e4yt\u00e4nteiden implementointi (STM, 2020-2022): <a href=\"https:\/\/blog.edu.turku.fi\/projektit\/ammatillinen\/ankkuri-ammattikoululaisten-nikotiinituotteiden-kayton-ennaltaehkaisyn-ja-lopettamisen-tukeminen-seka-yhteistyo-ja-johtamiskaytanteiden-implementointi\/\">Ankkuri \u2013 ammattikoululaisten nikotiinituotteiden k\u00e4yt\u00f6n ennaltaehk\u00e4isyn ja lopettamisen tukeminen sek\u00e4 yhteisty\u00f6- ja johtamisk\u00e4yt\u00e4nteiden implementointi \u2013 Kasvatuksen ja opetuksen projektit (turku.fi)<\/a><\/strong><\/p>\n<p><strong>Bridge the Ocean (EU:n Erasmus + -ohjelma, 2020-2022): <a href=\"https:\/\/blog.edu.turku.fi\/projektit\/ammatillinen\/bridge-the-ocean\/\">Bridge the Ocean \u2013 Kasvatuksen ja opetuksen projektit (turku.fi)<\/a><\/strong><\/p>\n<p><strong>KARKKI &#8211; Kokonaisarkkitehtuuria ammatilliseen koulutukseen (OKM, 2022-2023): <a href=\"https:\/\/blog.edu.turku.fi\/projektit\/karkki-kokonaisarkkitehtuuria-ammatilliseen-koulutukseen\/\">KARKKI \u2013 Kokonaisarkkitehtuuria ammatilliseen koulutukseen \u2013 Kasvatuksen ja opetuksen projektit (turku.fi)<\/a><\/strong><\/p>\n<p><strong>Kest\u00e4v\u00e4n tulevaisuuden ammattilaiset (OPH, 2021-2023): <a href=\"https:\/\/blog.edu.turku.fi\/kestavan-tulevaisuuden-ammattilaiset\/\">Kest\u00e4v\u00e4n tulevaisuuden ammattilaiset \u2013 Turun kaupunki (turku.fi)<\/a><\/strong><\/p>\n<p><strong>Mieli liikkeelle (OKM ja Turun kaupunki, 2022-2023): <a href=\"https:\/\/blog.edu.turku.fi\/projektit\/mieli-liikkeelle\/\">Mieli liikkeelle \u2013 Kasvatuksen ja opetuksen projektit (turku.fi)<\/a><\/strong><\/p>\n<p><strong>Ohjauksen nivelet kuntoon (OPH, 2020-2022): <a href=\"https:\/\/blog.edu.turku.fi\/projektit\/ammatillinen\/ohjauksen-nivelet-kuntoon\/\">Ohjauksen nivelet kuntoon \u2013 Kasvatuksen ja opetuksen projektit (turku.fi)<\/a><\/strong><\/p>\n<p><strong>Osaajia hius- ja kauneudenhoitoalalle (JOTPA, 2023-2024): <a href=\"https:\/\/blog.edu.turku.fi\/projektit\/osaajia-hius-ja-kauneudenhoitoalalle\/\">Osaajia hius- ja kauneudenhoitoalalle \u2013 Kasvatuksen ja opetuksen projektit<\/a><\/strong><\/p>\n<p><strong>OPVA HALTUUN &#8211; Fram\u00e5t med SSS (OKM, 2022-2024):<a href=\"https:\/\/blog.edu.turku.fi\/projektit\/opva-haltuun-framat-med-sss\/\">OPVA haltuun \u2013 Fram\u00e5t med SSS \u2013 Kasvatuksen ja opetuksen projektit (turku.fi)<\/a><\/strong><\/p>\n<p><strong>Perusta &#8211; Perustaidot hallussa (ESR ja Pohjois-Pohjanmaan elinkeino-,liikenne- ja ymp\u00e4rist\u00f6keskus, 2019-2022): <a href=\"https:\/\/blog.edu.turku.fi\/projektit\/ammatillinen\/perusta-perustaidot-hallussa\/\">Perusta \u2013 Perustaidot hallussa \u2013 Kasvatuksen ja opetuksen projektit (turku.fi)<\/a><\/strong><\/p>\n<p><strong>PODI &#8211; Polkuja ja palveluja digitaaliseen ohjaukseen ja oppimiseen (Euroopan sosiaalirahasto, toteuttaja organisaatiot: 2021-2023): <a href=\"https:\/\/blog.edu.turku.fi\/projektit\/ammatillinen\/podi-polkuja-ja-palveluja-digitaaliseen-ohjaukseen-ja-oppimiseen\/\">PODI \u2013 Polkuja ja palveluja digitaaliseen ohjaukseen ja oppimiseen \u2013 Kasvatuksen ja opetuksen projektit (turku.fi)<\/a><\/strong><\/p>\n<p><strong>Polkuja (OPH, 2020-2022): <a href=\"https:\/\/blog.edu.turku.fi\/projektit\/polkuja\/\">Polkuja \u2013 Kasvatuksen ja opetuksen projektit (turku.fi)<\/a><\/strong><\/p>\n<p><strong>Strapetsi \u2013 Strategisen ja pedagogisen toiminnan johtaminen \u2013 Ledning av strategisk och pedagogisk verksamhet (OKM, 2023-2024): <a href=\"https:\/\/blog.edu.turku.fi\/projektit\/strapetsi-strategisen-ja-pedagogisen-toiminnan-johtaminen-ledning-av-strategisk-och-pedagogisk-verksamhet\/\">Strapetsi \u2013 Strategisen ja pedagogisen toiminnan johtaminen \u2013 Ledning av strategisk och pedagogisk verksamhet \u2013 Kasvatuksen ja opetuksen projektit<\/a><\/strong><\/p>\n<p><strong>Suodattimen uusi el\u00e4m\u00e4 (Varsinais-Suomen liitto ja AKKE -m\u00e4\u00e4r\u00e4raha, 2022-2023): <a href=\"https:\/\/blog.edu.turku.fi\/projektit\/suodattimen-uusi-elama\/\">Suodattimen uusi el\u00e4m\u00e4 \u2013 Kasvatuksen ja opetuksen projektit (turku.fi)<\/a><\/strong><\/p>\n<p><strong>Turun liikkuva ty\u00f6el\u00e4m\u00e4 (2. aste) II (AVI ja Turun kaupunki, 2023-2023): <a href=\"https:\/\/blog.edu.turku.fi\/projektit\/turun-liikkuva-tyoelama-2-aste\/\">Turun liikkuva ty\u00f6el\u00e4m\u00e4 (2. aste) II \u2013 Kasvatuksen ja opetuksen projektit (turku.fi)<\/a><\/strong><\/p>\n<p><strong>ViSu &#8211; Virtuaaliset ja simuloidut oppimisymp\u00e4rist\u00f6t ammatillisessa koulutuksessa -hanke (OPH, 2019-2022): <a href=\"https:\/\/blog.edu.turku.fi\/visu\/\">ViSu \u2013 Virtuaaliset ja simuloidut oppimisymp\u00e4rist\u00f6t ammatillisessa koulutuksessa (turku.fi)<\/a><\/strong><\/p>\n","protected":false},"excerpt":{"rendered":"<p>T\u00e4\u00e4lt\u00e4 l\u00f6yd\u00e4t kootusti jo p\u00e4\u00e4ttyneiden hankkeiden esittelyt\/tulokset 6Aika: 365\/12 &#8211; Aina avoin ammatillinen oppilaitos -hanke (ESR, 2017-2020): Polku ammattiin Avoimet ammatilliset opinnot -hanke (ESR, 2018-2020): Avoimet ammatilliset opinnot (aavo.fi) Ankkuri &#8211; ammattikoululaisten nikotiinituotteiden k\u00e4yt\u00f6n ennaltaehk\u00e4isyn ja lopettamisen tukeminen sek\u00e4 yhteisty\u00f6- ja johtamisk\u00e4yt\u00e4nteiden implementointi (STM, 2020-2022): Ankkuri \u2013 ammattikoululaisten nikotiinituotteiden k\u00e4yt\u00f6n ennaltaehk\u00e4isyn ja lopettamisen tukeminen sek\u00e4 &hellip; <a href=\"https:\/\/blog.edu.turku.fi\/projektit\/ammatillinen\/paattyneet\/\" class=\"more-link\">Jatka lukemista<span class=\"screen-reader-text\"> &#8221;Ammatillisen koulutuksen p\u00e4\u00e4ttyneet hankkeet&#8221;<\/span><\/a><\/p>\n","protected":false},"author":3210,"featured_media":0,"parent":13,"menu_order":0,"comment_status":"closed","ping_status":"closed","template":"","meta":{"footnotes":""},"class_list":["post-249","page","type-page","status-publish","hentry"],"_links":{"self":[{"href":"https:\/\/blog.edu.turku.fi\/projektit\/wp-json\/wp\/v2\/pages\/249","targetHints":{"allow":["GET"]}}],"collection":[{"href":"https:\/\/blog.edu.turku.fi\/projektit\/wp-json\/wp\/v2\/pages"}],"about":[{"href":"https:\/\/blog.edu.turku.fi\/projektit\/wp-json\/wp\/v2\/types\/page"}],"author":[{"embeddable":true,"href":"https:\/\/blog.edu.turku.fi\/projektit\/wp-json\/wp\/v2\/users\/3210"}],"replies":[{"embeddable":true,"href":"https:\/\/blog.edu.turku.fi\/projektit\/wp-json\/wp\/v2\/comments?post=249"}],"version-history":[{"count":17,"href":"https:\/\/blog.edu.turku.fi\/projektit\/wp-json\/wp\/v2\/pages\/249\/revisions"}],"predecessor-version":[{"id":923,"href":"https:\/\/blog.edu.turku.fi\/projektit\/wp-json\/wp\/v2\/pages\/249\/revisions\/923"}],"up":[{"embeddable":true,"href":"https:\/\/blog.edu.turku.fi\/projektit\/wp-json\/wp\/v2\/pages\/13"}],"wp:attachment":[{"href":"https:\/\/blog.edu.turku.fi\/projektit\/wp-json\/wp\/v2\/media?parent=249"}],"curies":[{"name":"wp","href":"https:\/\/api.w.org\/{rel}","templated":true}]}}