{"id":242,"date":"2022-03-09T10:12:56","date_gmt":"2022-03-09T08:12:56","guid":{"rendered":"https:\/\/blog.edu.turku.fi\/projektit\/?page_id=242"},"modified":"2024-01-15T17:29:39","modified_gmt":"2024-01-15T15:29:39","slug":"digipolku-digitaitojen-yhteiset-oppimispolut","status":"publish","type":"page","link":"https:\/\/blog.edu.turku.fi\/projektit\/digipolku-digitaitojen-yhteiset-oppimispolut\/","title":{"rendered":"Digipolku &#8211; digitaitojen yhteiset oppimispolut"},"content":{"rendered":"<p><strong>Digipolku &#8211; digitaitojen yhteiset oppimispolut<\/strong><br \/>\n<strong>Yhteyshenkil\u00f6:<\/strong> Saku Holmqvist<br \/>\n<strong>Tavoite:<\/strong> Esi- ja perusopetuksen digitalisaation kokonaisvaltainen edist\u00e4minen ja innovatiivisten opetusk\u00e4yt\u00e4nt\u00f6jen kehitt\u00e4minen. Kunnissa ideoidaan ja kehitet\u00e4\u00e4n perusopetukseen oppimispolkuja ottaen huomioon Uudet lukutaidot -kehitt\u00e4misohjelma. Toisena isona tavoitteena on DigiOnen Opetuksen suunnittelu -palvelun pilotoinnin suunnittelu ja koordinointi kaikissa DigiOne-kunnissa.<br \/>\n<a href=\"https:\/\/www.jyvaskyla.fi\/hankkeet\/digipolku-hanke\">Lue lis\u00e4\u00e4 hankkeen kotisivuilta<\/a><br \/>\n<strong>Kohderyhm\u00e4:<\/strong> DigiOne-hankkeessa mukana olevat kunnat ja erityisesti niiden DigiOne-pilottikoulut<br \/>\n<strong>Toteutusaika:<\/strong> 1.6.2021-31.7.2024<br \/>\n<strong>Toteutusalue:<\/strong> DigiOne-hankkeessa mukana olevat kunnat\u00a0 \/ Turun osuus<br \/>\n<strong>Rahoittaja:<\/strong> Opetushallitus ja kaupungin omarahoitus<\/p>\n<p><img loading=\"lazy\" decoding=\"async\" class=\"alignnone wp-image-77 \" src=\"https:\/\/blog.edu.turku.fi\/projektit\/files\/2022\/03\/OPH_rahoittaa_rgb-1.png\" alt=\"Opetushallitus rahoittaa hanketta\" width=\"85\" height=\"82\" \/> <img loading=\"lazy\" decoding=\"async\" class=\"alignnone size-medium wp-image-41\" src=\"https:\/\/blog.edu.turku.fi\/projektit\/files\/2022\/01\/blog-turku-logo-150x82.png\" alt=\"Turun kaupungin logo\" width=\"150\" height=\"82\" \/><\/p>\n","protected":false},"excerpt":{"rendered":"<p>Digipolku &#8211; digitaitojen yhteiset oppimispolut Yhteyshenkil\u00f6: Saku Holmqvist Tavoite: Esi- ja perusopetuksen digitalisaation kokonaisvaltainen edist\u00e4minen ja innovatiivisten opetusk\u00e4yt\u00e4nt\u00f6jen kehitt\u00e4minen. Kunnissa ideoidaan ja kehitet\u00e4\u00e4n perusopetukseen oppimispolkuja ottaen huomioon Uudet lukutaidot -kehitt\u00e4misohjelma. Toisena isona tavoitteena on DigiOnen Opetuksen suunnittelu -palvelun pilotoinnin suunnittelu ja koordinointi kaikissa DigiOne-kunnissa. Lue lis\u00e4\u00e4 hankkeen kotisivuilta Kohderyhm\u00e4: DigiOne-hankkeessa mukana olevat kunnat ja erityisesti &hellip; <a href=\"https:\/\/blog.edu.turku.fi\/projektit\/digipolku-digitaitojen-yhteiset-oppimispolut\/\" class=\"more-link\">Jatka lukemista<span class=\"screen-reader-text\"> &#8221;Digipolku &#8211; digitaitojen yhteiset oppimispolut&#8221;<\/span><\/a><\/p>\n","protected":false},"author":56,"featured_media":0,"parent":0,"menu_order":0,"comment_status":"closed","ping_status":"closed","template":"","meta":{"footnotes":""},"class_list":["post-242","page","type-page","status-publish","hentry"],"_links":{"self":[{"href":"https:\/\/blog.edu.turku.fi\/projektit\/wp-json\/wp\/v2\/pages\/242","targetHints":{"allow":["GET"]}}],"collection":[{"href":"https:\/\/blog.edu.turku.fi\/projektit\/wp-json\/wp\/v2\/pages"}],"about":[{"href":"https:\/\/blog.edu.turku.fi\/projektit\/wp-json\/wp\/v2\/types\/page"}],"author":[{"embeddable":true,"href":"https:\/\/blog.edu.turku.fi\/projektit\/wp-json\/wp\/v2\/users\/56"}],"replies":[{"embeddable":true,"href":"https:\/\/blog.edu.turku.fi\/projektit\/wp-json\/wp\/v2\/comments?post=242"}],"version-history":[{"count":6,"href":"https:\/\/blog.edu.turku.fi\/projektit\/wp-json\/wp\/v2\/pages\/242\/revisions"}],"predecessor-version":[{"id":702,"href":"https:\/\/blog.edu.turku.fi\/projektit\/wp-json\/wp\/v2\/pages\/242\/revisions\/702"}],"wp:attachment":[{"href":"https:\/\/blog.edu.turku.fi\/projektit\/wp-json\/wp\/v2\/media?parent=242"}],"curies":[{"name":"wp","href":"https:\/\/api.w.org\/{rel}","templated":true}]}}