{"id":228,"date":"2022-03-07T14:55:26","date_gmt":"2022-03-07T12:55:26","guid":{"rendered":"https:\/\/blog.edu.turku.fi\/projektit\/?page_id=228"},"modified":"2024-01-15T17:30:40","modified_gmt":"2024-01-15T15:30:40","slug":"digione","status":"publish","type":"page","link":"https:\/\/blog.edu.turku.fi\/projektit\/muut\/digione\/","title":{"rendered":"DigiOne"},"content":{"rendered":"<p><strong>Yhteyshenkil\u00f6<\/strong>: Seppo Pukonen<br \/>\n<strong>Tavoite<\/strong>: Tavoitteena on luoda oppimisen ja koulutuksen palveluita yhteen kokoava kansallinen digitaalinen palvelualusta. Tavoitteena on, ett\u00e4 palvelualustan ymp\u00e4rille kasvaa koulutusalan ekosysteemi, johon kaikki koulutuksen alan toimijat voivat liitty\u00e4. Haluamme yhdess\u00e4 edist\u00e4\u00e4 tulevaisuuden oppimista ja yhdenvertaisia mahdollisuuksia oppimiselle, tukea toimintakulttuurin muutosta ja luoda hyvinvointia pitk\u00e4j\u00e4nteisesti. DigiOnea kehitt\u00e4v\u00e4t yhdess\u00e4 7 kaupunkia sek\u00e4 Kuntien Tiera. Lis\u00e4tietoa: <a href=\"https:\/\/www.digione.fi\/\" target=\"_blank\" rel=\"noopener\">digione.fi<\/a><br \/>\n<strong>Kohderyhm\u00e4<\/strong>: Perusopetus ja lukiokoulutus<br \/>\n<strong>Toteutusaika<\/strong>: 2019-2025<br \/>\n<strong>Toteutusalue<\/strong>: Vantaa, Espoo, Jyv\u00e4skyl\u00e4, Lahti, Oulu,\u00a0 Tampere ja Turku<br \/>\n<strong>Rahoittaja<\/strong>: Business Finland ja kaupunkien omarahoitus<\/p>\n<p><img loading=\"lazy\" decoding=\"async\" class=\"alignnone size-full wp-image-230\" src=\"https:\/\/blog.edu.turku.fi\/projektit\/files\/2022\/03\/digione-kumppanit.png\" alt=\"Espoo Jyv\u00e4skyl\u00e4 Lahti Oulu Tampere Turku Vantaa Tiera Business Finland Kuntaliitto\" width=\"1177\" height=\"99\" srcset=\"https:\/\/blog.edu.turku.fi\/projektit\/files\/2022\/03\/digione-kumppanit.png 1177w, https:\/\/blog.edu.turku.fi\/projektit\/files\/2022\/03\/digione-kumppanit-300x25.png 300w, https:\/\/blog.edu.turku.fi\/projektit\/files\/2022\/03\/digione-kumppanit-1024x86.png 1024w\" sizes=\"auto, (max-width: 709px) 85vw, (max-width: 909px) 67vw, (max-width: 1362px) 62vw, 840px\" \/><\/p>\n","protected":false},"excerpt":{"rendered":"<p>Yhteyshenkil\u00f6: Seppo Pukonen Tavoite: Tavoitteena on luoda oppimisen ja koulutuksen palveluita yhteen kokoava kansallinen digitaalinen palvelualusta. Tavoitteena on, ett\u00e4 palvelualustan ymp\u00e4rille kasvaa koulutusalan ekosysteemi, johon kaikki koulutuksen alan toimijat voivat liitty\u00e4. Haluamme yhdess\u00e4 edist\u00e4\u00e4 tulevaisuuden oppimista ja yhdenvertaisia mahdollisuuksia oppimiselle, tukea toimintakulttuurin muutosta ja luoda hyvinvointia pitk\u00e4j\u00e4nteisesti. DigiOnea kehitt\u00e4v\u00e4t yhdess\u00e4 7 kaupunkia sek\u00e4 Kuntien Tiera. &hellip; <a href=\"https:\/\/blog.edu.turku.fi\/projektit\/muut\/digione\/\" class=\"more-link\">Jatka lukemista<span class=\"screen-reader-text\"> &#8221;DigiOne&#8221;<\/span><\/a><\/p>\n","protected":false},"author":16,"featured_media":0,"parent":15,"menu_order":0,"comment_status":"closed","ping_status":"closed","template":"","meta":{"footnotes":""},"class_list":["post-228","page","type-page","status-publish","hentry"],"_links":{"self":[{"href":"https:\/\/blog.edu.turku.fi\/projektit\/wp-json\/wp\/v2\/pages\/228","targetHints":{"allow":["GET"]}}],"collection":[{"href":"https:\/\/blog.edu.turku.fi\/projektit\/wp-json\/wp\/v2\/pages"}],"about":[{"href":"https:\/\/blog.edu.turku.fi\/projektit\/wp-json\/wp\/v2\/types\/page"}],"author":[{"embeddable":true,"href":"https:\/\/blog.edu.turku.fi\/projektit\/wp-json\/wp\/v2\/users\/16"}],"replies":[{"embeddable":true,"href":"https:\/\/blog.edu.turku.fi\/projektit\/wp-json\/wp\/v2\/comments?post=228"}],"version-history":[{"count":3,"href":"https:\/\/blog.edu.turku.fi\/projektit\/wp-json\/wp\/v2\/pages\/228\/revisions"}],"predecessor-version":[{"id":704,"href":"https:\/\/blog.edu.turku.fi\/projektit\/wp-json\/wp\/v2\/pages\/228\/revisions\/704"}],"up":[{"embeddable":true,"href":"https:\/\/blog.edu.turku.fi\/projektit\/wp-json\/wp\/v2\/pages\/15"}],"wp:attachment":[{"href":"https:\/\/blog.edu.turku.fi\/projektit\/wp-json\/wp\/v2\/media?parent=228"}],"curies":[{"name":"wp","href":"https:\/\/api.w.org\/{rel}","templated":true}]}}