{"id":218,"date":"2022-02-07T16:51:32","date_gmt":"2022-02-07T14:51:32","guid":{"rendered":"https:\/\/blog.edu.turku.fi\/projektit\/?page_id=218"},"modified":"2023-05-24T09:24:43","modified_gmt":"2023-05-24T06:24:43","slug":"podi-polkuja-ja-palveluja-digitaaliseen-ohjaukseen-ja-oppimiseen","status":"publish","type":"page","link":"https:\/\/blog.edu.turku.fi\/projektit\/ammatillinen\/podi-polkuja-ja-palveluja-digitaaliseen-ohjaukseen-ja-oppimiseen\/","title":{"rendered":"PODI &#8211; Polkuja ja palveluja digitaaliseen ohjaukseen ja oppimiseen"},"content":{"rendered":"<p><strong>Yhteyshenkil\u00f6:<\/strong> Annina Laaksonen (annina.laaksonen@turku.fi)<\/p>\n<p><strong>Tavoite:<\/strong> PODI \u2013 Polkuja ja palveluja digitaaliseen ohjaukseen ja oppimiseen-hankkeessa\u00a0 keskityt\u00e4\u00e4n ohjausprosessin ja -menetelmien digitalisointiin, digiosaamisen kehitt\u00e4miseen sek\u00e4 jatkuvan oppimisen edist\u00e4miseen varsinaissuomalaisissa koulutusorganisaatioissa. P\u00e4\u00e4tavoite on kehitt\u00e4\u00e4 digitaalisesti saavutettavaa ohjausta sek\u00e4<br \/>\noppijoiden\/opiskelijoiden ja koulutusorganisaatioiden digiosaamista\/-taitoja.<\/p>\n<p>Osatavoitteena on kehitt\u00e4\u00e4:<br \/>\n1) opiskelijoiden\/oppijoiden sek\u00e4 opetus- ja ohjaushenkil\u00f6st\u00f6n digiosaamista<br \/>\n2) ura- ja opinto-ohjauksen sis\u00e4lt\u00f6j\u00e4, prosesseja ja palveluja sek\u00e4<br \/>\n3) alueellisten ohjaustoimijoiden yhteisty\u00f6t\u00e4 Varsinais-Suomessa.<\/p>\n<p>Osatavoitteiden kautta on johdettu kehitt\u00e4misen ty\u00f6paketit:<br \/>\nTP 1: Digitaalisen oppimisen ja ohjauksen kehitt\u00e4minen (kohderyhm\u00e4n\u00e4 opiskelijat\/oppijat)<br \/>\nTP 2: Opetus- ja ohjaushenkil\u00f6st\u00f6n digiohjaustaitojen kehitt\u00e4minen (kohderyhm\u00e4n\u00e4 henkil\u00f6st\u00f6)<br \/>\nTP 3: Ohjausprosessien ja -palvelujen kehitt\u00e4minen<br \/>\nTP 4: Ohjausverkoston yhteisty\u00f6n ja juurruttamisen kehitt\u00e4minen<\/p>\n<p><strong>Kehitt\u00e4misty\u00f6n tuloksena:<\/strong><\/p>\n<ul>\n<li>Opiskelijoiden\u00a0ja koulutusorganisaatioiden opetus- ja ohjaushenkil\u00f6st\u00f6n digitaaliset taidot ja valmiudet hy\u00f6dynt\u00e4\u00e4 niit\u00e4 sek\u00e4 koulutuksessa\u00a0ett\u00e4 ty\u00f6el\u00e4m\u00e4ss\u00e4 ovat parantuneet.<\/li>\n<li>On kehitetty ja digitalisoitu koulutusorganisaatioiden ohjauspolkuja ja -prosesseja. Digitalisoidut ohjauspalvelut ja -prosessit mahdollistavat palvelujen entist\u00e4 paremman saavutettavuuden ja digitaaliset ohjauksen v\u00e4lineet on otettu monipuolisemmin ja tehokkaammin osaksi oppijal\u00e4ht\u00f6ist\u00e4 ohjausprosessia.<\/li>\n<li>Toimiviksi koetut ja arvioidut digitaaliset ohjauskokeilut jatkuvat ja ne otetaan laajempaan k\u00e4ytt\u00f6\u00f6n hankkeen osatoteuttajaorganisaatioissa.<\/li>\n<li>Tietoa ja kokemuksia hyvist\u00e4 k\u00e4yt\u00e4nn\u00f6ist\u00e4 jaetaan muiden organisaatioiden hy\u00f6dynnett\u00e4v\u00e4ksi.<\/li>\n<li><\/li>\n<\/ul>\n<p><strong>Kehitt\u00e4misty\u00f6n pitk\u00e4n aikav\u00e4lin vaikutukset:<\/strong><\/p>\n<ul>\n<li>Opiskelijoiden\u00a0kehittyneiden digitaitojen my\u00f6t\u00e4 heid\u00e4n ty\u00f6markkina-asemansa on parantunut ja n\u00e4m\u00e4 taidot edist\u00e4v\u00e4t edelleen jatkuvan oppimisen ja urasuunnittelun valmiuksia.<\/li>\n<li>Opetus- ja ohjaushenkil\u00f6st\u00f6n verkkopedagogiset valmiudet ja digiohjaustaidot ovat siirtyneet osaksi ko. henkil\u00f6iden perusty\u00f6t\u00e4 ja kartutettua osaamista on jaettu ty\u00f6yhteis\u00f6iss\u00e4.<\/li>\n<li>Hankeaikana kehitetyt ja digitalisoidut ohjauspalvelut ja -prosessit ovat aikaan saaneet pysyvi\u00e4, uudenlaisia ja lis\u00e4arvoa tuottavia ratkaisuja olemassa oleviin alueen koulutusorganisaatioiden ohjauspalveluihin. Olemassa oleviin oppimis- ja ohjausymp\u00e4rist\u00f6jen digitalisaatiokehityksen mukana tuomat uudenlaiset toimintatavat on otettu aktiivisesti hy\u00f6tyk\u00e4ytt\u00f6\u00f6n koulutusorganisaatioissa.<\/li>\n<\/ul>\n<p>Alueen ohjaustoimijoiden yhteisty\u00f6 on tiivistynyt Varsinais-Suomessa.<\/p>\n<p>Hankkeen koordinaattorina toimii Turun AMK, osatoteuttajina ovat Lounais-Suomen koulutuskuntayhtym\u00e4, Raision seudun koulutuskuntayhtym\u00e4, Salon seudun koulutuskuntayhtym\u00e4, Turun Aikuiskoulutuskeskus, Turun kaupunki (Turun ammatti-instituutti), Turun yliopisto ja \u00c5bo Akademi.<\/p>\n<p><strong>Toteutusaika:<\/strong> 1.9.2021 &#8211; 30.11.2023<\/p>\n<p><strong>Rahoittaja:<\/strong> Euroopan sosiaalirahasto, toteuttajaorganisaatiot<\/p>\n<p><img loading=\"lazy\" decoding=\"async\" class=\"alignnone size-medium wp-image-151\" src=\"https:\/\/blog.edu.turku.fi\/projektit\/files\/2022\/01\/VipuvoimaaEU_2014_2020_rgb-1-300x212.png\" alt=\"Vipuvoimaa EU:lta\" width=\"300\" height=\"212\" srcset=\"https:\/\/blog.edu.turku.fi\/projektit\/files\/2022\/01\/VipuvoimaaEU_2014_2020_rgb-1-300x212.png 300w, https:\/\/blog.edu.turku.fi\/projektit\/files\/2022\/01\/VipuvoimaaEU_2014_2020_rgb-1-1024x725.png 1024w, https:\/\/blog.edu.turku.fi\/projektit\/files\/2022\/01\/VipuvoimaaEU_2014_2020_rgb-1.png 1181w\" sizes=\"auto, (max-width: 300px) 85vw, 300px\" \/><img loading=\"lazy\" decoding=\"async\" class=\"alignnone size-medium wp-image-152\" src=\"https:\/\/blog.edu.turku.fi\/projektit\/files\/2022\/01\/EU_ESR_FI_vertical_20mm_rgb-290x300.png\" alt=\"Euroopan unioni - Euroopan sosiaalirahaston logo\" width=\"290\" height=\"300\" srcset=\"https:\/\/blog.edu.turku.fi\/projektit\/files\/2022\/01\/EU_ESR_FI_vertical_20mm_rgb-290x300.png 290w, https:\/\/blog.edu.turku.fi\/projektit\/files\/2022\/01\/EU_ESR_FI_vertical_20mm_rgb.png 354w\" sizes=\"auto, (max-width: 290px) 85vw, 290px\" \/><\/p>\n","protected":false},"excerpt":{"rendered":"<p>Yhteyshenkil\u00f6: Annina Laaksonen (annina.laaksonen@turku.fi) Tavoite: PODI \u2013 Polkuja ja palveluja digitaaliseen ohjaukseen ja oppimiseen-hankkeessa\u00a0 keskityt\u00e4\u00e4n ohjausprosessin ja -menetelmien digitalisointiin, digiosaamisen kehitt\u00e4miseen sek\u00e4 jatkuvan oppimisen edist\u00e4miseen varsinaissuomalaisissa koulutusorganisaatioissa. P\u00e4\u00e4tavoite on kehitt\u00e4\u00e4 digitaalisesti saavutettavaa ohjausta sek\u00e4 oppijoiden\/opiskelijoiden ja koulutusorganisaatioiden digiosaamista\/-taitoja. Osatavoitteena on kehitt\u00e4\u00e4: 1) opiskelijoiden\/oppijoiden sek\u00e4 opetus- ja ohjaushenkil\u00f6st\u00f6n digiosaamista 2) ura- ja opinto-ohjauksen sis\u00e4lt\u00f6j\u00e4, prosesseja ja &hellip; <a href=\"https:\/\/blog.edu.turku.fi\/projektit\/ammatillinen\/podi-polkuja-ja-palveluja-digitaaliseen-ohjaukseen-ja-oppimiseen\/\" class=\"more-link\">Jatka lukemista<span class=\"screen-reader-text\"> &#8221;PODI &#8211; Polkuja ja palveluja digitaaliseen ohjaukseen ja oppimiseen&#8221;<\/span><\/a><\/p>\n","protected":false},"author":3210,"featured_media":0,"parent":13,"menu_order":0,"comment_status":"closed","ping_status":"closed","template":"","meta":{"footnotes":""},"class_list":["post-218","page","type-page","status-publish","hentry"],"_links":{"self":[{"href":"https:\/\/blog.edu.turku.fi\/projektit\/wp-json\/wp\/v2\/pages\/218","targetHints":{"allow":["GET"]}}],"collection":[{"href":"https:\/\/blog.edu.turku.fi\/projektit\/wp-json\/wp\/v2\/pages"}],"about":[{"href":"https:\/\/blog.edu.turku.fi\/projektit\/wp-json\/wp\/v2\/types\/page"}],"author":[{"embeddable":true,"href":"https:\/\/blog.edu.turku.fi\/projektit\/wp-json\/wp\/v2\/users\/3210"}],"replies":[{"embeddable":true,"href":"https:\/\/blog.edu.turku.fi\/projektit\/wp-json\/wp\/v2\/comments?post=218"}],"version-history":[{"count":7,"href":"https:\/\/blog.edu.turku.fi\/projektit\/wp-json\/wp\/v2\/pages\/218\/revisions"}],"predecessor-version":[{"id":559,"href":"https:\/\/blog.edu.turku.fi\/projektit\/wp-json\/wp\/v2\/pages\/218\/revisions\/559"}],"up":[{"embeddable":true,"href":"https:\/\/blog.edu.turku.fi\/projektit\/wp-json\/wp\/v2\/pages\/13"}],"wp:attachment":[{"href":"https:\/\/blog.edu.turku.fi\/projektit\/wp-json\/wp\/v2\/media?parent=218"}],"curies":[{"name":"wp","href":"https:\/\/api.w.org\/{rel}","templated":true}]}}