{"id":199,"date":"2022-01-26T13:02:54","date_gmt":"2022-01-26T11:02:54","guid":{"rendered":"https:\/\/blog.edu.turku.fi\/projektit\/?page_id=199"},"modified":"2022-01-26T13:02:54","modified_gmt":"2022-01-26T11:02:54","slug":"varhaiskasvatuksen-toiminnanohjausjarjestelman-evakan-kehittaminen-avoimella-lahdekoodilla","status":"publish","type":"page","link":"https:\/\/blog.edu.turku.fi\/projektit\/varhaiskasvatus\/varhaiskasvatuksen-toiminnanohjausjarjestelman-evakan-kehittaminen-avoimella-lahdekoodilla\/","title":{"rendered":"Varhaiskasvatuksen toiminnanohjausj\u00e4rjestelm\u00e4n, eVaka:n, kehitt\u00e4minen avoimella l\u00e4hdekoodilla"},"content":{"rendered":"<p><strong>Yhteyshenkil\u00f6:<\/strong> Olli-Matti Orpana<br \/>\n<strong>Tavoite:<\/strong> Kuntien varhaiskasvatuksen toiminnanohjaus- ja asiakasvuorovaikutusj\u00e4rjestelm\u00e4n kehitt\u00e4minen avoimella l\u00e4hdekoodilla Espoon eVaka-toteutukseen pohjautuen. Tavoitteena on kehitt\u00e4\u00e4 asiakasl\u00e4ht\u00f6isempi\u00e4 palveluprosesseja hy\u00f6dynt\u00e4en kehitettyj\u00e4 yhteisi\u00e4 ratkaisuja yhdess\u00e4 Espoon, Oulun ja Tampereen kaupunkien kanssa. Lis\u00e4ksi tavoitteena on yhteiset tietom\u00e4\u00e4ritykset ja toimintatavat, jotka mahdollistavat asiakkaan asioinnin digitaalisesti ja mahdollistavat tietojen siirron kuntien j\u00e4rjestelmien v\u00e4lill\u00e4. Tavoitteena on my\u00f6s kehitt\u00e4\u00e4 s\u00e4hk\u00f6isiksi kuntien lakis\u00e4\u00e4teisi\u00e4 palveluita ja vahvistaa kuntien tietojohtamista\/tiedolla johtamista.<br \/>\n<strong>Kohderyhm\u00e4:<\/strong> suomen- ja ruotsinkielinen varhaiskasvatus ja sen asiakkaat, esiopetus, varhaiskasvatuksen hallinto, Kasvatuksen ja opetuksen hallinto<br \/>\n<strong>Toteutusaika:<\/strong> 16.12.2020 <strong>\u2013 <\/strong>29.12.2023<br \/>\n<strong>Toteutusalue:<\/strong> Espoon kaupunki, Oulun kaupunki, Tampereen kaupunki ja Turun kaupunki<br \/>\n<strong>Rahoittaja:<\/strong> Turun kaupunki rahoittaa oman k\u00e4ytt\u00f6\u00f6nottoprojektinsa. Espoon kaupunki, Oulun kaupunki, Tampereen kaupunki ja Turun kaupunki rahoittavat yhdess\u00e4 eVakan kehitt\u00e4misen.<\/p>\n<p><img loading=\"lazy\" decoding=\"async\" class=\"alignnone size-medium wp-image-41\" src=\"https:\/\/blog.edu.turku.fi\/projektit\/files\/2022\/01\/blog-turku-logo-150x82.png\" alt=\"Turun kaupungin logo\" width=\"150\" height=\"82\" \/><\/p>\n","protected":false},"excerpt":{"rendered":"<p>Yhteyshenkil\u00f6: Olli-Matti Orpana Tavoite: Kuntien varhaiskasvatuksen toiminnanohjaus- ja asiakasvuorovaikutusj\u00e4rjestelm\u00e4n kehitt\u00e4minen avoimella l\u00e4hdekoodilla Espoon eVaka-toteutukseen pohjautuen. Tavoitteena on kehitt\u00e4\u00e4 asiakasl\u00e4ht\u00f6isempi\u00e4 palveluprosesseja hy\u00f6dynt\u00e4en kehitettyj\u00e4 yhteisi\u00e4 ratkaisuja yhdess\u00e4 Espoon, Oulun ja Tampereen kaupunkien kanssa. Lis\u00e4ksi tavoitteena on yhteiset tietom\u00e4\u00e4ritykset ja toimintatavat, jotka mahdollistavat asiakkaan asioinnin digitaalisesti ja mahdollistavat tietojen siirron kuntien j\u00e4rjestelmien v\u00e4lill\u00e4. Tavoitteena on my\u00f6s kehitt\u00e4\u00e4 s\u00e4hk\u00f6isiksi &hellip; <a href=\"https:\/\/blog.edu.turku.fi\/projektit\/varhaiskasvatus\/varhaiskasvatuksen-toiminnanohjausjarjestelman-evakan-kehittaminen-avoimella-lahdekoodilla\/\" class=\"more-link\">Jatka lukemista<span class=\"screen-reader-text\"> &#8221;Varhaiskasvatuksen toiminnanohjausj\u00e4rjestelm\u00e4n, eVaka:n, kehitt\u00e4minen avoimella l\u00e4hdekoodilla&#8221;<\/span><\/a><\/p>\n","protected":false},"author":2602,"featured_media":0,"parent":7,"menu_order":0,"comment_status":"closed","ping_status":"closed","template":"","meta":{"footnotes":""},"class_list":["post-199","page","type-page","status-publish","hentry"],"_links":{"self":[{"href":"https:\/\/blog.edu.turku.fi\/projektit\/wp-json\/wp\/v2\/pages\/199","targetHints":{"allow":["GET"]}}],"collection":[{"href":"https:\/\/blog.edu.turku.fi\/projektit\/wp-json\/wp\/v2\/pages"}],"about":[{"href":"https:\/\/blog.edu.turku.fi\/projektit\/wp-json\/wp\/v2\/types\/page"}],"author":[{"embeddable":true,"href":"https:\/\/blog.edu.turku.fi\/projektit\/wp-json\/wp\/v2\/users\/2602"}],"replies":[{"embeddable":true,"href":"https:\/\/blog.edu.turku.fi\/projektit\/wp-json\/wp\/v2\/comments?post=199"}],"version-history":[{"count":1,"href":"https:\/\/blog.edu.turku.fi\/projektit\/wp-json\/wp\/v2\/pages\/199\/revisions"}],"predecessor-version":[{"id":200,"href":"https:\/\/blog.edu.turku.fi\/projektit\/wp-json\/wp\/v2\/pages\/199\/revisions\/200"}],"up":[{"embeddable":true,"href":"https:\/\/blog.edu.turku.fi\/projektit\/wp-json\/wp\/v2\/pages\/7"}],"wp:attachment":[{"href":"https:\/\/blog.edu.turku.fi\/projektit\/wp-json\/wp\/v2\/media?parent=199"}],"curies":[{"name":"wp","href":"https:\/\/api.w.org\/{rel}","templated":true}]}}