{"id":160,"date":"2022-01-20T14:32:49","date_gmt":"2022-01-20T12:32:49","guid":{"rendered":"https:\/\/blog.edu.turku.fi\/projektit\/?page_id=160"},"modified":"2023-01-23T11:14:33","modified_gmt":"2023-01-23T09:14:33","slug":"varhaiskasvatuksen-oppimisen-tuen-kehittaminen-varsinais-suomessa","status":"publish","type":"page","link":"https:\/\/blog.edu.turku.fi\/projektit\/varhaiskasvatus\/varhaiskasvatuksen-oppimisen-tuen-kehittaminen-varsinais-suomessa\/","title":{"rendered":"Varhaiskasvatuksen oppimisen tuen kehitt\u00e4minen Varsinais-Suomessa"},"content":{"rendered":"<p><strong>Yhteyshenkil\u00f6:<\/strong> Elina Sandelin<br \/>\n<strong>Tavoite:<\/strong> Projektin tavoitteena on varhaiskasvatuksen oppimisen tuen kehitt\u00e4minen. Projektissa vahvistetaan henkil\u00f6st\u00f6n osaamista varhaiskasvatuksen tuen antamisesta sek\u00e4 levitet\u00e4\u00e4n tutkimusperustaisia menetelmi\u00e4 p\u00e4iv\u00e4koteihin. Tavoitteena on tarjota konkreettisia ty\u00f6kaluja varhaiskasvatushenkil\u00f6st\u00f6n arkeen, painopistein\u00e4 muun muassa kommunikaation ja kielenkehityksen tukeminen, neuropsykiatrisesti oireilevien lasten tuki ja hyvinvointitaidot. Projektin avulla varaudutaan 1.8.2022 voimaan astuvaan varhaiskasvatuksen tukea koskevaan lakimuutokseen. Lakimuutoksen tavoitteena on edist\u00e4\u00e4 jokaisen lapsen p\u00e4\u00e4sy\u00e4 tarvitsemansa tuen piiriin oikea-aikaisesti riitt\u00e4v\u00e4n varhaisessa vaiheessa. \u00a0Oikea-aikaisen tuen toteutumista edistet\u00e4\u00e4n kehitt\u00e4m\u00e4ll\u00e4 kuntien toimintamalleja varhaiskasvatuksen tukea koskevissa j\u00e4rjestelyiss\u00e4 mukaan lukien vuorohoidon tukimallit ja yksityisen varhaiskasvatuksen tuen j\u00e4rjestelyt. Lasten oikea-aikaista tuen piiriin p\u00e4\u00e4sy\u00e4 vahvistetaan my\u00f6s kehitt\u00e4m\u00e4ll\u00e4 moniammatillista yhteisty\u00f6t\u00e4 varhaiskasvatuksen ja sosiaali- ja terveydenhuollon v\u00e4lill\u00e4, sek\u00e4 kehitt\u00e4m\u00e4ll\u00e4 yhteisty\u00f6k\u00e4yt\u00e4nt\u00f6j\u00e4 varhaiskasvatuksen ja tukea tarvitsevien lasten perheiden kanssa.<br \/>\n<strong>Kohderyhm\u00e4:<\/strong> Projektissa mukana olevien kuntien varhaiskasvatushenkil\u00f6st\u00f6 sek\u00e4 varhaiskasvatuksen piiriss\u00e4 olevat lapset ja heid\u00e4n huoltajansa<br \/>\n<strong>Toteutusaika:<\/strong> 26.05.2021 <strong>\u2013 <\/strong>31.07.2023<br \/>\n<strong>Toteutusalue:<\/strong> Turku, Aura, Masku, Rusko ja Sauvo<br \/>\n<strong>Rahoittaja:<\/strong> Opetus- ja kulttuuriministeri\u00f6 ja kaupungin omarahoitus<\/p>\n<p><img loading=\"lazy\" decoding=\"async\" class=\"alignnone size-medium wp-image-85\" src=\"https:\/\/blog.edu.turku.fi\/projektit\/files\/2022\/01\/OKM-logo-2R-fi-sv-sininen-L100-CMYK-300x46.jpg\" alt=\"Opetus- ja kulttuuriministeri\u00f6 rahoittaa projektia\" width=\"300\" height=\"46\" srcset=\"https:\/\/blog.edu.turku.fi\/projektit\/files\/2022\/01\/OKM-logo-2R-fi-sv-sininen-L100-CMYK-300x46.jpg 300w, https:\/\/blog.edu.turku.fi\/projektit\/files\/2022\/01\/OKM-logo-2R-fi-sv-sininen-L100-CMYK.jpg 1024w\" sizes=\"auto, (max-width: 300px) 85vw, 300px\" \/> <img loading=\"lazy\" decoding=\"async\" class=\"alignnone size-medium wp-image-41\" src=\"https:\/\/blog.edu.turku.fi\/projektit\/files\/2022\/01\/blog-turku-logo-150x82.png\" alt=\"Turun kaupungin logo\" width=\"150\" height=\"82\" \/><\/p>\n","protected":false},"excerpt":{"rendered":"<p>Yhteyshenkil\u00f6: Elina Sandelin Tavoite: Projektin tavoitteena on varhaiskasvatuksen oppimisen tuen kehitt\u00e4minen. Projektissa vahvistetaan henkil\u00f6st\u00f6n osaamista varhaiskasvatuksen tuen antamisesta sek\u00e4 levitet\u00e4\u00e4n tutkimusperustaisia menetelmi\u00e4 p\u00e4iv\u00e4koteihin. Tavoitteena on tarjota konkreettisia ty\u00f6kaluja varhaiskasvatushenkil\u00f6st\u00f6n arkeen, painopistein\u00e4 muun muassa kommunikaation ja kielenkehityksen tukeminen, neuropsykiatrisesti oireilevien lasten tuki ja hyvinvointitaidot. Projektin avulla varaudutaan 1.8.2022 voimaan astuvaan varhaiskasvatuksen tukea koskevaan lakimuutokseen. Lakimuutoksen tavoitteena &hellip; <a href=\"https:\/\/blog.edu.turku.fi\/projektit\/varhaiskasvatus\/varhaiskasvatuksen-oppimisen-tuen-kehittaminen-varsinais-suomessa\/\" class=\"more-link\">Jatka lukemista<span class=\"screen-reader-text\"> &#8221;Varhaiskasvatuksen oppimisen tuen kehitt\u00e4minen Varsinais-Suomessa&#8221;<\/span><\/a><\/p>\n","protected":false},"author":2602,"featured_media":0,"parent":7,"menu_order":0,"comment_status":"closed","ping_status":"closed","template":"","meta":{"footnotes":""},"class_list":["post-160","page","type-page","status-publish","hentry"],"_links":{"self":[{"href":"https:\/\/blog.edu.turku.fi\/projektit\/wp-json\/wp\/v2\/pages\/160","targetHints":{"allow":["GET"]}}],"collection":[{"href":"https:\/\/blog.edu.turku.fi\/projektit\/wp-json\/wp\/v2\/pages"}],"about":[{"href":"https:\/\/blog.edu.turku.fi\/projektit\/wp-json\/wp\/v2\/types\/page"}],"author":[{"embeddable":true,"href":"https:\/\/blog.edu.turku.fi\/projektit\/wp-json\/wp\/v2\/users\/2602"}],"replies":[{"embeddable":true,"href":"https:\/\/blog.edu.turku.fi\/projektit\/wp-json\/wp\/v2\/comments?post=160"}],"version-history":[{"count":3,"href":"https:\/\/blog.edu.turku.fi\/projektit\/wp-json\/wp\/v2\/pages\/160\/revisions"}],"predecessor-version":[{"id":539,"href":"https:\/\/blog.edu.turku.fi\/projektit\/wp-json\/wp\/v2\/pages\/160\/revisions\/539"}],"up":[{"embeddable":true,"href":"https:\/\/blog.edu.turku.fi\/projektit\/wp-json\/wp\/v2\/pages\/7"}],"wp:attachment":[{"href":"https:\/\/blog.edu.turku.fi\/projektit\/wp-json\/wp\/v2\/media?parent=160"}],"curies":[{"name":"wp","href":"https:\/\/api.w.org\/{rel}","templated":true}]}}