{"id":158,"date":"2022-01-20T14:32:08","date_gmt":"2022-01-20T12:32:08","guid":{"rendered":"https:\/\/blog.edu.turku.fi\/projektit\/?page_id=158"},"modified":"2023-05-10T12:30:15","modified_gmt":"2023-05-10T09:30:15","slug":"perhepaivahoidon-digipedagogiikan-kehittaminen","status":"publish","type":"page","link":"https:\/\/blog.edu.turku.fi\/projektit\/varhaiskasvatus\/perhepaivahoidon-digipedagogiikan-kehittaminen\/","title":{"rendered":"Perhep\u00e4iv\u00e4hoidon digipedagogiikan kehitt\u00e4minen"},"content":{"rendered":"<p><strong>Perhep\u00e4iv\u00e4hoidon digipedagogiikan kehitt\u00e4minen <\/strong><br \/>\n<strong>Yhteyshenkil\u00f6:<\/strong> Anne Suonvieri<br \/>\n<strong>Tavoite:<\/strong> Projektissa kehitet\u00e4\u00e4n perhep\u00e4iv\u00e4hoidon digitaalisia toimintatapoja, osaamista ja pedagogisia k\u00e4yt\u00e4nt\u00f6j\u00e4. Tavoitteena on tukea varhaiskasvatussuunnitelman mukaisen toiminnan j\u00e4rjest\u00e4mist\u00e4 ja varmistaa tasa-arvoiset mahdollisuudet lasten oppimiseen. Projektin my\u00f6t\u00e4 saadaan v\u00e4lineist\u00f6\u00e4, materiaalia ja tukea perhep\u00e4iv\u00e4hoidossa olevien lasten opetukseen.<br \/>\n<strong>Kohderyhm\u00e4:<\/strong> perhep\u00e4iv\u00e4hoitajat<br \/>\n<strong>Toteutusaika:<\/strong> 3.1.2022-31.12.2023<br \/>\n<strong>Toteutusalue:<\/strong> Turku<br \/>\n<strong>Rahoittaja:<\/strong> Opetushallitus ja kaupungin omarahoitus<\/p>\n<p><img loading=\"lazy\" decoding=\"async\" class=\"alignnone wp-image-77 \" src=\"https:\/\/blog.edu.turku.fi\/projektit\/files\/2022\/03\/OPH_rahoittaa_rgb-1.png\" alt=\"Opetushallitus rahoittaa hanketta\" width=\"85\" height=\"82\" \/> <img loading=\"lazy\" decoding=\"async\" class=\"alignnone size-medium wp-image-41\" src=\"https:\/\/blog.edu.turku.fi\/projektit\/files\/2022\/01\/blog-turku-logo-150x82.png\" alt=\"Turun kaupungin logo\" width=\"150\" height=\"82\" \/><\/p>\n","protected":false},"excerpt":{"rendered":"<p>Perhep\u00e4iv\u00e4hoidon digipedagogiikan kehitt\u00e4minen Yhteyshenkil\u00f6: Anne Suonvieri Tavoite: Projektissa kehitet\u00e4\u00e4n perhep\u00e4iv\u00e4hoidon digitaalisia toimintatapoja, osaamista ja pedagogisia k\u00e4yt\u00e4nt\u00f6j\u00e4. Tavoitteena on tukea varhaiskasvatussuunnitelman mukaisen toiminnan j\u00e4rjest\u00e4mist\u00e4 ja varmistaa tasa-arvoiset mahdollisuudet lasten oppimiseen. Projektin my\u00f6t\u00e4 saadaan v\u00e4lineist\u00f6\u00e4, materiaalia ja tukea perhep\u00e4iv\u00e4hoidossa olevien lasten opetukseen. Kohderyhm\u00e4: perhep\u00e4iv\u00e4hoitajat Toteutusaika: 3.1.2022-31.12.2023 Toteutusalue: Turku Rahoittaja: Opetushallitus ja kaupungin omarahoitus<\/p>\n","protected":false},"author":2602,"featured_media":0,"parent":7,"menu_order":0,"comment_status":"closed","ping_status":"closed","template":"","meta":{"footnotes":""},"class_list":["post-158","page","type-page","status-publish","hentry"],"_links":{"self":[{"href":"https:\/\/blog.edu.turku.fi\/projektit\/wp-json\/wp\/v2\/pages\/158","targetHints":{"allow":["GET"]}}],"collection":[{"href":"https:\/\/blog.edu.turku.fi\/projektit\/wp-json\/wp\/v2\/pages"}],"about":[{"href":"https:\/\/blog.edu.turku.fi\/projektit\/wp-json\/wp\/v2\/types\/page"}],"author":[{"embeddable":true,"href":"https:\/\/blog.edu.turku.fi\/projektit\/wp-json\/wp\/v2\/users\/2602"}],"replies":[{"embeddable":true,"href":"https:\/\/blog.edu.turku.fi\/projektit\/wp-json\/wp\/v2\/comments?post=158"}],"version-history":[{"count":5,"href":"https:\/\/blog.edu.turku.fi\/projektit\/wp-json\/wp\/v2\/pages\/158\/revisions"}],"predecessor-version":[{"id":555,"href":"https:\/\/blog.edu.turku.fi\/projektit\/wp-json\/wp\/v2\/pages\/158\/revisions\/555"}],"up":[{"embeddable":true,"href":"https:\/\/blog.edu.turku.fi\/projektit\/wp-json\/wp\/v2\/pages\/7"}],"wp:attachment":[{"href":"https:\/\/blog.edu.turku.fi\/projektit\/wp-json\/wp\/v2\/media?parent=158"}],"curies":[{"name":"wp","href":"https:\/\/api.w.org\/{rel}","templated":true}]}}