{"id":156,"date":"2022-01-20T14:31:43","date_gmt":"2022-01-20T12:31:43","guid":{"rendered":"https:\/\/blog.edu.turku.fi\/projektit\/?page_id=156"},"modified":"2023-01-23T11:13:45","modified_gmt":"2023-01-23T09:13:45","slug":"kielirikasteisen-opetuksen-kehittaminen-varhaiskasvatuksessa-ja-esiopetuksessa","status":"publish","type":"page","link":"https:\/\/blog.edu.turku.fi\/projektit\/varhaiskasvatus\/kielirikasteisen-opetuksen-kehittaminen-varhaiskasvatuksessa-ja-esiopetuksessa\/","title":{"rendered":"Kielirikasteisen opetuksen kehitt\u00e4minen varhaiskasvatuksessa ja esiopetuksessa"},"content":{"rendered":"<p><strong>Yhteyshenkil\u00f6<\/strong>: Susanne H\u00e4rm\u00e4<br \/>\n<strong>Tavoite<\/strong>: Projektin tavoitteena on ruotsin kielen kielirikasteisen varhaiskasvatuksen ja esiopetuksen kehitt\u00e4minen siten, ett\u00e4 toiminnasta tulee s\u00e4\u00e4nn\u00f6llisemp\u00e4\u00e4 ja suunnitellumpaa. Projektilla tuetaan varhaiskasvatussuunnitelman perusteiden toteuttamista tukemalla kielten oppimista lis\u00e4\u00e4m\u00e4ll\u00e4 lasten motivaatiota kieliin ja monipuolistamalla kielivalintoja. Projektissa kehitet\u00e4\u00e4n ja suunnitellaan kielirikasteisia elementtej\u00e4 sujuvaksi osaksi p\u00e4iv\u00e4kodin arkea.<br \/>\nLis\u00e4ksi laajennetaan kielirikasteisen toiminnan toimintatapoja soveltumaan my\u00f6s 4-vuotiaille lapsille.<br \/>\nHanke toteutetaan pilottina ruotsinkielisess\u00e4 kielirikastetoiminnassa Paattisten p\u00e4iv\u00e4kodissa.<br \/>\n<strong>Kohderyhm\u00e4<\/strong>: Paattisten p\u00e4iv\u00e4kodin 4 \u2013 6 -vuotiaat lapset (tuloksista hy\u00f6tyy kaikki ruotsin kielirikasteista opetusta toteuttavat)<br \/>\n<strong>Toteutusaika<\/strong>: 27.5.2021-30.6.2023<br \/>\n<strong>Toteutusalue<\/strong>: Turku<br \/>\n<strong>Rahoittaja<\/strong>: Opetushallitus ja kaupungin omarahoitus<\/p>\n<p><img loading=\"lazy\" decoding=\"async\" class=\"alignnone wp-image-77 size-thumbnail\" src=\"https:\/\/blog.edu.turku.fi\/projektit\/files\/2022\/01\/OPH_rahoittaa_rgb-150x150.png\" alt=\"Opetushallitus rahoittaa hanketta\" width=\"150\" height=\"150\" \/><img loading=\"lazy\" decoding=\"async\" class=\"alignnone size-medium wp-image-41\" src=\"https:\/\/blog.edu.turku.fi\/projektit\/files\/2022\/01\/blog-turku-logo-150x82.png\" alt=\"Turun kaupungin logo\" width=\"150\" height=\"82\" \/><\/p>\n","protected":false},"excerpt":{"rendered":"<p>Yhteyshenkil\u00f6: Susanne H\u00e4rm\u00e4 Tavoite: Projektin tavoitteena on ruotsin kielen kielirikasteisen varhaiskasvatuksen ja esiopetuksen kehitt\u00e4minen siten, ett\u00e4 toiminnasta tulee s\u00e4\u00e4nn\u00f6llisemp\u00e4\u00e4 ja suunnitellumpaa. Projektilla tuetaan varhaiskasvatussuunnitelman perusteiden toteuttamista tukemalla kielten oppimista lis\u00e4\u00e4m\u00e4ll\u00e4 lasten motivaatiota kieliin ja monipuolistamalla kielivalintoja. Projektissa kehitet\u00e4\u00e4n ja suunnitellaan kielirikasteisia elementtej\u00e4 sujuvaksi osaksi p\u00e4iv\u00e4kodin arkea. Lis\u00e4ksi laajennetaan kielirikasteisen toiminnan toimintatapoja soveltumaan my\u00f6s 4-vuotiaille lapsille. &hellip; <a href=\"https:\/\/blog.edu.turku.fi\/projektit\/varhaiskasvatus\/kielirikasteisen-opetuksen-kehittaminen-varhaiskasvatuksessa-ja-esiopetuksessa\/\" class=\"more-link\">Jatka lukemista<span class=\"screen-reader-text\"> &#8221;Kielirikasteisen opetuksen kehitt\u00e4minen varhaiskasvatuksessa ja esiopetuksessa&#8221;<\/span><\/a><\/p>\n","protected":false},"author":2602,"featured_media":0,"parent":7,"menu_order":0,"comment_status":"closed","ping_status":"closed","template":"","meta":{"footnotes":""},"class_list":["post-156","page","type-page","status-publish","hentry"],"_links":{"self":[{"href":"https:\/\/blog.edu.turku.fi\/projektit\/wp-json\/wp\/v2\/pages\/156","targetHints":{"allow":["GET"]}}],"collection":[{"href":"https:\/\/blog.edu.turku.fi\/projektit\/wp-json\/wp\/v2\/pages"}],"about":[{"href":"https:\/\/blog.edu.turku.fi\/projektit\/wp-json\/wp\/v2\/types\/page"}],"author":[{"embeddable":true,"href":"https:\/\/blog.edu.turku.fi\/projektit\/wp-json\/wp\/v2\/users\/2602"}],"replies":[{"embeddable":true,"href":"https:\/\/blog.edu.turku.fi\/projektit\/wp-json\/wp\/v2\/comments?post=156"}],"version-history":[{"count":3,"href":"https:\/\/blog.edu.turku.fi\/projektit\/wp-json\/wp\/v2\/pages\/156\/revisions"}],"predecessor-version":[{"id":538,"href":"https:\/\/blog.edu.turku.fi\/projektit\/wp-json\/wp\/v2\/pages\/156\/revisions\/538"}],"up":[{"embeddable":true,"href":"https:\/\/blog.edu.turku.fi\/projektit\/wp-json\/wp\/v2\/pages\/7"}],"wp:attachment":[{"href":"https:\/\/blog.edu.turku.fi\/projektit\/wp-json\/wp\/v2\/media?parent=156"}],"curies":[{"name":"wp","href":"https:\/\/api.w.org\/{rel}","templated":true}]}}