{"id":143,"date":"2022-01-20T13:03:40","date_gmt":"2022-01-20T11:03:40","guid":{"rendered":"https:\/\/blog.edu.turku.fi\/projektit\/?page_id=143"},"modified":"2022-09-28T11:11:52","modified_gmt":"2022-09-28T08:11:52","slug":"perusta-perustaidot-hallussa","status":"publish","type":"page","link":"https:\/\/blog.edu.turku.fi\/projektit\/ammatillinen\/perusta-perustaidot-hallussa\/","title":{"rendered":"Perusta \u2013 Perustaidot hallussa"},"content":{"rendered":"<p><strong>Tavoite: <\/strong>helpottaa heikot perustaidot omaavien siirtymist\u00e4 ammatilliseen koulutukseen ja tunnistaa ammatillisessa koulutuksessa jo opiskelevien perustaitojen puutteet.<br \/>\n<strong>Kohderyhm\u00e4:<\/strong>\u00a0Ammatilliseen koulutukseen hakeutuvat sek\u00e4 jo ammatillisessa koulutuksessa olevat. Erityisin\u00e4 kohderyhmin\u00e4 ovat syrj\u00e4ytymisvaarassa olevat nuoret sek\u00e4 ty\u00f6el\u00e4m\u00e4n ja koulutuksen ulkopuolella olevat maahanmuuttajataustaiset naiset.<br \/>\n<strong>Toteutusaika:\u00a0<\/strong>1.5.2019 \u2013 30.04.2022<br \/>\n<strong>Toteutusalue:<\/strong>\u00a0Turku, H\u00e4meenlinna ja Satakunta ja Vakka-Suomen alue.<br \/>\n<strong>Rahoittaja:<\/strong> Euroopan sosiaalirahasto ja Pohjois-Pohjanmaan elinkeino-, liikenne-, ja ymp\u00e4rist\u00f6keskus<\/p>\n<p><strong>Hanketuloksia:<\/strong><\/p>\n<p><a href=\"https:\/\/blog.edu.turku.fi\/projektit\/files\/2022\/09\/Perustaitoja-kohentava-valmennusjakso-Moodle-verkko-oppimisymparistossa.pdf\">Perustaitoja kohentava valmennusjakso Moodle verkko -oppimisymp\u00e4rist\u00f6ss\u00e4<\/a><\/p>\n<p><a href=\"https:\/\/blog.edu.turku.fi\/projektit\/files\/2022\/09\/Ura-Valman-ohjauspaja.pdf\">Ura Valman ohjauspaja<\/a><\/p>\n<p><a href=\"https:\/\/blog.edu.turku.fi\/projektit\/files\/2022\/09\/Tyoelaman-pelikasi.pdf\">Ty\u00f6el\u00e4m\u00e4n pelik\u00e4si<\/a><\/p>\n<p><a href=\"https:\/\/blog.edu.turku.fi\/projektit\/files\/2022\/09\/Tietopaketti-vieraskielisen-opiskelijan-opettajille-tai-ohjaajalle.pdf\">Tietopaketti vieraskielisen opiskelijan opettajille tai ohjaajalle<\/a><\/p>\n<p><a href=\"https:\/\/blog.edu.turku.fi\/projektit\/files\/2022\/09\/Perustaitojen-kartoitus-ja-tukipaketti.pdf\">Perustaitojen kartoitus- ja tukipaketti<\/a><\/p>\n<p><a href=\"https:\/\/blog.edu.turku.fi\/projektit\/files\/2022\/09\/Osaamo-auttaa.pdf\">Osaamo auttaa<\/a><\/p>\n<p><a href=\"https:\/\/blog.edu.turku.fi\/projektit\/files\/2022\/09\/Matematiikan-pienoismallipaja.pdf\">Matematiikan pienoismallipaja<\/a><\/p>\n<p><a href=\"https:\/\/blog.edu.turku.fi\/projektit\/files\/2022\/09\/Matematiikan-perustaitojen-testaus-ja-opintomenestys.pdf\">Matematiikan perustaitojen testaus ja opintomenestys<\/a><\/p>\n<p><a href=\"https:\/\/blog.edu.turku.fi\/projektit\/files\/2022\/09\/Kodista-kouluun-kurssi.pdf\">Kodista kouluun -kurssi<\/a><\/p>\n<p><a href=\"https:\/\/blog.edu.turku.fi\/projektit\/files\/2022\/09\/Perusta-perustaidot-hallussa-hanke.pdf\">Perusta &#8211; perustaidot hallussa -hanke<\/a><\/p>\n<p><a href=\"https:\/\/blog.edu.turku.fi\/projektit\/files\/2022\/09\/Itsetuntemuksen-ja-opiskeluvalmiuksien-materiaalipaketti.pdf\">Itsetuntemuksen ja opiskeluvalmiuksien materiaalipaketti<\/a><\/p>\n<p><a href=\"https:\/\/blog.edu.turku.fi\/projektit\/files\/2022\/09\/OPVA-opintojen-tuella-ammattiin.pdf\">OPVA-opintojen tuella ammattiin<\/a><\/p>\n<p><a href=\"https:\/\/blog.edu.turku.fi\/projektit\/files\/2022\/09\/Turun-AKK-Perusta-Digistartti-tiivistettyna-2022.pdf\">Turun AKK Perusta &#8211; Digistartti tiivistettyn\u00e4 2022<\/a><\/p>\n<p>&nbsp;<\/p>\n<p><img loading=\"lazy\" decoding=\"async\" class=\"alignnone size-thumbnail wp-image-152\" src=\"https:\/\/blog.edu.turku.fi\/projektit\/files\/2022\/01\/EU_ESR_FI_vertical_20mm_rgb-150x150.png\" alt=\"Euroopan unioni - Euroopan sosiaalirahaston logo\" width=\"150\" height=\"150\" \/> <a href=\"https:\/\/blog.edu.turku.fi\/projektit\/files\/2022\/09\/OPVA-opintojen-tuella-ammatiin.pdf\">OPVA-opintojen tuella ammatiin<\/a><img loading=\"lazy\" decoding=\"async\" class=\"alignnone size-medium wp-image-151\" src=\"https:\/\/blog.edu.turku.fi\/projektit\/files\/2022\/01\/VipuvoimaaEU_2014_2020_rgb-1-300x212.png\" alt=\"Vipuvoimaa EU:lta\" width=\"300\" height=\"212\" srcset=\"https:\/\/blog.edu.turku.fi\/projektit\/files\/2022\/01\/VipuvoimaaEU_2014_2020_rgb-1-300x212.png 300w, https:\/\/blog.edu.turku.fi\/projektit\/files\/2022\/01\/VipuvoimaaEU_2014_2020_rgb-1-1024x725.png 1024w, https:\/\/blog.edu.turku.fi\/projektit\/files\/2022\/01\/VipuvoimaaEU_2014_2020_rgb-1.png 1181w\" sizes=\"auto, (max-width: 300px) 85vw, 300px\" \/><\/p>\n","protected":false},"excerpt":{"rendered":"<p>Tavoite: helpottaa heikot perustaidot omaavien siirtymist\u00e4 ammatilliseen koulutukseen ja tunnistaa ammatillisessa koulutuksessa jo opiskelevien perustaitojen puutteet. Kohderyhm\u00e4:\u00a0Ammatilliseen koulutukseen hakeutuvat sek\u00e4 jo ammatillisessa koulutuksessa olevat. Erityisin\u00e4 kohderyhmin\u00e4 ovat syrj\u00e4ytymisvaarassa olevat nuoret sek\u00e4 ty\u00f6el\u00e4m\u00e4n ja koulutuksen ulkopuolella olevat maahanmuuttajataustaiset naiset. Toteutusaika:\u00a01.5.2019 \u2013 30.04.2022 Toteutusalue:\u00a0Turku, H\u00e4meenlinna ja Satakunta ja Vakka-Suomen alue. Rahoittaja: Euroopan sosiaalirahasto ja Pohjois-Pohjanmaan elinkeino-, liikenne-, &hellip; <a href=\"https:\/\/blog.edu.turku.fi\/projektit\/ammatillinen\/perusta-perustaidot-hallussa\/\" class=\"more-link\">Jatka lukemista<span class=\"screen-reader-text\"> &#8221;Perusta \u2013 Perustaidot hallussa&#8221;<\/span><\/a><\/p>\n","protected":false},"author":2602,"featured_media":0,"parent":13,"menu_order":0,"comment_status":"closed","ping_status":"closed","template":"","meta":{"footnotes":""},"class_list":["post-143","page","type-page","status-publish","hentry"],"_links":{"self":[{"href":"https:\/\/blog.edu.turku.fi\/projektit\/wp-json\/wp\/v2\/pages\/143","targetHints":{"allow":["GET"]}}],"collection":[{"href":"https:\/\/blog.edu.turku.fi\/projektit\/wp-json\/wp\/v2\/pages"}],"about":[{"href":"https:\/\/blog.edu.turku.fi\/projektit\/wp-json\/wp\/v2\/types\/page"}],"author":[{"embeddable":true,"href":"https:\/\/blog.edu.turku.fi\/projektit\/wp-json\/wp\/v2\/users\/2602"}],"replies":[{"embeddable":true,"href":"https:\/\/blog.edu.turku.fi\/projektit\/wp-json\/wp\/v2\/comments?post=143"}],"version-history":[{"count":10,"href":"https:\/\/blog.edu.turku.fi\/projektit\/wp-json\/wp\/v2\/pages\/143\/revisions"}],"predecessor-version":[{"id":460,"href":"https:\/\/blog.edu.turku.fi\/projektit\/wp-json\/wp\/v2\/pages\/143\/revisions\/460"}],"up":[{"embeddable":true,"href":"https:\/\/blog.edu.turku.fi\/projektit\/wp-json\/wp\/v2\/pages\/13"}],"wp:attachment":[{"href":"https:\/\/blog.edu.turku.fi\/projektit\/wp-json\/wp\/v2\/media?parent=143"}],"curies":[{"name":"wp","href":"https:\/\/api.w.org\/{rel}","templated":true}]}}