{"id":139,"date":"2022-01-20T13:02:20","date_gmt":"2022-01-20T11:02:20","guid":{"rendered":"https:\/\/blog.edu.turku.fi\/projektit\/?page_id=139"},"modified":"2022-06-28T13:05:12","modified_gmt":"2022-06-28T10:05:12","slug":"ohjauksen-nivelet-kuntoon","status":"publish","type":"page","link":"https:\/\/blog.edu.turku.fi\/projektit\/ammatillinen\/ohjauksen-nivelet-kuntoon\/","title":{"rendered":"Ohjauksen nivelet kuntoon"},"content":{"rendered":"<p><strong>Yhteyshenkil\u00f6: <\/strong>Miia Lehtonen (miia.m.lehtonen@turku.fi)<br \/>\n<strong>Tavoite:\u00a0<\/strong>Projektin tarkoituksena on tehostaa ammatillisen koulutuksen ja perusopetuksen yhteisty\u00f6t\u00e4, vahvistaa ammatillisten opiskelijoiden toimintakyky\u00e4 ja heid\u00e4n kiinnittymist\u00e4\u00e4n opintoihin, sek\u00e4 kehitt\u00e4\u00e4 urasuunnittelua ja opintojen j\u00e4lkeisen nivelvaiheen ohjausta. Tuloksena syntyy mm. ohjauksen ja tuen menetelmi\u00e4 perusopetuksesta koulutukseen hakeutuvien tueksi, henkil\u00f6kohtaisen ja digitaalisen ohjauksen, ryhm\u00e4ytt\u00e4misen ja vertaistuen malleja opintojen aikaiseen tukeen ja keskeytt\u00e4misen ehk\u00e4isemiseen, sek\u00e4 uusia yhteisty\u00f6muotoja ty\u00f6el\u00e4m\u00e4n, palveluverkostojen ja korkeakoulujen kanssa.<br \/>\nProjektiverkostossa ovat mukana Invalidis\u00e4\u00e4ti\u00f6, Kotkan-Haminan seudun koulutuskuntayhtym\u00e4, Kpedu Keski-Pohjanmaan ammattiopisto, Koulutuskuntayhtym\u00e4 Tavastia, Turun kristillisen opiston s\u00e4\u00e4ti\u00f6 sek\u00e4 Tampereen ja Turun kaupungit (Tredu ja Turun ammatti-instituutti).<br \/>\n<strong>Kohderyhm\u00e4:\u00a0<\/strong>ammatilliseen koulutukseen hakeutuvat ja ammatillisen koulutuksen opiskelijat, opetus- ja ohjaushenkil\u00f6st\u00f6<br \/>\n<strong>Toteutusaika:\u00a0<\/strong>13.11.2020 \u2013 30.6.2022<br \/>\n<strong>Rahoittaja:\u00a0<\/strong>OPH<\/p>\n<p><img loading=\"lazy\" decoding=\"async\" class=\"wp-image-236 alignleft\" src=\"https:\/\/blog.edu.turku.fi\/projektit\/files\/2022\/03\/OPH_rahoittaa_rgb-1-300x290.png\" alt=\"\" width=\"150\" height=\"145\" srcset=\"https:\/\/blog.edu.turku.fi\/projektit\/files\/2022\/03\/OPH_rahoittaa_rgb-1-300x290.png 300w, https:\/\/blog.edu.turku.fi\/projektit\/files\/2022\/03\/OPH_rahoittaa_rgb-1.png 360w\" sizes=\"auto, (max-width: 150px) 85vw, 150px\" \/><img loading=\"lazy\" decoding=\"async\" class=\"wp-image-208 alignleft\" src=\"https:\/\/blog.edu.turku.fi\/projektit\/files\/2022\/02\/Ohjauksen-nivelet-kuntoon-musta_logo-300x141.png\" alt=\"Ohjauksen nivelet kuntoon -hankkeen logo\" width=\"243\" height=\"114\" srcset=\"https:\/\/blog.edu.turku.fi\/projektit\/files\/2022\/02\/Ohjauksen-nivelet-kuntoon-musta_logo-300x141.png 300w, https:\/\/blog.edu.turku.fi\/projektit\/files\/2022\/02\/Ohjauksen-nivelet-kuntoon-musta_logo.png 596w\" sizes=\"auto, (max-width: 243px) 85vw, 243px\" \/><\/p>\n","protected":false},"excerpt":{"rendered":"<p>Yhteyshenkil\u00f6: Miia Lehtonen (miia.m.lehtonen@turku.fi) Tavoite:\u00a0Projektin tarkoituksena on tehostaa ammatillisen koulutuksen ja perusopetuksen yhteisty\u00f6t\u00e4, vahvistaa ammatillisten opiskelijoiden toimintakyky\u00e4 ja heid\u00e4n kiinnittymist\u00e4\u00e4n opintoihin, sek\u00e4 kehitt\u00e4\u00e4 urasuunnittelua ja opintojen j\u00e4lkeisen nivelvaiheen ohjausta. Tuloksena syntyy mm. ohjauksen ja tuen menetelmi\u00e4 perusopetuksesta koulutukseen hakeutuvien tueksi, henkil\u00f6kohtaisen ja digitaalisen ohjauksen, ryhm\u00e4ytt\u00e4misen ja vertaistuen malleja opintojen aikaiseen tukeen ja keskeytt\u00e4misen ehk\u00e4isemiseen, sek\u00e4 &hellip; <a href=\"https:\/\/blog.edu.turku.fi\/projektit\/ammatillinen\/ohjauksen-nivelet-kuntoon\/\" class=\"more-link\">Jatka lukemista<span class=\"screen-reader-text\"> &#8221;Ohjauksen nivelet kuntoon&#8221;<\/span><\/a><\/p>\n","protected":false},"author":2602,"featured_media":0,"parent":13,"menu_order":0,"comment_status":"closed","ping_status":"closed","template":"","meta":{"footnotes":""},"class_list":["post-139","page","type-page","status-publish","hentry"],"_links":{"self":[{"href":"https:\/\/blog.edu.turku.fi\/projektit\/wp-json\/wp\/v2\/pages\/139","targetHints":{"allow":["GET"]}}],"collection":[{"href":"https:\/\/blog.edu.turku.fi\/projektit\/wp-json\/wp\/v2\/pages"}],"about":[{"href":"https:\/\/blog.edu.turku.fi\/projektit\/wp-json\/wp\/v2\/types\/page"}],"author":[{"embeddable":true,"href":"https:\/\/blog.edu.turku.fi\/projektit\/wp-json\/wp\/v2\/users\/2602"}],"replies":[{"embeddable":true,"href":"https:\/\/blog.edu.turku.fi\/projektit\/wp-json\/wp\/v2\/comments?post=139"}],"version-history":[{"count":9,"href":"https:\/\/blog.edu.turku.fi\/projektit\/wp-json\/wp\/v2\/pages\/139\/revisions"}],"predecessor-version":[{"id":380,"href":"https:\/\/blog.edu.turku.fi\/projektit\/wp-json\/wp\/v2\/pages\/139\/revisions\/380"}],"up":[{"embeddable":true,"href":"https:\/\/blog.edu.turku.fi\/projektit\/wp-json\/wp\/v2\/pages\/13"}],"wp:attachment":[{"href":"https:\/\/blog.edu.turku.fi\/projektit\/wp-json\/wp\/v2\/media?parent=139"}],"curies":[{"name":"wp","href":"https:\/\/api.w.org\/{rel}","templated":true}]}}