{"id":131,"date":"2022-01-20T12:59:36","date_gmt":"2022-01-20T10:59:36","guid":{"rendered":"https:\/\/blog.edu.turku.fi\/projektit\/?page_id=131"},"modified":"2022-06-28T13:02:03","modified_gmt":"2022-06-28T10:02:03","slug":"bridge-the-ocean","status":"publish","type":"page","link":"https:\/\/blog.edu.turku.fi\/projektit\/ammatillinen\/bridge-the-ocean\/","title":{"rendered":"Bridge the Ocean"},"content":{"rendered":"<p><strong>Yhteyshenkil\u00f6:<\/strong> Laura Vahtera (laura.vahtera@turku.fi)<br \/>\n<strong>Tavoite:<\/strong>\u00a0Bridge the Ocean on Erasmus-rahoitteinen KA2-kehitt\u00e4mishanke, jossa on mukana Turun ammatti-instituutin lis\u00e4ksi ammattiopistot Luovi ja Lappia sek\u00e4 Kainuun ammattiopisto, joka on hankkeen koordinaattori. Lis\u00e4ksi hankkeessa on toimijoita Hollannista, Tanskasta ja Kanadasta.<br \/>\nHankkeen p\u00e4\u00e4sis\u00e4lt\u00f6n\u00e4 on luoda vastavuoroisen opiskelija- ja opettajaliikkuvuuden malli kanadalaisten ja eurooppalaisten ammatillisten oppilaitosten v\u00e4lille. Tarkoituksena on valmistaa opiskelijoita globaaleille ty\u00f6markkinoille sek\u00e4 vakiinnuttaa vaihtotoiminta my\u00f6s Euroopan ulkopuolisten maiden kanssa.<br \/>\nHankkeen avulla vahvistetaan my\u00f6s kansainv\u00e4list\u00e4 n\u00e4k\u00f6kulmaa partneriorganisaatioiden strategioissa. Kanadan ja Euroopan v\u00e4lisest\u00e4 liikkuvuudesta kootaan hankkeen aikana opas, joka tukee kaikkia muitakin ammatillisia toimijoita Euroopan ulkopuolisten liikkuvuuksien aloittamisessa.<br \/>\n<strong>Kohderyhm\u00e4:<\/strong>\u00a0hankkeessa mukana olevien ammatillisten oppilaitosten opiskelijat ja henkil\u00f6st\u00f6, muut ammatilliset oppilaitokset<br \/>\n<strong>Toteutusaika:<\/strong>\u00a031.12.2020 \u2013 30.12.2022<br \/>\n<strong>Toteutusalue:\u00a0<\/strong>Suomi, Tanska, Hollanti ja Kanada<br \/>\n<strong>Rahoittaja:<\/strong>\u00a0EU:n Erasmus+ -ohjelma<\/p>\n","protected":false},"excerpt":{"rendered":"<p>Yhteyshenkil\u00f6: Laura Vahtera (laura.vahtera@turku.fi) Tavoite:\u00a0Bridge the Ocean on Erasmus-rahoitteinen KA2-kehitt\u00e4mishanke, jossa on mukana Turun ammatti-instituutin lis\u00e4ksi ammattiopistot Luovi ja Lappia sek\u00e4 Kainuun ammattiopisto, joka on hankkeen koordinaattori. Lis\u00e4ksi hankkeessa on toimijoita Hollannista, Tanskasta ja Kanadasta. Hankkeen p\u00e4\u00e4sis\u00e4lt\u00f6n\u00e4 on luoda vastavuoroisen opiskelija- ja opettajaliikkuvuuden malli kanadalaisten ja eurooppalaisten ammatillisten oppilaitosten v\u00e4lille. Tarkoituksena on valmistaa opiskelijoita globaaleille &hellip; <a href=\"https:\/\/blog.edu.turku.fi\/projektit\/ammatillinen\/bridge-the-ocean\/\" class=\"more-link\">Jatka lukemista<span class=\"screen-reader-text\"> &#8221;Bridge the Ocean&#8221;<\/span><\/a><\/p>\n","protected":false},"author":2602,"featured_media":0,"parent":13,"menu_order":0,"comment_status":"closed","ping_status":"closed","template":"","meta":{"footnotes":""},"class_list":["post-131","page","type-page","status-publish","hentry"],"_links":{"self":[{"href":"https:\/\/blog.edu.turku.fi\/projektit\/wp-json\/wp\/v2\/pages\/131","targetHints":{"allow":["GET"]}}],"collection":[{"href":"https:\/\/blog.edu.turku.fi\/projektit\/wp-json\/wp\/v2\/pages"}],"about":[{"href":"https:\/\/blog.edu.turku.fi\/projektit\/wp-json\/wp\/v2\/types\/page"}],"author":[{"embeddable":true,"href":"https:\/\/blog.edu.turku.fi\/projektit\/wp-json\/wp\/v2\/users\/2602"}],"replies":[{"embeddable":true,"href":"https:\/\/blog.edu.turku.fi\/projektit\/wp-json\/wp\/v2\/comments?post=131"}],"version-history":[{"count":2,"href":"https:\/\/blog.edu.turku.fi\/projektit\/wp-json\/wp\/v2\/pages\/131\/revisions"}],"predecessor-version":[{"id":375,"href":"https:\/\/blog.edu.turku.fi\/projektit\/wp-json\/wp\/v2\/pages\/131\/revisions\/375"}],"up":[{"embeddable":true,"href":"https:\/\/blog.edu.turku.fi\/projektit\/wp-json\/wp\/v2\/pages\/13"}],"wp:attachment":[{"href":"https:\/\/blog.edu.turku.fi\/projektit\/wp-json\/wp\/v2\/media?parent=131"}],"curies":[{"name":"wp","href":"https:\/\/api.w.org\/{rel}","templated":true}]}}