{"id":13,"date":"2022-01-10T13:02:51","date_gmt":"2022-01-10T11:02:51","guid":{"rendered":"https:\/\/blog.edu.turku.fi\/projektit\/?page_id=13"},"modified":"2024-08-29T13:56:43","modified_gmt":"2024-08-29T10:56:43","slug":"ammatillinen","status":"publish","type":"page","link":"https:\/\/blog.edu.turku.fi\/projektit\/ammatillinen\/","title":{"rendered":"Ammatillinen koulutus"},"content":{"rendered":"<p>Turussa ammatillista koulutusta kehitet\u00e4\u00e4n aktiivisesti ja laaja-alaisesti. Kehitt\u00e4misty\u00f6n t\u00e4rkein tavoite on olla ammatillisen koulutuksen edell\u00e4k\u00e4vij\u00e4 sek\u00e4 tarjota opiskelijoille ja ty\u00f6el\u00e4m\u00e4lle parasta mahdollista osaamista.<\/p>\n<p><a href=\"https:\/\/www.canva.com\/design\/DAE1-Ushsjg\/view\">Kehitt\u00e4misen teemakokonaisuudet<\/a><br \/>\nAmmatillisen koulutuksen kehitt\u00e4minen on kytketty strategisiin painopisteisiin ja palvelusuunnitelmaan. T\u00e4rke\u00e4ss\u00e4 roolissa ovat projektit, joiden kautta kehitt\u00e4mistoimintaa toteutetaan. Yhteisty\u00f6t\u00e4 tehd\u00e4\u00e4n muiden ammatillisen koulutuksen j\u00e4rjest\u00e4jien ja ty\u00f6el\u00e4m\u00e4kumppanien kanssa. Kehitt\u00e4misty\u00f6n tuloksena syntyy uusia toimintatapoja, oppimisymp\u00e4rist\u00f6j\u00e4 ja ratkaisuja ammatilliseen koulutukseen.<\/p>\n<p><em>Ammatillista koulutusta uudistetaan arjen kehitt\u00e4misell\u00e4 ja yhteisty\u00f6ll\u00e4!<\/em><\/p>\n<p><iframe loading=\"lazy\" title=\"Ammatillinen koulutus k\u00e4ynniss\u00e4 olevat projektit 2024\" width=\"840\" height=\"473\" src=\"https:\/\/www.youtube.com\/embed\/VCHpsBiR2_g?feature=oembed\" frameborder=\"0\" allow=\"accelerometer; autoplay; clipboard-write; encrypted-media; gyroscope; picture-in-picture; web-share\" referrerpolicy=\"strict-origin-when-cross-origin\" allowfullscreen><\/iframe><\/p>\n<p><iframe loading=\"lazy\" title=\"Aina avoin TAI\" width=\"840\" height=\"473\" src=\"https:\/\/www.youtube.com\/embed\/ydWp8XVSVZU?feature=oembed\" frameborder=\"0\" allow=\"accelerometer; autoplay; clipboard-write; encrypted-media; gyroscope; picture-in-picture; web-share\" referrerpolicy=\"strict-origin-when-cross-origin\" allowfullscreen><\/iframe><\/p>\n<p><strong>Turun ammatti-instituutin nettisivut:<\/strong><br \/>\n<a href=\"https:\/\/www.turkuai.fi\/turun-ammatti-instituutti-0\">Turun ammatti-instituutti | Turun ammatti-instituutti (turkuai.fi)<\/a><br \/>\n<strong>Salkun omistaja:<\/strong> Hannu Immonen<br \/>\n<strong>Salkkup\u00e4\u00e4llikk\u00f6:<\/strong> Annina Laaksonen<\/p>\n","protected":false},"excerpt":{"rendered":"<p>Turussa ammatillista koulutusta kehitet\u00e4\u00e4n aktiivisesti ja laaja-alaisesti. Kehitt\u00e4misty\u00f6n t\u00e4rkein tavoite on olla ammatillisen koulutuksen edell\u00e4k\u00e4vij\u00e4 sek\u00e4 tarjota opiskelijoille ja ty\u00f6el\u00e4m\u00e4lle parasta mahdollista osaamista. Kehitt\u00e4misen teemakokonaisuudet Ammatillisen koulutuksen kehitt\u00e4minen on kytketty strategisiin painopisteisiin ja palvelusuunnitelmaan. T\u00e4rke\u00e4ss\u00e4 roolissa ovat projektit, joiden kautta kehitt\u00e4mistoimintaa toteutetaan. Yhteisty\u00f6t\u00e4 tehd\u00e4\u00e4n muiden ammatillisen koulutuksen j\u00e4rjest\u00e4jien ja ty\u00f6el\u00e4m\u00e4kumppanien kanssa. Kehitt\u00e4misty\u00f6n tuloksena syntyy uusia &hellip; <a href=\"https:\/\/blog.edu.turku.fi\/projektit\/ammatillinen\/\" class=\"more-link\">Jatka lukemista<span class=\"screen-reader-text\"> &#8221;Ammatillinen koulutus&#8221;<\/span><\/a><\/p>\n","protected":false},"author":56,"featured_media":0,"parent":0,"menu_order":0,"comment_status":"closed","ping_status":"closed","template":"","meta":{"footnotes":""},"class_list":["post-13","page","type-page","status-publish","hentry"],"_links":{"self":[{"href":"https:\/\/blog.edu.turku.fi\/projektit\/wp-json\/wp\/v2\/pages\/13","targetHints":{"allow":["GET"]}}],"collection":[{"href":"https:\/\/blog.edu.turku.fi\/projektit\/wp-json\/wp\/v2\/pages"}],"about":[{"href":"https:\/\/blog.edu.turku.fi\/projektit\/wp-json\/wp\/v2\/types\/page"}],"author":[{"embeddable":true,"href":"https:\/\/blog.edu.turku.fi\/projektit\/wp-json\/wp\/v2\/users\/56"}],"replies":[{"embeddable":true,"href":"https:\/\/blog.edu.turku.fi\/projektit\/wp-json\/wp\/v2\/comments?post=13"}],"version-history":[{"count":14,"href":"https:\/\/blog.edu.turku.fi\/projektit\/wp-json\/wp\/v2\/pages\/13\/revisions"}],"predecessor-version":[{"id":902,"href":"https:\/\/blog.edu.turku.fi\/projektit\/wp-json\/wp\/v2\/pages\/13\/revisions\/902"}],"wp:attachment":[{"href":"https:\/\/blog.edu.turku.fi\/projektit\/wp-json\/wp\/v2\/media?parent=13"}],"curies":[{"name":"wp","href":"https:\/\/api.w.org\/{rel}","templated":true}]}}