{"id":11,"date":"2022-01-10T13:02:31","date_gmt":"2022-01-10T11:02:31","guid":{"rendered":"https:\/\/blog.edu.turku.fi\/projektit\/?page_id=11"},"modified":"2024-04-02T08:10:30","modified_gmt":"2024-04-02T05:10:30","slug":"lukio","status":"publish","type":"page","link":"https:\/\/blog.edu.turku.fi\/projektit\/lukio\/","title":{"rendered":"Lukiokoulutus"},"content":{"rendered":"<p>Lukiokoulutuksen kehitt\u00e4minen on kytketty strategisiin painopisteisiin ja palvelusuunnitelmaan. T\u00e4rke\u00e4ss\u00e4 roolissa ovat projektit, joiden kautta kehitt\u00e4mistoimintaa toteutetaan. Yhteisty\u00f6t\u00e4 tehd\u00e4\u00e4n muiden lukiokoulutuksen j\u00e4rjest\u00e4jien sek\u00e4 korkeakoulu- ja ty\u00f6el\u00e4m\u00e4kumppanien kanssa. Kehitt\u00e4misty\u00f6n tuloksena syntyy uusia toimintatapoja ja oppimisymp\u00e4rist\u00f6j\u00e4 lukiokoulutukseen.<\/p>\n<p><strong>Yhteystiedot:<\/strong><br \/>\nLukiokoulutuksen kehitt\u00e4misen salkkup\u00e4\u00e4llikk\u00f6<br \/>\nAnnina Laaksonen, +358406374755<br \/>\nannina.laaksonen@turku.fi<\/p>\n","protected":false},"excerpt":{"rendered":"<p>Lukiokoulutuksen kehitt\u00e4minen on kytketty strategisiin painopisteisiin ja palvelusuunnitelmaan. T\u00e4rke\u00e4ss\u00e4 roolissa ovat projektit, joiden kautta kehitt\u00e4mistoimintaa toteutetaan. Yhteisty\u00f6t\u00e4 tehd\u00e4\u00e4n muiden lukiokoulutuksen j\u00e4rjest\u00e4jien sek\u00e4 korkeakoulu- ja ty\u00f6el\u00e4m\u00e4kumppanien kanssa. Kehitt\u00e4misty\u00f6n tuloksena syntyy uusia toimintatapoja ja oppimisymp\u00e4rist\u00f6j\u00e4 lukiokoulutukseen. Yhteystiedot: Lukiokoulutuksen kehitt\u00e4misen salkkup\u00e4\u00e4llikk\u00f6 Annina Laaksonen, +358406374755 annina.laaksonen@turku.fi<\/p>\n","protected":false},"author":56,"featured_media":0,"parent":0,"menu_order":0,"comment_status":"closed","ping_status":"closed","template":"","meta":{"footnotes":""},"class_list":["post-11","page","type-page","status-publish","hentry"],"_links":{"self":[{"href":"https:\/\/blog.edu.turku.fi\/projektit\/wp-json\/wp\/v2\/pages\/11","targetHints":{"allow":["GET"]}}],"collection":[{"href":"https:\/\/blog.edu.turku.fi\/projektit\/wp-json\/wp\/v2\/pages"}],"about":[{"href":"https:\/\/blog.edu.turku.fi\/projektit\/wp-json\/wp\/v2\/types\/page"}],"author":[{"embeddable":true,"href":"https:\/\/blog.edu.turku.fi\/projektit\/wp-json\/wp\/v2\/users\/56"}],"replies":[{"embeddable":true,"href":"https:\/\/blog.edu.turku.fi\/projektit\/wp-json\/wp\/v2\/comments?post=11"}],"version-history":[{"count":7,"href":"https:\/\/blog.edu.turku.fi\/projektit\/wp-json\/wp\/v2\/pages\/11\/revisions"}],"predecessor-version":[{"id":783,"href":"https:\/\/blog.edu.turku.fi\/projektit\/wp-json\/wp\/v2\/pages\/11\/revisions\/783"}],"wp:attachment":[{"href":"https:\/\/blog.edu.turku.fi\/projektit\/wp-json\/wp\/v2\/media?parent=11"}],"curies":[{"name":"wp","href":"https:\/\/api.w.org\/{rel}","templated":true}]}}