{"id":922,"date":"2019-02-26T09:26:27","date_gmt":"2019-02-26T07:26:27","guid":{"rendered":"https:\/\/blog.edu.turku.fi\/paussi\/?page_id=922"},"modified":"2024-08-18T09:31:47","modified_gmt":"2024-08-18T06:31:47","slug":"perusopetuksen-koulutuskalenteri","status":"publish","type":"page","link":"https:\/\/blog.edu.turku.fi\/potkuri\/perusopetuksen-koulutuskalenteri\/","title":{"rendered":"Koulutuskalenteri"},"content":{"rendered":"<p>Koulutuskalenterista l\u00f6yd\u00e4t Turun perusopetuksen henkil\u00f6kunnalle suunnatut ajankohtaiset koulutukset. Koulutuksen nime\u00e4 klikkaamalla p\u00e4\u00e4set katsomaan tarkempaa koulutuskuvausta.<\/p>\n<p>Turun kaupungin henkil\u00f6st\u00f6\u00f6n kuuluvat ilmoittautuvat koulutuksiin <a href=\"http:\/\/ttepp.erp.int.kuntien.fi:50100\/irj\/portal\" target=\"_blank\" rel=\"noopener noreferrer\">SAP HR -j\u00e4rjestelm\u00e4ss\u00e4<\/a>, kohdasta \u201dKoulutus ja kurssit \u2013 Hae sis\u00e4iseen koulutukseen\u201d. Lis\u00e4ksi koulutuksia voi hakea koulutuksen nimess\u00e4 olevilla sanoilla.<\/p>\n<p>Muistathan, ett\u00e4 my\u00f6s ulkoisista koulutuksista tulee tehd\u00e4 anomus SAPiin (Ulkoinen koulutusanomus).<br \/>\n\n<!-- iframe plugin v.6.0 wordpress.org\/plugins\/iframe\/ -->\n<iframe loading=\"lazy\" src=\"https:\/\/calendar.google.com\/calendar\/embed?showTitle=0&#038;showNav=0&#038;showDate=0&#038;showTabs=0&#038;showCalendars=0&#038;showTz=0&#038;mode=AGENDA&#038;height=600&#038;wkst=2&#038;hl=fi&#038;bgcolor=%23FFFFFF&#038;src=turkuperusopetus%40gmail.com&#038;color=%231B887A&#038;src=fi.finnish%23holiday%40group.v.calendar.google.com&#038;color=%23125A12&#038;src=e_2_fi%23weeknum%40group.v.calendar.google.com&#038;color=%23B1440E&#038;ctz=Europe%2FHelsinki\" width=\"800\" height=\"600\" scrolling=\"yes\" class=\"iframe-class\" frameborder=\"0\"><\/iframe>\n<\/p>\n<p>Puuttuuko j\u00e4rjest\u00e4m\u00e4si koulutus kalenterista? Haluatko ehdottaa koulutusta? Ota yhteytt\u00e4: paula.gestranius@turku.fi<br \/>\n<span style=\"color: black\"><br \/>\n<\/span>Kurkkaa lis\u00e4ksi:<\/p>\n<p><strong><a href=\"https:\/\/avi.fi\/tapahtumat-ja-koulutukset\">Avi:n tapahtumat ja koulutukset<\/a><\/strong><\/p>\n<p><strong><a href=\"https:\/\/www.luma.fi\/tapahtumat\/\">LUMA-keskuksen koulutukset<\/a><\/strong><\/p>\n<p><strong><a href=\"https:\/\/koju.nmi.fi\/tuote-avainsana\/maksuttomat-koulutukset\/\">Niilo M\u00e4ki -instituutin maksuttomat koulutukset<\/a><\/strong><\/p>\n<p><strong><a href=\"https:\/\/www.opettajantietopalvelu.fi\/artikkelit\/opettaja_koulutukset\">Opettajan Tietopalvelun koulutukset<\/a><\/strong><\/p>\n<p><strong><a href=\"https:\/\/www.oph.fi\/fi\/tapahtumakalenteri\">OPH:n tapahtumat ja koulutukset<\/a>\u00a0<\/strong><\/p>\n<p><strong><a href=\"https:\/\/oppivaverkosto.fi\/tapahtumat-ja-koulutukset\/\" rel=\"noopener\">Oppiva:n koulutukset<\/a><\/strong><\/p>\n<p><strong><a href=\"https:\/\/edu.turku.fi\/koulutus\/\" rel=\"noopener noreferrer\">TOP-keskuksen koulutukset<\/a><\/strong><\/p>\n<p>&nbsp;<\/p>\n","protected":false},"excerpt":{"rendered":"<p>Koulutuskalenterista l\u00f6yd\u00e4t Turun perusopetuksen henkil\u00f6kunnalle suunnatut ajankohtaiset koulutukset. Koulutuksen nime\u00e4 klikkaamalla p\u00e4\u00e4set katsomaan tarkempaa koulutuskuvausta. Turun kaupungin henkil\u00f6st\u00f6\u00f6n kuuluvat ilmoittautuvat koulutuksiin SAP HR -j\u00e4rjestelm\u00e4ss\u00e4, kohdasta \u201dKoulutus ja kurssit \u2013 Hae sis\u00e4iseen koulutukseen\u201d. Lis\u00e4ksi koulutuksia voi hakea koulutuksen nimess\u00e4 olevilla sanoilla.<\/p>\n","protected":false},"author":9,"featured_media":0,"parent":0,"menu_order":0,"comment_status":"closed","ping_status":"closed","template":"","meta":{"footnotes":""},"class_list":["post-922","page","type-page","status-publish","hentry"],"_links":{"self":[{"href":"https:\/\/blog.edu.turku.fi\/potkuri\/wp-json\/wp\/v2\/pages\/922","targetHints":{"allow":["GET"]}}],"collection":[{"href":"https:\/\/blog.edu.turku.fi\/potkuri\/wp-json\/wp\/v2\/pages"}],"about":[{"href":"https:\/\/blog.edu.turku.fi\/potkuri\/wp-json\/wp\/v2\/types\/page"}],"author":[{"embeddable":true,"href":"https:\/\/blog.edu.turku.fi\/potkuri\/wp-json\/wp\/v2\/users\/9"}],"replies":[{"embeddable":true,"href":"https:\/\/blog.edu.turku.fi\/potkuri\/wp-json\/wp\/v2\/comments?post=922"}],"version-history":[{"count":97,"href":"https:\/\/blog.edu.turku.fi\/potkuri\/wp-json\/wp\/v2\/pages\/922\/revisions"}],"predecessor-version":[{"id":2660,"href":"https:\/\/blog.edu.turku.fi\/potkuri\/wp-json\/wp\/v2\/pages\/922\/revisions\/2660"}],"wp:attachment":[{"href":"https:\/\/blog.edu.turku.fi\/potkuri\/wp-json\/wp\/v2\/media?parent=922"}],"curies":[{"name":"wp","href":"https:\/\/api.w.org\/{rel}","templated":true}]}}