{"id":3009,"date":"2026-01-12T13:56:28","date_gmt":"2026-01-12T11:56:28","guid":{"rendered":"https:\/\/blog.edu.turku.fi\/potkuri\/?page_id=3009"},"modified":"2026-01-13T11:21:17","modified_gmt":"2026-01-13T09:21:17","slug":"alurehtorit","status":"publish","type":"page","link":"https:\/\/blog.edu.turku.fi\/potkuri\/alurehtorit\/","title":{"rendered":"Alurehtorit"},"content":{"rendered":"<p>Etel\u00e4inen alue:<\/p>\n<p>Katriina Sulonen<br \/>\nkatriina.sulonen@turku.fi<\/p>\n<p>It\u00e4inen alue:<\/p>\n<p>Pasi Bj\u00f6rk<br \/>\npasi.bjork@turku.fi<\/p>\n<p>L\u00e4ntinen alue:<\/p>\n<p>Tanja Kyt\u00f6niemi<br \/>\ntanja.kytoniemi@turku.fi<\/p>\n<p>Pohjoinen alue:<\/p>\n<p>Miina Orell<br \/>\nmiina.orell@turku.fi<\/p>\n","protected":false},"excerpt":{"rendered":"<p>Etel\u00e4inen alue: Katriina Sulonen katriina.sulonen@turku.fi It\u00e4inen alue: Pasi Bj\u00f6rk pasi.bjork@turku.fi L\u00e4ntinen alue: Tanja Kyt\u00f6niemi tanja.kytoniemi@turku.fi Pohjoinen alue: Miina Orell miina.orell@turku.fi<\/p>\n","protected":false},"author":3384,"featured_media":0,"parent":0,"menu_order":0,"comment_status":"closed","ping_status":"closed","template":"","meta":{"footnotes":""},"class_list":["post-3009","page","type-page","status-publish","hentry"],"_links":{"self":[{"href":"https:\/\/blog.edu.turku.fi\/potkuri\/wp-json\/wp\/v2\/pages\/3009","targetHints":{"allow":["GET"]}}],"collection":[{"href":"https:\/\/blog.edu.turku.fi\/potkuri\/wp-json\/wp\/v2\/pages"}],"about":[{"href":"https:\/\/blog.edu.turku.fi\/potkuri\/wp-json\/wp\/v2\/types\/page"}],"author":[{"embeddable":true,"href":"https:\/\/blog.edu.turku.fi\/potkuri\/wp-json\/wp\/v2\/users\/3384"}],"replies":[{"embeddable":true,"href":"https:\/\/blog.edu.turku.fi\/potkuri\/wp-json\/wp\/v2\/comments?post=3009"}],"version-history":[{"count":4,"href":"https:\/\/blog.edu.turku.fi\/potkuri\/wp-json\/wp\/v2\/pages\/3009\/revisions"}],"predecessor-version":[{"id":3017,"href":"https:\/\/blog.edu.turku.fi\/potkuri\/wp-json\/wp\/v2\/pages\/3009\/revisions\/3017"}],"wp:attachment":[{"href":"https:\/\/blog.edu.turku.fi\/potkuri\/wp-json\/wp\/v2\/media?parent=3009"}],"curies":[{"name":"wp","href":"https:\/\/api.w.org\/{rel}","templated":true}]}}