{"id":2820,"date":"2025-06-25T11:01:06","date_gmt":"2025-06-25T08:01:06","guid":{"rendered":"https:\/\/blog.edu.turku.fi\/potkuri\/?page_id=2820"},"modified":"2025-10-01T12:44:35","modified_gmt":"2025-10-01T09:44:35","slug":"monikielisyys","status":"publish","type":"page","link":"https:\/\/blog.edu.turku.fi\/potkuri\/monikielisyys\/","title":{"rendered":"Hyvinvointi"},"content":{"rendered":"<p>Turussa hyvinvointi on kaikkien ik\u00e4polvien asia ja siksi on huolehdittava, ett\u00e4 jokainen saa ja voi liikkua edist\u00e4\u00e4kseen omaa terveytt\u00e4\u00e4n.<br \/>\nHarrastaminen lis\u00e4\u00e4 my\u00f6s osallisuutta ja siksi Turussa huolehditaan siit\u00e4, ett\u00e4 jokainen lapsi ja nuori saa harrastaa, kokee kuuluvansa joukkoon ja saa tukea kasvamiseen.<\/p>\n<p>Laadukkaita l\u00e4hiliikuntapaikkoja kuten urheilukentti\u00e4, kuntoportaita, tekoj\u00e4\u00e4ratoja ja ulkokuntosaleja tarjotaan eri puolilla kaupunkia.<br \/>\nKoulujen ja p\u00e4iv\u00e4kotien pihoja kehitet\u00e4\u00e4n niin, ett\u00e4 ne kannustavat asukkaita liikkumiseen my\u00f6s kouluaikojen ulkopuolella.<br \/>\nIk\u00e4\u00e4ntyvien toimintakyky\u00e4 ja hyvinvointia tukevaa liikuntaa sek\u00e4 viriketoimintaa lis\u00e4t\u00e4\u00e4n yhteisty\u00f6ss\u00e4 j\u00e4rjest\u00f6jen ja hyvinvointialueen kanssa.<\/p>\n<p>Turku liikuttaa kaikkia -mallin tavoitteita edistet\u00e4\u00e4n ja pyrit\u00e4\u00e4n houkuttelemaan my\u00f6s seudun<br \/>\nmuita kuntia liittym\u00e4\u00e4n mallin k\u00e4ytt\u00f6\u00f6nottoon.<br \/>\nToimenpiteet:<\/p>\n<ul>\n<li>Innostetaan lapsia liikkumaan virikkeellisill\u00e4<br \/>\nkoulu- ja p\u00e4iv\u00e4kotipihoilla ja l\u00e4hiliikuntapaikoilla sek\u00e4 lis\u00e4\u00e4m\u00e4ll\u00e4 liikett\u00e4 lasten ja nuorten<br \/>\np\u00e4iv\u00e4koti- ja koulup\u00e4ivien yhteyteen.<\/li>\n<li>Etsit\u00e4\u00e4n keinot edist\u00e4\u00e4 ik\u00e4\u00e4ntyneiden toimintakyky\u00e4 ja hyvinvointia lis\u00e4\u00e4m\u00e4ll\u00e4 liikuntaa ja<br \/>\nviriketoimintaa yhdess\u00e4 hyvinvointialueen ja<br \/>\nkolmannen sektorin kanssa<\/li>\n<li>Toteutetaan liikuntatilojen<br \/>\ninvestointikokonaisuus kev\u00e4\u00e4ll\u00e4 2024 hyv\u00e4ksyttyjen kehitt\u00e4mislinjausten pohjalta.<\/li>\n<li>Boostii-mallin vaikuttavuutta selvitet\u00e4\u00e4n ja mallia p\u00e4ivitet\u00e4\u00e4n vuoden 2026 aikana, jotta<br \/>\nlasten harrastamisen kustannustaso ei nouse ja uudistuksen muut tavoitteet saavutetaan.<br \/>\nMallia jatkokehitet\u00e4\u00e4n yhteisty\u00f6ss\u00e4 seurojen kanssa turvaten seuratoiminnan ja siten<br \/>\nerityisesti lasten ja nuorten harrastamisen edellytykset. Tarvittaessa seurojen toiminnan<br \/>\navustaminen turvataan.<\/li>\n<\/ul>\n","protected":false},"excerpt":{"rendered":"<p>Turussa hyvinvointi on kaikkien ik\u00e4polvien asia ja siksi on huolehdittava, ett\u00e4 jokainen saa ja voi liikkua edist\u00e4\u00e4kseen omaa terveytt\u00e4\u00e4n. Harrastaminen lis\u00e4\u00e4 my\u00f6s osallisuutta ja siksi Turussa huolehditaan siit\u00e4, ett\u00e4 jokainen lapsi ja nuori saa harrastaa, kokee kuuluvansa joukkoon ja saa<\/p>\n","protected":false},"author":9,"featured_media":0,"parent":0,"menu_order":0,"comment_status":"closed","ping_status":"closed","template":"","meta":{"footnotes":""},"class_list":["post-2820","page","type-page","status-publish","hentry"],"_links":{"self":[{"href":"https:\/\/blog.edu.turku.fi\/potkuri\/wp-json\/wp\/v2\/pages\/2820","targetHints":{"allow":["GET"]}}],"collection":[{"href":"https:\/\/blog.edu.turku.fi\/potkuri\/wp-json\/wp\/v2\/pages"}],"about":[{"href":"https:\/\/blog.edu.turku.fi\/potkuri\/wp-json\/wp\/v2\/types\/page"}],"author":[{"embeddable":true,"href":"https:\/\/blog.edu.turku.fi\/potkuri\/wp-json\/wp\/v2\/users\/9"}],"replies":[{"embeddable":true,"href":"https:\/\/blog.edu.turku.fi\/potkuri\/wp-json\/wp\/v2\/comments?post=2820"}],"version-history":[{"count":4,"href":"https:\/\/blog.edu.turku.fi\/potkuri\/wp-json\/wp\/v2\/pages\/2820\/revisions"}],"predecessor-version":[{"id":2971,"href":"https:\/\/blog.edu.turku.fi\/potkuri\/wp-json\/wp\/v2\/pages\/2820\/revisions\/2971"}],"wp:attachment":[{"href":"https:\/\/blog.edu.turku.fi\/potkuri\/wp-json\/wp\/v2\/media?parent=2820"}],"curies":[{"name":"wp","href":"https:\/\/api.w.org\/{rel}","templated":true}]}}