{"id":2788,"date":"2025-02-25T17:38:36","date_gmt":"2025-02-25T15:38:36","guid":{"rendered":"https:\/\/blog.edu.turku.fi\/potkuri\/?page_id=2788"},"modified":"2025-02-25T18:44:00","modified_gmt":"2025-02-25T16:44:00","slug":"ydinsisallot","status":"publish","type":"page","link":"https:\/\/blog.edu.turku.fi\/potkuri\/ydinsisallot\/","title":{"rendered":"Ydinsis\u00e4ll\u00f6t"},"content":{"rendered":"<p><strong>Turun kaupungin perusopetuksen yhteiset ydinsis\u00e4ll\u00f6t\u00a0<\/strong><\/p>\n<p><strong>Mit\u00e4 ne ovat?\u00a0<\/strong><\/p>\n<p><span data-contrast=\"auto\">Ydinsis\u00e4ll\u00f6t ovat oppiaineen keskeinen aines, perusasiat, josta on karsittu kaikki syvent\u00e4v\u00e4 ja soveltava tieto pois. Ydinsis\u00e4lt\u00f6j\u00e4 opiskeltaessa oppilas tavoittelee arvosanaa 6-7.<\/span><span data-ccp-props=\"{&quot;335551550&quot;:6,&quot;335551620&quot;:6}\">\u00a0<\/span><\/p>\n<p><span data-contrast=\"auto\">Turun kaupungin perusopetuksessa on tehty ydinsis\u00e4ll\u00f6t seuraaviin oppiaineisiin: matematiikka, ymp\u00e4rist\u00f6oppi, historia, yhteiskuntaoppi, maantieto, biologia, fysiikka, kemia, A-englanti ja B-ruotsi.<\/span><span data-ccp-props=\"{&quot;335551550&quot;:6,&quot;335551620&quot;:6}\">\u00a0<\/span><\/p>\n<p><strong>Milloin ja miksi niit\u00e4 k\u00e4ytet\u00e4\u00e4n?\u00a0<\/strong><\/p>\n<p><span data-contrast=\"auto\">Oppiaineen ydinsis\u00e4ll\u00f6t otetaan k\u00e4ytt\u00f6\u00f6n silloin, kun oppilaalla on vaikeuksia selviyty\u00e4 oppiaineen koko sis\u00e4ll\u00f6st\u00e4. Tarkoituksena on kevent\u00e4\u00e4 oppilaan kuormitusta keskittym\u00e4ll\u00e4 vain perustietoihin ja auttaa oppilasta selviytym\u00e4\u00e4n peruskoulun opinnoista.<\/span><span data-ccp-props=\"{&quot;335551550&quot;:6,&quot;335551620&quot;:6}\">\u00a0<\/span><\/p>\n<p><span data-contrast=\"auto\">Jos oppilas pystyy my\u00f6hemmin suoriutumaan oppiaineen opinnoista laajemminkin, voidaan ydinsis\u00e4ll\u00f6ist\u00e4 luopua ja jatkaa opintoja opetussuunnitelman mukaan.<\/span><span data-ccp-props=\"{&quot;335551550&quot;:6,&quot;335551620&quot;:6}\">\u00a0<\/span><\/p>\n<p><span data-contrast=\"auto\">Jos oppilaalla on vaikeuksia suoriutua oppaineen ydinsis\u00e4ll\u00f6ist\u00e4, voidaan ydinsis\u00e4lt\u00f6jen avulla laatia h\u00e4nelle painopistealueet. T\u00e4ll\u00f6in tavoitteena on, ett\u00e4 oppilas p\u00e4\u00e4see l\u00e4pi perusopetuksen opinnoista.<\/span><span data-ccp-props=\"{&quot;335551550&quot;:6,&quot;335551620&quot;:6}\">\u00a0<\/span><\/p>\n<p><strong>Kenen kuuluu niit\u00e4 k\u00e4ytt\u00e4\u00e4?\u00a0<\/strong><\/p>\n<p><span data-contrast=\"auto\">Jokaisen luokan- tai aineenopettajan, jonka opetusryhm\u00e4ss\u00e4 on joku, jolle kaikkien oppiaineen sis\u00e4lt\u00f6jen opiskelu on liian kuormittavaa, ja joka ei tahdo selviyty\u00e4 oppiaineen opinnoista.<\/span><span data-ccp-props=\"{&quot;335551550&quot;:6,&quot;335551620&quot;:6}\">\u00a0<\/span><\/p>\n<p><strong>Miten niit\u00e4 k\u00e4ytet\u00e4\u00e4n?\u00a0<\/strong><\/p>\n<p><span data-contrast=\"auto\">Ydinsis\u00e4lt\u00f6ihin siirtyminen ja ydinsis\u00e4ll\u00f6t kirjataan wilmaan oppimissuunnitelmaan tai HOJKS:iin. T\u00e4m\u00e4n j\u00e4lkeen oppilas osallistuu normaalisti oppitunneille, mutta h\u00e4nen teht\u00e4v\u00e4ns\u00e4 liittyv\u00e4t vain ydinsis\u00e4lt\u00f6ihin. Kokeissa oppilaalta kysyt\u00e4\u00e4n vain ydinsis\u00e4lt\u00f6ihin liittyvi\u00e4 kysymyksi\u00e4. Oppilaalle annetaan mahdollisuus osoittaa osaamisensa useammalla eri tavalla, ei pelk\u00e4st\u00e4\u00e4n kirjallisilla kokeilla.<\/span><span data-ccp-props=\"{&quot;335551550&quot;:6,&quot;335551620&quot;:6}\">\u00a0<\/span><\/p>\n<p><a href=\"https:\/\/blog.edu.turku.fi\/potkuri\/files\/2025\/02\/ydinsisallot-historia-ja-yhteiskuntaoppi.pdf\">ydinsis\u00e4ll\u00f6t, historia ja yhteiskuntaoppi<\/a><\/p>\n<p><a href=\"https:\/\/blog.edu.turku.fi\/potkuri\/files\/2025\/02\/ydinsisallot-kielet.pdf\">ydinsis\u00e4ll\u00f6t, kielet<\/a><\/p>\n<p><a href=\"https:\/\/blog.edu.turku.fi\/potkuri\/files\/2025\/02\/ydinsisallot-luonnontieteet.pdf\">ydinsis\u00e4ll\u00f6t, luonnontieteet<\/a><\/p>\n<p><a href=\"https:\/\/blog.edu.turku.fi\/potkuri\/files\/2025\/02\/ydinsisallot-matematiikka.pdf\">ydinsis\u00e4ll\u00f6t, matematiikka<\/a><\/p>\n","protected":false},"excerpt":{"rendered":"<p>Turun kaupungin perusopetuksen yhteiset ydinsis\u00e4ll\u00f6t\u00a0 Mit\u00e4 ne ovat?\u00a0 Ydinsis\u00e4ll\u00f6t ovat oppiaineen keskeinen aines, perusasiat, josta on karsittu kaikki syvent\u00e4v\u00e4 ja soveltava tieto pois. Ydinsis\u00e4lt\u00f6j\u00e4 opiskeltaessa oppilas tavoittelee arvosanaa 6-7.\u00a0 Turun kaupungin perusopetuksessa on tehty ydinsis\u00e4ll\u00f6t seuraaviin oppiaineisiin: matematiikka, ymp\u00e4rist\u00f6oppi, historia,<\/p>\n","protected":false},"author":3384,"featured_media":0,"parent":0,"menu_order":0,"comment_status":"closed","ping_status":"closed","template":"","meta":{"footnotes":""},"class_list":["post-2788","page","type-page","status-publish","hentry"],"_links":{"self":[{"href":"https:\/\/blog.edu.turku.fi\/potkuri\/wp-json\/wp\/v2\/pages\/2788","targetHints":{"allow":["GET"]}}],"collection":[{"href":"https:\/\/blog.edu.turku.fi\/potkuri\/wp-json\/wp\/v2\/pages"}],"about":[{"href":"https:\/\/blog.edu.turku.fi\/potkuri\/wp-json\/wp\/v2\/types\/page"}],"author":[{"embeddable":true,"href":"https:\/\/blog.edu.turku.fi\/potkuri\/wp-json\/wp\/v2\/users\/3384"}],"replies":[{"embeddable":true,"href":"https:\/\/blog.edu.turku.fi\/potkuri\/wp-json\/wp\/v2\/comments?post=2788"}],"version-history":[{"count":3,"href":"https:\/\/blog.edu.turku.fi\/potkuri\/wp-json\/wp\/v2\/pages\/2788\/revisions"}],"predecessor-version":[{"id":2800,"href":"https:\/\/blog.edu.turku.fi\/potkuri\/wp-json\/wp\/v2\/pages\/2788\/revisions\/2800"}],"wp:attachment":[{"href":"https:\/\/blog.edu.turku.fi\/potkuri\/wp-json\/wp\/v2\/media?parent=2788"}],"curies":[{"name":"wp","href":"https:\/\/api.w.org\/{rel}","templated":true}]}}