{"id":2674,"date":"2024-08-21T14:21:09","date_gmt":"2024-08-21T11:21:09","guid":{"rendered":"https:\/\/blog.edu.turku.fi\/potkuri\/?page_id=2674"},"modified":"2025-08-20T13:34:01","modified_gmt":"2025-08-20T10:34:01","slug":"kehittajarehtorit","status":"publish","type":"page","link":"https:\/\/blog.edu.turku.fi\/potkuri\/kehittajarehtorit\/","title":{"rendered":"Kehitt\u00e4j\u00e4rehtorit"},"content":{"rendered":"<p>Tanja Kyt\u00f6niemi<br \/>\nOppimisen tuen kehitt\u00e4j\u00e4rehtori<br \/>\ntanja.kytoniemi@edu.turku.fi<\/p>\n<p>Mervi Viipuri<br \/>\nOppimisen tuen kehitt\u00e4j\u00e4rehtori<br \/>\nmervi.viipuri@edu.turku.fi<\/p>\n<p>Juha M\u00e4enp\u00e4\u00e4<br \/>\nTalouden ja resurssien kehitt\u00e4j\u00e4rehtori<br \/>\njuha.maenpaa@edu.turku.fi<\/p>\n<p>Timo Himanen<br \/>\nTalouden ja resurssien kehitt\u00e4j\u00e4rehtori<br \/>\ntimo.himanen@edu.turku.fi<\/p>\n<p>Miina Orell<br \/>\nStrategian ja opetussuunnitelman kehitt\u00e4j\u00e4rehtori<br \/>\nmiina.orell@edu.turku.fi<\/p>\n<p>P\u00e4ivi M\u00e4nnist\u00f6<br \/>\nStrategian ja opetussuunnitelman kehitt\u00e4j\u00e4rehtori<br \/>\npaivi.mannisto@edu.turku.fi<\/p>\n<p>Vesa Arponen<br \/>\nrehtoreiden perehdytyksen kehitt\u00e4j\u00e4rehtori<br \/>\nvesa.arponen@edu.turku.fi<\/p>\n<p>Jutta Maunula-Aaltonen<br \/>\nRehtoreiden perehdytyksen kehitt\u00e4j\u00e4rehtori<br \/>\njutta.maunula-aaltonen@edu.turku.fi<\/p>\n<p>Johanna J\u00e4rvinen<br \/>\nMonikulttuurisen opetuksen ja pienryhm\u00e4isten uskontojen kehitt\u00e4j\u00e4rehtori<br \/>\njohanna.e.jarvinen@edu.turku.fi<\/p>\n<p>Marjaana Yl\u00f6nen<br \/>\nMonikulttuurisen opetuksen ja pienryhm\u00e4isten uskontojen kehitt\u00e4j\u00e4rehtori<br \/>\nmarjaana.ylonen@edu.turku.fi<\/p>\n<div class=\"x_elementToProof\"><\/div>\n","protected":false},"excerpt":{"rendered":"<p>Tanja Kyt\u00f6niemi Oppimisen tuen kehitt\u00e4j\u00e4rehtori tanja.kytoniemi@edu.turku.fi Mervi Viipuri Oppimisen tuen kehitt\u00e4j\u00e4rehtori mervi.viipuri@edu.turku.fi Juha M\u00e4enp\u00e4\u00e4 Talouden ja resurssien kehitt\u00e4j\u00e4rehtori juha.maenpaa@edu.turku.fi Timo Himanen Talouden ja resurssien kehitt\u00e4j\u00e4rehtori timo.himanen@edu.turku.fi Miina Orell Strategian ja opetussuunnitelman kehitt\u00e4j\u00e4rehtori miina.orell@edu.turku.fi P\u00e4ivi M\u00e4nnist\u00f6 Strategian ja opetussuunnitelman kehitt\u00e4j\u00e4rehtori paivi.mannisto@edu.turku.fi<\/p>\n","protected":false},"author":3384,"featured_media":0,"parent":0,"menu_order":0,"comment_status":"closed","ping_status":"closed","template":"","meta":{"footnotes":""},"class_list":["post-2674","page","type-page","status-publish","hentry"],"_links":{"self":[{"href":"https:\/\/blog.edu.turku.fi\/potkuri\/wp-json\/wp\/v2\/pages\/2674","targetHints":{"allow":["GET"]}}],"collection":[{"href":"https:\/\/blog.edu.turku.fi\/potkuri\/wp-json\/wp\/v2\/pages"}],"about":[{"href":"https:\/\/blog.edu.turku.fi\/potkuri\/wp-json\/wp\/v2\/types\/page"}],"author":[{"embeddable":true,"href":"https:\/\/blog.edu.turku.fi\/potkuri\/wp-json\/wp\/v2\/users\/3384"}],"replies":[{"embeddable":true,"href":"https:\/\/blog.edu.turku.fi\/potkuri\/wp-json\/wp\/v2\/comments?post=2674"}],"version-history":[{"count":8,"href":"https:\/\/blog.edu.turku.fi\/potkuri\/wp-json\/wp\/v2\/pages\/2674\/revisions"}],"predecessor-version":[{"id":2921,"href":"https:\/\/blog.edu.turku.fi\/potkuri\/wp-json\/wp\/v2\/pages\/2674\/revisions\/2921"}],"wp:attachment":[{"href":"https:\/\/blog.edu.turku.fi\/potkuri\/wp-json\/wp\/v2\/media?parent=2674"}],"curies":[{"name":"wp","href":"https:\/\/api.w.org\/{rel}","templated":true}]}}