{"id":2597,"date":"2024-04-22T14:52:40","date_gmt":"2024-04-22T11:52:40","guid":{"rendered":"https:\/\/blog.edu.turku.fi\/potkuri\/?page_id=2597"},"modified":"2024-04-22T14:52:40","modified_gmt":"2024-04-22T11:52:40","slug":"valinnaisuus-perusopetuksessa","status":"publish","type":"page","link":"https:\/\/blog.edu.turku.fi\/potkuri\/valinnaisuus-perusopetuksessa\/","title":{"rendered":"Valinnaisuus perusopetuksessa"},"content":{"rendered":"<p>Valinnaisten opintojen yhteisen\u00e4 teht\u00e4v\u00e4n on syvent\u00e4\u00e4 oppimista, laajentaa opintoja ja vahvistaa jatko-opintovalmiuksia. Valinnaiset opinnot tarjoavat oppilaille mahdollisuuden kehitt\u00e4\u00e4 osaamistaan kiinnostuksensa suunnassa.<\/p>\n<p><u>Taide- ja taitoaineiden valinnaiset tunnit<\/u><\/p>\n<p>Taide- ja taitoaineille on kullekin valtioneuvoston asetuksessa m\u00e4\u00e4r\u00e4tty v\u00e4himm\u00e4istuntim\u00e4\u00e4r\u00e4. Sen lis\u00e4ksi on osoitettu vuosiluokille 1-6 kuusi tuntia ja vuosiluokille 7-9 viisi tuntia, joista k\u00e4ytet\u00e4\u00e4n nime\u00e4 taide- ja taitoaineiden valinnaiset. Valinnaisten tuntien k\u00e4yt\u00f6st\u00e4 p\u00e4\u00e4tt\u00e4\u00e4 opetuksen j\u00e4rjest\u00e4j\u00e4. Tunnit voidaan jakaa opetuksen j\u00e4rjest\u00e4j\u00e4n p\u00e4\u00e4tt\u00e4m\u00e4ll\u00e4 tavalla tai ne tai osa niist\u00e4 voidaan osoittaa oppilaille valittaviksi. Valinnaisia tunteja voidaan k\u00e4ytt\u00e4\u00e4 painotetun opetuksen j\u00e4rjest\u00e4miseen.<\/p>\n<p>Taide- ja taitoaineiden valinnaiset tunnit arvioidaan osana yhteisin\u00e4 oppiaineina opetettavien taide- ja taitoaineiden oppim\u00e4\u00e4ri\u00e4 eik\u00e4 niist\u00e4 anneta \u00a0erillist\u00e4 arviota perusopetuksessa k\u00e4ytett\u00e4viss\u00e4 todistuksissa.<\/p>\n<p><u>Paikallinen tarkennus<\/u><\/p>\n<p>Turun kaupungissa koulut p\u00e4\u00e4tt\u00e4v\u00e4t itse taide- ja taitoaineiden valinnaisten tuntien k\u00e4ytt\u00f6tavasta.<\/p>\n<p><em><strong>Koulun opetussuunnitelmassa kuvataan<\/strong><\/em>, miten oppilaille tarjottavat valinnaisten taide- ja taitoaineiden tunnit k\u00e4ytet\u00e4\u00e4n ja mitk\u00e4 ovat n\u00e4iden aineiden vuosiluokkaiset tavoitteet, sis\u00e4ll\u00f6t ja arviointi sek\u00e4 oppimisymp\u00e4rist\u00f6ihin, ty\u00f6tapoihin, tukeen ja ohjaukseen liittyv\u00e4t mahdolliset erityispiirteet.<\/p>\n<p><u>Valinnaiset aineet<\/u><\/p>\n<p>Valinnaisten aineiden teht\u00e4v\u00e4n\u00e4 on syvent\u00e4\u00e4 ja laajentaa oppilaan osaamista h\u00e4nen oman valintansa mukaisesti. Valinnaisena aineena voidaan tarjota perusopetukseen soveltuvia, syvent\u00e4vi\u00e4 ja soveltavia perusopetukselle annettuja tavoitteita tukevia aineita tai useasta aineesta muodostettuja oppiainekokonaisuuksia. Valinnaisten aineiden tulee edist\u00e4\u00e4 perusopetukselle asetettujen tavoitteiden saavuttamista.<\/p>\n<p><em><strong>Koulun opetussuunnitelmassa kuvataan<\/strong><\/em>\u00a0oppilaille vuosittain tarjottavat koulukohtaiset valinnaiset aineet. Suunnitelmassa m\u00e4\u00e4ritell\u00e4\u00e4n valinnaisen aineen nimi ja laajuus sek\u00e4 vuosiluokat, joilla kutakin valinnaista ainetta tarjotaan ja miten vuosiviikkotunnit jaetaan vuosiluokittain. Lis\u00e4ksi kuvataan kunkin valinnaisen aineen tavoitteet, sis\u00e4ll\u00f6t vuosiluokittain ja arviointi sek\u00e4 oppimisymp\u00e4rist\u00f6ihin, ty\u00f6tapoihin, tukeen ja ohjaukseen liittyv\u00e4t mahdolliset erityispiirteet.<\/p>\n<p><em><strong>Koulun lukuvuosisuunnitelmassa\u00a0<\/strong><\/em>kuvataan oppilaille tarjottavat mahdollisesti vuosittain vaihtuvat koulukohtaiset valinnaiset aineet. Suunnitelmassa m\u00e4\u00e4ritell\u00e4\u00e4n valinnaisen aineen nimi ja laajuus sek\u00e4 vuosiluokat, joilla kutakin valinnaista ainetta tarjotaan ja miten vuosiviikkotunnit jaetaan vuosiluokittain. Lis\u00e4ksi kuvataan kunkin valinnaisen aineen tavoitteet ja sis\u00e4ll\u00f6t vuosiluokittain ja arviointi sek\u00e4 oppimisymp\u00e4rist\u00f6ihin, ty\u00f6tapoihin, tukeen ja ohjaukseen liittyv\u00e4t mahdolliset erityispiirteet.<\/p>\n<p><u>Vieraiden kielten ja vapaaehtoiset ja valinnaiset oppim\u00e4\u00e4r\u00e4t<\/u><\/p>\n<p>A2- j aB2- kielin\u00e4 opetettavien vapaaehtoisten ja valinnaisten kielten tavoitteet ja keskeiset sis\u00e4ll\u00f6t on m\u00e4\u00e4ritelty opetussuunnitelman perusteissa. Mahdollisista muista valinnaisista kielist\u00e4 sek\u00e4 niiden tavoitteista ja sis\u00e4ll\u00f6ist\u00e4 p\u00e4\u00e4tet\u00e4\u00e4n paikallisessa opetussuunnitelmassa.<\/p>\n<p><u>Paikallinen tarkennus<\/u><\/p>\n<p>Turun perusopetuksen kieliohjelmassa m\u00e4\u00e4ritell\u00e4\u00e4n kouluissa tarjottavat vieraiden kielten vapaaehtoiset ja valinnaiset oppim\u00e4\u00e4r\u00e4t. Kieliohjelma on kuvattu luvussa 1.4.<\/p>\n<p>Vapaaehtoisten A2-kielten tunnit ovat muun tuntijaon ylitt\u00e4vi\u00e4 tunteja vuosiluokilla 3-7. Vuosiluokilla 8-9 A2-kielet voidaan opettaa joko valinnaisaineen asemesta tai poikkeuksellisesti v\u00e4himm\u00e4istuntijaon ylitt\u00e4vin\u00e4. B2-latina rinnastetaan t\u00e4ss\u00e4 suhteessa A2-kieliin. Poikkeuksen muihin A2-kieliin muodostaa A2-ruotsi, jota opetetaan vuosiluokilla 4-5 v\u00e4himm\u00e4istuntijaon ylitt\u00e4v\u00e4n\u00e4, vuosiluokilla 6-9 ensisijaisesti B1-ruotsin asemesta ja vasta toissijaisesti valinnaisaineena\u00a0tai poikkeuksellisesti tuntijaon ylitt\u00e4v\u00e4n\u00e4 opetuksena (vuosiluokilla 8-9).<\/p>\n","protected":false},"excerpt":{"rendered":"<p>Valinnaisten opintojen yhteisen\u00e4 teht\u00e4v\u00e4n on syvent\u00e4\u00e4 oppimista, laajentaa opintoja ja vahvistaa jatko-opintovalmiuksia. Valinnaiset opinnot tarjoavat oppilaille mahdollisuuden kehitt\u00e4\u00e4 osaamistaan kiinnostuksensa suunnassa. Taide- ja taitoaineiden valinnaiset tunnit Taide- ja taitoaineille on kullekin valtioneuvoston asetuksessa m\u00e4\u00e4r\u00e4tty v\u00e4himm\u00e4istuntim\u00e4\u00e4r\u00e4. Sen lis\u00e4ksi on osoitettu vuosiluokille<\/p>\n","protected":false},"author":3384,"featured_media":0,"parent":0,"menu_order":0,"comment_status":"closed","ping_status":"closed","template":"","meta":{"footnotes":""},"class_list":["post-2597","page","type-page","status-publish","hentry"],"_links":{"self":[{"href":"https:\/\/blog.edu.turku.fi\/potkuri\/wp-json\/wp\/v2\/pages\/2597","targetHints":{"allow":["GET"]}}],"collection":[{"href":"https:\/\/blog.edu.turku.fi\/potkuri\/wp-json\/wp\/v2\/pages"}],"about":[{"href":"https:\/\/blog.edu.turku.fi\/potkuri\/wp-json\/wp\/v2\/types\/page"}],"author":[{"embeddable":true,"href":"https:\/\/blog.edu.turku.fi\/potkuri\/wp-json\/wp\/v2\/users\/3384"}],"replies":[{"embeddable":true,"href":"https:\/\/blog.edu.turku.fi\/potkuri\/wp-json\/wp\/v2\/comments?post=2597"}],"version-history":[{"count":1,"href":"https:\/\/blog.edu.turku.fi\/potkuri\/wp-json\/wp\/v2\/pages\/2597\/revisions"}],"predecessor-version":[{"id":2599,"href":"https:\/\/blog.edu.turku.fi\/potkuri\/wp-json\/wp\/v2\/pages\/2597\/revisions\/2599"}],"wp:attachment":[{"href":"https:\/\/blog.edu.turku.fi\/potkuri\/wp-json\/wp\/v2\/media?parent=2597"}],"curies":[{"name":"wp","href":"https:\/\/api.w.org\/{rel}","templated":true}]}}