{"id":2572,"date":"2024-03-18T12:18:03","date_gmt":"2024-03-18T10:18:03","guid":{"rendered":"https:\/\/blog.edu.turku.fi\/potkuri\/?page_id=2572"},"modified":"2024-11-21T07:54:09","modified_gmt":"2024-11-21T05:54:09","slug":"koulualueet","status":"publish","type":"page","link":"https:\/\/blog.edu.turku.fi\/potkuri\/koulualueet\/","title":{"rendered":"Koulut alueittain"},"content":{"rendered":"<p>Etel\u00e4isen alueen koulut:<\/p>\n<p>Haarla<br \/>\nIlpoinen<br \/>\nLuolavuori<br \/>\nLuostarivuori<br \/>\nPuropelto<br \/>\nSyv\u00e4lahti<br \/>\nV\u00e4h\u00e4-Heikkil\u00e4<br \/>\nW\u00e4in\u00f6 Aaltonen<\/p>\n<p>It\u00e4isen alueen koulut:<\/p>\n<p>Hannunniittu<br \/>\nLauste<br \/>\nNummenpakka<br \/>\nP\u00e4\u00e4skyvuori<br \/>\nVasaram\u00e4ki<br \/>\nVarissuo<\/p>\n<p>Pohjoisen alueen koulut:<\/p>\n<p>Aunela<br \/>\nHepokulta<br \/>\nJ\u00e4k\u00e4rl\u00e4<br \/>\nPaattinen<br \/>\nPansio<br \/>\nPuolala<br \/>\nRaunistula<br \/>\nRieskal\u00e4hde<br \/>\nTer\u00e4srautela<br \/>\nTopelius<br \/>\nTurun Lyseo<br \/>\nYli-Maaria<\/p>\n","protected":false},"excerpt":{"rendered":"<p>Etel\u00e4isen alueen koulut: Haarla Ilpoinen Luolavuori Luostarivuori Puropelto Syv\u00e4lahti V\u00e4h\u00e4-Heikkil\u00e4 W\u00e4in\u00f6 Aaltonen It\u00e4isen alueen koulut: Hannunniittu Lauste Nummenpakka P\u00e4\u00e4skyvuori Vasaram\u00e4ki Varissuo Pohjoisen alueen koulut: Aunela Hepokulta J\u00e4k\u00e4rl\u00e4 Paattinen Pansio Puolala Raunistula Rieskal\u00e4hde Ter\u00e4srautela Topelius Turun Lyseo Yli-Maaria<\/p>\n","protected":false},"author":3384,"featured_media":0,"parent":0,"menu_order":0,"comment_status":"closed","ping_status":"closed","template":"","meta":{"footnotes":""},"class_list":["post-2572","page","type-page","status-publish","hentry"],"_links":{"self":[{"href":"https:\/\/blog.edu.turku.fi\/potkuri\/wp-json\/wp\/v2\/pages\/2572","targetHints":{"allow":["GET"]}}],"collection":[{"href":"https:\/\/blog.edu.turku.fi\/potkuri\/wp-json\/wp\/v2\/pages"}],"about":[{"href":"https:\/\/blog.edu.turku.fi\/potkuri\/wp-json\/wp\/v2\/types\/page"}],"author":[{"embeddable":true,"href":"https:\/\/blog.edu.turku.fi\/potkuri\/wp-json\/wp\/v2\/users\/3384"}],"replies":[{"embeddable":true,"href":"https:\/\/blog.edu.turku.fi\/potkuri\/wp-json\/wp\/v2\/comments?post=2572"}],"version-history":[{"count":6,"href":"https:\/\/blog.edu.turku.fi\/potkuri\/wp-json\/wp\/v2\/pages\/2572\/revisions"}],"predecessor-version":[{"id":2749,"href":"https:\/\/blog.edu.turku.fi\/potkuri\/wp-json\/wp\/v2\/pages\/2572\/revisions\/2749"}],"wp:attachment":[{"href":"https:\/\/blog.edu.turku.fi\/potkuri\/wp-json\/wp\/v2\/media?parent=2572"}],"curies":[{"name":"wp","href":"https:\/\/api.w.org\/{rel}","templated":true}]}}