{"id":2552,"date":"2024-03-11T11:43:46","date_gmt":"2024-03-11T09:43:46","guid":{"rendered":"https:\/\/blog.edu.turku.fi\/potkuri\/?page_id=2552"},"modified":"2024-03-11T11:45:56","modified_gmt":"2024-03-11T09:45:56","slug":"tyotapaturma","status":"publish","type":"page","link":"https:\/\/blog.edu.turku.fi\/potkuri\/tyotapaturma\/","title":{"rendered":"Ty\u00f6tapaturma"},"content":{"rendered":"<p>Ty\u00f6tapaturman, l\u00e4helt\u00e4 piti -tilanteen ja fyysisen rajaamisen ilmoitukset tehd\u00e4\u00e4n Wpron ty\u00f6turvallisuusilmoituksen kautta. Linkki t\u00e4nne l\u00f6ytyy tietokoneen ty\u00f6p\u00f6yd\u00e4lt\u00e4 ja n\u00e4ytt\u00e4\u00e4 t\u00e4lt\u00e4:<\/p>\n<p><img loading=\"lazy\" decoding=\"async\" class=\"alignnone size-medium wp-image-2555\" src=\"https:\/\/blog.edu.turku.fi\/potkuri\/files\/2024\/03\/tyoturvallisuus-108x160.png\" alt=\"\" width=\"108\" height=\"160\" \/><\/p>\n","protected":false},"excerpt":{"rendered":"<p>Ty\u00f6tapaturman, l\u00e4helt\u00e4 piti -tilanteen ja fyysisen rajaamisen ilmoitukset tehd\u00e4\u00e4n Wpron ty\u00f6turvallisuusilmoituksen kautta. Linkki t\u00e4nne l\u00f6ytyy tietokoneen ty\u00f6p\u00f6yd\u00e4lt\u00e4 ja n\u00e4ytt\u00e4\u00e4 t\u00e4lt\u00e4:<\/p>\n","protected":false},"author":3384,"featured_media":0,"parent":0,"menu_order":0,"comment_status":"closed","ping_status":"closed","template":"","meta":{"footnotes":""},"class_list":["post-2552","page","type-page","status-publish","hentry"],"_links":{"self":[{"href":"https:\/\/blog.edu.turku.fi\/potkuri\/wp-json\/wp\/v2\/pages\/2552","targetHints":{"allow":["GET"]}}],"collection":[{"href":"https:\/\/blog.edu.turku.fi\/potkuri\/wp-json\/wp\/v2\/pages"}],"about":[{"href":"https:\/\/blog.edu.turku.fi\/potkuri\/wp-json\/wp\/v2\/types\/page"}],"author":[{"embeddable":true,"href":"https:\/\/blog.edu.turku.fi\/potkuri\/wp-json\/wp\/v2\/users\/3384"}],"replies":[{"embeddable":true,"href":"https:\/\/blog.edu.turku.fi\/potkuri\/wp-json\/wp\/v2\/comments?post=2552"}],"version-history":[{"count":3,"href":"https:\/\/blog.edu.turku.fi\/potkuri\/wp-json\/wp\/v2\/pages\/2552\/revisions"}],"predecessor-version":[{"id":2557,"href":"https:\/\/blog.edu.turku.fi\/potkuri\/wp-json\/wp\/v2\/pages\/2552\/revisions\/2557"}],"wp:attachment":[{"href":"https:\/\/blog.edu.turku.fi\/potkuri\/wp-json\/wp\/v2\/media?parent=2552"}],"curies":[{"name":"wp","href":"https:\/\/api.w.org\/{rel}","templated":true}]}}